{"id":40140,"date":"2016-05-17T09:18:43","date_gmt":"2016-05-17T14:18:43","guid":{"rendered":"https:\/\/www.generalkinematics.com\/product\/cintas-transportadoras-de-distribucion\/"},"modified":"2020-10-26T14:15:51","modified_gmt":"2020-10-26T19:15:51","slug":"cinta-transportadora","status":"publish","type":"product","link":"https:\/\/www.generalkinematics.com\/es\/producto\/cinta-transportadora\/","title":{"rendered":"Cintas transportadoras de distribuci\u00f3n"},"content":{"rendered":"<p>Espec\u00edficamente dise\u00f1adas para esparcir uniformemente el material entre los diferentes puntos de descarga. Esta <strong>cinta transportadora<\/strong> de dise\u00f1o puede alimentar a varias clasificadoras de alimentaci\u00f3n por color para un proceso \u00f3ptimo de recuperaci\u00f3n del vidrio. El dise\u00f1o balanceado junto con la bandeja recubierta con carburo de cromo, esta concebido para resistir la naturaleza abrasiva del vidrio de desecho para reciclaje.<\/p>\n","protected":false},"excerpt":{"rendered":"<p>Espec\u00edficamente dise\u00f1adas para esparcir uniformemente el material entre los diferentes puntos de descarga. Esta cinta transportadora de dise\u00f1o puede alimentar a varias clasificadoras de alimentaci\u00f3n por color para un proceso \u00f3ptimo de recuperaci\u00f3n del vidrio. El dise\u00f1o balanceado junto con la bandeja recubierta con carburo de cromo, esta concebido para resistir la naturaleza abrasiva del [&hellip;]<\/p>\n","protected":false},"featured_media":27632,"comment_status":"closed","ping_status":"closed","template":"","meta":{"_acf_changed":false,"om_disable_all_campaigns":false,"ep_exclude_from_search":false},"product_brand":[],"product_cat":[1655,2146],"product_tag":[],"class_list":{"0":"post-40140","1":"product","2":"type-product","3":"status-publish","4":"has-post-thumbnail","6":"product_cat-soluciones-de-reciclaje","7":"product_cat-fibra-de-vidrio","9":"first","10":"instock","11":"taxable","12":"shipping-taxable","13":"product-type-simple"},"acf":[],"yoast_head":"<!-- This site is optimized with the Yoast SEO plugin v27.5 - https:\/\/yoast.com\/product\/yoast-seo-wordpress\/ -->\n<title>Cintas transportadoras de distribuci\u00f3n | General Kinematics<\/title>\n<meta name=\"robots\" content=\"index, follow, max-snippet:-1, max-image-preview:large, max-video-preview:-1\" \/>\n<link rel=\"canonical\" href=\"https:\/\/www.generalkinematics.com\/es\/producto\/cinta-transportadora\/\" \/>\n<meta property=\"og:locale\" content=\"es_ES\" \/>\n<meta property=\"og:type\" content=\"article\" \/>\n<meta property=\"og:title\" content=\"Cintas transportadoras de distribuci\u00f3n | General Kinematics\" \/>\n<meta property=\"og:description\" content=\"Espec\u00edficamente dise\u00f1adas para esparcir uniformemente el material entre los diferentes puntos de descarga. Esta cinta transportadora de dise\u00f1o puede alimentar a varias clasificadoras de alimentaci\u00f3n por color para un proceso \u00f3ptimo de recuperaci\u00f3n del vidrio. El dise\u00f1o balanceado junto con la bandeja recubierta con carburo de cromo, esta concebido para resistir la naturaleza abrasiva del [&hellip;]\" \/>\n<meta property=\"og:url\" content=\"https:\/\/www.generalkinematics.com\/es\/producto\/cinta-transportadora\/\" \/>\n<meta property=\"og:site_name\" content=\"General Kinematics\" \/>\n<meta property=\"article:publisher\" content=\"https:\/\/www.facebook.com\/generalkinematics\" \/>\n<meta property=\"article:modified_time\" content=\"2020-10-26T19:15:51+00:00\" \/>\n<meta property=\"og:image\" content=\"https:\/\/www.generalkinematics.com\/wp-content\/uploads\/2016\/05\/IMGA0014.jpg\" \/>\n\t<meta property=\"og:image:width\" content=\"3264\" \/>\n\t<meta property=\"og:image:height\" content=\"2448\" \/>\n\t<meta property=\"og:image:type\" content=\"image\/jpeg\" \/>\n<meta name=\"twitter:card\" content=\"summary_large_image\" \/>\n<meta name=\"twitter:site\" content=\"@gkvibrating\" \/>\n<!-- \/ Yoast SEO plugin. -->","yoast_head_json":{"title":"Cintas transportadoras de distribuci\u00f3n | General Kinematics","robots":{"index":"index","follow":"follow","max-snippet":"max-snippet:-1","max-image-preview":"max-image-preview:large","max-video-preview":"max-video-preview:-1"},"canonical":"https:\/\/www.generalkinematics.com\/es\/producto\/cinta-transportadora\/","og_locale":"es_ES","og_type":"article","og_title":"Cintas transportadoras de distribuci\u00f3n | General Kinematics","og_description":"Espec\u00edficamente dise\u00f1adas para esparcir uniformemente el material entre los diferentes puntos de descarga. Esta cinta transportadora de dise\u00f1o puede alimentar a varias clasificadoras de alimentaci\u00f3n por color para un proceso \u00f3ptimo de recuperaci\u00f3n del vidrio. El dise\u00f1o balanceado junto con la bandeja recubierta con carburo de cromo, esta concebido para resistir la naturaleza abrasiva del [&hellip;]","og_url":"https:\/\/www.generalkinematics.com\/es\/producto\/cinta-transportadora\/","og_site_name":"General Kinematics","article_publisher":"https:\/\/www.facebook.com\/generalkinematics","article_modified_time":"2020-10-26T19:15:51+00:00","og_image":[{"width":3264,"height":2448,"url":"https:\/\/www.generalkinematics.com\/wp-content\/uploads\/2016\/05\/IMGA0014.jpg","type":"image\/jpeg"}],"twitter_card":"summary_large_image","twitter_site":"@gkvibrating","schema":{"@context":"https:\/\/schema.org","@graph":[{"@type":"WebPage","@id":"https:\/\/www.generalkinematics.com\/es\/producto\/cinta-transportadora\/","url":"https:\/\/www.generalkinematics.com\/es\/producto\/cinta-transportadora\/","name":"Cintas transportadoras de distribuci\u00f3n | General Kinematics","isPartOf":{"@id":"https:\/\/www.generalkinematics.com\/es\/#website"},"primaryImageOfPage":{"@id":"https:\/\/www.generalkinematics.com\/es\/producto\/cinta-transportadora\/#primaryimage"},"image":{"@id":"https:\/\/www.generalkinematics.com\/es\/producto\/cinta-transportadora\/#primaryimage"},"thumbnailUrl":"https:\/\/media.generalkinematics.com\/wp-content\/uploads\/2016\/05\/IMGA0014.jpg","datePublished":"2016-05-17T14:18:43+00:00","dateModified":"2020-10-26T19:15:51+00:00","breadcrumb":{"@id":"https:\/\/www.generalkinematics.com\/es\/producto\/cinta-transportadora\/#breadcrumb"},"inLanguage":"es","potentialAction":[{"@type":"ReadAction","target":["https:\/\/www.generalkinematics.com\/es\/producto\/cinta-transportadora\/"]}]},{"@type":"ImageObject","inLanguage":"es","@id":"https:\/\/www.generalkinematics.com\/es\/producto\/cinta-transportadora\/#primaryimage","url":"https:\/\/media.generalkinematics.com\/wp-content\/uploads\/2016\/05\/IMGA0014.jpg","contentUrl":"https:\/\/media.generalkinematics.com\/wp-content\/uploads\/2016\/05\/IMGA0014.jpg","width":2500,"height":1875,"caption":"general-kinematics-distribution-conveyor"},{"@type":"BreadcrumbList","@id":"https:\/\/www.generalkinematics.com\/es\/producto\/cinta-transportadora\/#breadcrumb","itemListElement":[{"@type":"ListItem","position":1,"name":"GK Home","item":"https:\/\/www.generalkinematics.com\/es\/"},{"@type":"ListItem","position":2,"name":"Shop","item":"https:\/\/www.generalkinematics.com\/shop\/"},{"@type":"ListItem","position":3,"name":"Cintas transportadoras de distribuci\u00f3n"}]},{"@type":"WebSite","@id":"https:\/\/www.generalkinematics.com\/es\/#website","url":"https:\/\/www.generalkinematics.com\/es\/","name":"General Kinematics","description":"","publisher":{"@id":"https:\/\/www.generalkinematics.com\/es\/#organization"},"potentialAction":[{"@type":"SearchAction","target":{"@type":"EntryPoint","urlTemplate":"https:\/\/www.generalkinematics.com\/es\/?s={search_term_string}"},"query-input":{"@type":"PropertyValueSpecification","valueRequired":true,"valueName":"search_term_string"}}],"inLanguage":"es"},{"@type":"Organization","@id":"https:\/\/www.generalkinematics.com\/es\/#organization","name":"General Kinematics","url":"https:\/\/www.generalkinematics.com\/es\/","logo":{"@type":"ImageObject","inLanguage":"es","@id":"https:\/\/www.generalkinematics.com\/es\/#\/schema\/logo\/image\/","url":"https:\/\/media.generalkinematics.com\/wp-content\/uploads\/2018\/03\/logo.png","contentUrl":"https:\/\/media.generalkinematics.com\/wp-content\/uploads\/2018\/03\/logo.png","width":313,"height":100,"caption":"General Kinematics"},"image":{"@id":"https:\/\/www.generalkinematics.com\/es\/#\/schema\/logo\/image\/"},"sameAs":["https:\/\/www.facebook.com\/generalkinematics","https:\/\/x.com\/gkvibrating"]}]}},"_links":{"self":[{"href":"https:\/\/www.generalkinematics.com\/es\/wp-json\/wp\/v2\/product\/40140","targetHints":{"allow":["GET"]}}],"collection":[{"href":"https:\/\/www.generalkinematics.com\/es\/wp-json\/wp\/v2\/product"}],"about":[{"href":"https:\/\/www.generalkinematics.com\/es\/wp-json\/wp\/v2\/types\/product"}],"replies":[{"embeddable":true,"href":"https:\/\/www.generalkinematics.com\/es\/wp-json\/wp\/v2\/comments?post=40140"}],"wp:featuredmedia":[{"embeddable":true,"href":"https:\/\/www.generalkinematics.com\/es\/wp-json\/wp\/v2\/media\/27632"}],"wp:attachment":[{"href":"https:\/\/www.generalkinematics.com\/es\/wp-json\/wp\/v2\/media?parent=40140"}],"wp:term":[{"taxonomy":"product_brand","embeddable":true,"href":"https:\/\/www.generalkinematics.com\/es\/wp-json\/wp\/v2\/product_brand?post=40140"},{"taxonomy":"product_cat","embeddable":true,"href":"https:\/\/www.generalkinematics.com\/es\/wp-json\/wp\/v2\/product_cat?post=40140"},{"taxonomy":"product_tag","embeddable":true,"href":"https:\/\/www.generalkinematics.com\/es\/wp-json\/wp\/v2\/product_tag?post=40140"}],"curies":[{"name":"wp","href":"https:\/\/api.w.org\/{rel}","templated":true}]}}