{"id":40151,"date":"2016-05-17T13:22:52","date_gmt":"2016-05-17T18:22:52","guid":{"rendered":"https:\/\/www.generalkinematics.com\/product\/criba-de-cubierta-con-varillas-de-gk-para-un-solo-flujo\/"},"modified":"2018-08-30T22:23:38","modified_gmt":"2018-08-31T03:23:38","slug":"gk-para-un-solo-flujo","status":"publish","type":"product","link":"https:\/\/www.generalkinematics.com\/es\/producto\/gk-para-un-solo-flujo\/","title":{"rendered":"Criba de cubierta con varillas de GK para un solo flujo"},"content":{"rendered":"<p>La <strong>criba de cubierta con varillas para un solo flujo<\/strong> de General Kinematics est\u00e1 espec\u00edficamente dise\u00f1ada para separar materiales dif\u00edciles que son propensos a pegarse o crear obstrucciones en las aplicaciones de cribado tradicional. El secreto que est\u00e1 detr\u00e1s de la capacidad de las cubiertas con varillas radica en la flexibilidad y el \u00e1rea superficial mayor de las cubiertas con varillas dentro de la secci\u00f3n de la cubierta, mientras se mantiene la tolerancia de cribado concebida en el dise\u00f1o. Con un \u00e1rea m\u00e1s abierta, menos obstrucciones y menos interrupciones, el dise\u00f1o para trabajo pesado de las cribas de cubierta con varillas de GK, permite procesar materiales abrasivos, pesados, h\u00famedos o de otra forma materiales dif\u00edciles para realizar f\u00e1cilmente el proceso de cribado.<\/p>\n<p>Las capacidades de alto recorrido del equipo de cribado vibratorio de GK, combinadas con la flexibilidad de los dise\u00f1os de los conjuntos de cubiertas con varillas, permiten crear una soluci\u00f3n de cribado vers\u00e1til y de alto desempe\u00f1o para maximizar la clasificaci\u00f3n en la aplicaci\u00f3n de su proceso.<\/p>\n<h2>Caracter\u00edsticas:<\/h2>\n<ul>\n<li>Separa el material que obstruye las superficies de cribado tradicional.<\/li>\n<li>Las cubiertas con varillas de GK permiten cribar con facilidad materiales abrasivos, pesados, h\u00famedos o de otra forma dif\u00edciles.<\/li>\n<li>Mayor \u00e1rea de cribado.<\/li>\n<li>Facilidad de limpieza y mantenimiento.<\/li>\n<\/ul>\n","protected":false},"excerpt":{"rendered":"<p>La criba de cubierta con varillas para un solo flujo de General Kinematics est\u00e1 espec\u00edficamente dise\u00f1ada para separar materiales dif\u00edciles que son propensos a pegarse o crear obstrucciones en las aplicaciones de cribado tradicional. El secreto que est\u00e1 detr\u00e1s de la capacidad de las cubiertas con varillas radica en la flexibilidad y el \u00e1rea superficial [&hellip;]<\/p>\n","protected":false},"featured_media":23800,"comment_status":"closed","ping_status":"closed","template":"","meta":{"_acf_changed":false,"om_disable_all_campaigns":false,"ep_exclude_from_search":false},"product_brand":[],"product_cat":[1657,1654,1655,1656],"product_tag":[],"class_list":{"0":"post-40151","1":"product","2":"type-product","3":"status-publish","4":"has-post-thumbnail","6":"casestudytag-rod-deck-es","7":"product_cat-secuencia-unica-ici","8":"product_cat-cribas-vibratorias","9":"product_cat-soluciones-de-reciclaje","10":"product_cat-tecnologia-de-pantalla-de-reciclaje","12":"first","13":"instock","14":"taxable","15":"shipping-taxable","16":"product-type-simple"},"acf":[],"yoast_head":"<!-- This site is optimized with the Yoast SEO plugin v27.2 - https:\/\/yoast.com\/product\/yoast-seo-wordpress\/ -->\n<title>Criba de cubierta con varillas de GK para un solo flujo | General Kinematics<\/title>\n<meta name=\"robots\" content=\"index, follow, max-snippet:-1, max-image-preview:large, max-video-preview:-1\" \/>\n<link rel=\"canonical\" href=\"https:\/\/www.generalkinematics.com\/es\/producto\/gk-para-un-solo-flujo\/\" \/>\n<meta property=\"og:locale\" content=\"es_ES\" \/>\n<meta property=\"og:type\" content=\"article\" \/>\n<meta property=\"og:title\" content=\"Criba de cubierta con varillas de GK para un solo flujo | General Kinematics\" \/>\n<meta property=\"og:description\" content=\"La criba de cubierta con varillas para un solo flujo de General Kinematics est\u00e1 espec\u00edficamente dise\u00f1ada para separar materiales dif\u00edciles que son propensos a pegarse o crear obstrucciones en las aplicaciones de cribado tradicional. El secreto que est\u00e1 detr\u00e1s de la capacidad de las cubiertas con varillas radica en la flexibilidad y el \u00e1rea superficial [&hellip;]\" \/>\n<meta property=\"og:url\" content=\"https:\/\/www.generalkinematics.com\/es\/producto\/gk-para-un-solo-flujo\/\" \/>\n<meta property=\"og:site_name\" content=\"General Kinematics\" \/>\n<meta property=\"article:publisher\" content=\"https:\/\/www.facebook.com\/generalkinematics\" \/>\n<meta property=\"article:modified_time\" content=\"2018-08-31T03:23:38+00:00\" \/>\n<meta property=\"og:image\" content=\"https:\/\/www.generalkinematics.com\/wp-content\/uploads\/2015\/07\/Marpan.jpg\" \/>\n\t<meta property=\"og:image:width\" content=\"3264\" \/>\n\t<meta property=\"og:image:height\" content=\"2448\" \/>\n\t<meta property=\"og:image:type\" content=\"image\/jpeg\" \/>\n<meta name=\"twitter:card\" content=\"summary_large_image\" \/>\n<meta name=\"twitter:site\" content=\"@gkvibrating\" \/>\n<meta name=\"twitter:label1\" content=\"Tiempo de lectura\" \/>\n\t<meta name=\"twitter:data1\" content=\"1 minuto\" \/>\n<!-- \/ Yoast SEO plugin. -->","yoast_head_json":{"title":"Criba de cubierta con varillas de GK para un solo flujo | General Kinematics","robots":{"index":"index","follow":"follow","max-snippet":"max-snippet:-1","max-image-preview":"max-image-preview:large","max-video-preview":"max-video-preview:-1"},"canonical":"https:\/\/www.generalkinematics.com\/es\/producto\/gk-para-un-solo-flujo\/","og_locale":"es_ES","og_type":"article","og_title":"Criba de cubierta con varillas de GK para un solo flujo | General Kinematics","og_description":"La criba de cubierta con varillas para un solo flujo de General Kinematics est\u00e1 espec\u00edficamente dise\u00f1ada para separar materiales dif\u00edciles que son propensos a pegarse o crear obstrucciones en las aplicaciones de cribado tradicional. El secreto que est\u00e1 detr\u00e1s de la capacidad de las cubiertas con varillas radica en la flexibilidad y el \u00e1rea superficial [&hellip;]","og_url":"https:\/\/www.generalkinematics.com\/es\/producto\/gk-para-un-solo-flujo\/","og_site_name":"General Kinematics","article_publisher":"https:\/\/www.facebook.com\/generalkinematics","article_modified_time":"2018-08-31T03:23:38+00:00","og_image":[{"width":3264,"height":2448,"url":"https:\/\/www.generalkinematics.com\/wp-content\/uploads\/2015\/07\/Marpan.jpg","type":"image\/jpeg"}],"twitter_card":"summary_large_image","twitter_site":"@gkvibrating","twitter_misc":{"Tiempo de lectura":"1 minuto"},"schema":{"@context":"https:\/\/schema.org","@graph":[{"@type":"WebPage","@id":"https:\/\/www.generalkinematics.com\/es\/producto\/gk-para-un-solo-flujo\/","url":"https:\/\/www.generalkinematics.com\/es\/producto\/gk-para-un-solo-flujo\/","name":"Criba de cubierta con varillas de GK para un solo flujo | General Kinematics","isPartOf":{"@id":"https:\/\/www.generalkinematics.com\/es\/#website"},"primaryImageOfPage":{"@id":"https:\/\/www.generalkinematics.com\/es\/producto\/gk-para-un-solo-flujo\/#primaryimage"},"image":{"@id":"https:\/\/www.generalkinematics.com\/es\/producto\/gk-para-un-solo-flujo\/#primaryimage"},"thumbnailUrl":"https:\/\/media.generalkinematics.com\/wp-content\/uploads\/2015\/07\/Marpan.jpg","datePublished":"2016-05-17T18:22:52+00:00","dateModified":"2018-08-31T03:23:38+00:00","breadcrumb":{"@id":"https:\/\/www.generalkinematics.com\/es\/producto\/gk-para-un-solo-flujo\/#breadcrumb"},"inLanguage":"es","potentialAction":[{"@type":"ReadAction","target":["https:\/\/www.generalkinematics.com\/es\/producto\/gk-para-un-solo-flujo\/"]}]},{"@type":"ImageObject","inLanguage":"es","@id":"https:\/\/www.generalkinematics.com\/es\/producto\/gk-para-un-solo-flujo\/#primaryimage","url":"https:\/\/media.generalkinematics.com\/wp-content\/uploads\/2015\/07\/Marpan.jpg","contentUrl":"https:\/\/media.generalkinematics.com\/wp-content\/uploads\/2015\/07\/Marpan.jpg","width":2500,"height":1875,"caption":"general-kinematics-screening-solutions"},{"@type":"BreadcrumbList","@id":"https:\/\/www.generalkinematics.com\/es\/producto\/gk-para-un-solo-flujo\/#breadcrumb","itemListElement":[{"@type":"ListItem","position":1,"name":"GK Home","item":"https:\/\/www.generalkinematics.com\/es\/"},{"@type":"ListItem","position":2,"name":"Shop","item":"https:\/\/www.generalkinematics.com\/shop\/"},{"@type":"ListItem","position":3,"name":"Criba de cubierta con varillas de GK para un solo flujo"}]},{"@type":"WebSite","@id":"https:\/\/www.generalkinematics.com\/es\/#website","url":"https:\/\/www.generalkinematics.com\/es\/","name":"General Kinematics","description":"","publisher":{"@id":"https:\/\/www.generalkinematics.com\/es\/#organization"},"potentialAction":[{"@type":"SearchAction","target":{"@type":"EntryPoint","urlTemplate":"https:\/\/www.generalkinematics.com\/es\/?s={search_term_string}"},"query-input":{"@type":"PropertyValueSpecification","valueRequired":true,"valueName":"search_term_string"}}],"inLanguage":"es"},{"@type":"Organization","@id":"https:\/\/www.generalkinematics.com\/es\/#organization","name":"General Kinematics","url":"https:\/\/www.generalkinematics.com\/es\/","logo":{"@type":"ImageObject","inLanguage":"es","@id":"https:\/\/www.generalkinematics.com\/es\/#\/schema\/logo\/image\/","url":"https:\/\/media.generalkinematics.com\/wp-content\/uploads\/2018\/03\/logo.png","contentUrl":"https:\/\/media.generalkinematics.com\/wp-content\/uploads\/2018\/03\/logo.png","width":313,"height":100,"caption":"General Kinematics"},"image":{"@id":"https:\/\/www.generalkinematics.com\/es\/#\/schema\/logo\/image\/"},"sameAs":["https:\/\/www.facebook.com\/generalkinematics","https:\/\/x.com\/gkvibrating"]}]}},"_links":{"self":[{"href":"https:\/\/www.generalkinematics.com\/es\/wp-json\/wp\/v2\/product\/40151","targetHints":{"allow":["GET"]}}],"collection":[{"href":"https:\/\/www.generalkinematics.com\/es\/wp-json\/wp\/v2\/product"}],"about":[{"href":"https:\/\/www.generalkinematics.com\/es\/wp-json\/wp\/v2\/types\/product"}],"replies":[{"embeddable":true,"href":"https:\/\/www.generalkinematics.com\/es\/wp-json\/wp\/v2\/comments?post=40151"}],"wp:featuredmedia":[{"embeddable":true,"href":"https:\/\/www.generalkinematics.com\/es\/wp-json\/wp\/v2\/media\/23800"}],"wp:attachment":[{"href":"https:\/\/www.generalkinematics.com\/es\/wp-json\/wp\/v2\/media?parent=40151"}],"wp:term":[{"taxonomy":"product_brand","embeddable":true,"href":"https:\/\/www.generalkinematics.com\/es\/wp-json\/wp\/v2\/product_brand?post=40151"},{"taxonomy":"product_cat","embeddable":true,"href":"https:\/\/www.generalkinematics.com\/es\/wp-json\/wp\/v2\/product_cat?post=40151"},{"taxonomy":"product_tag","embeddable":true,"href":"https:\/\/www.generalkinematics.com\/es\/wp-json\/wp\/v2\/product_tag?post=40151"}],"curies":[{"name":"wp","href":"https:\/\/api.w.org\/{rel}","templated":true}]}}