{"id":40157,"date":"2016-05-25T14:47:00","date_gmt":"2016-05-25T19:47:00","guid":{"rendered":"https:\/\/www.generalkinematics.com\/product\/inspecciones-de-mantenimiento-preventivo\/"},"modified":"2018-08-30T23:13:39","modified_gmt":"2018-08-31T04:13:39","slug":"inspecciones-de-mantenimiento-preventivo","status":"publish","type":"product","link":"https:\/\/www.generalkinematics.com\/es\/producto\/inspecciones-de-mantenimiento-preventivo\/","title":{"rendered":"Inspecciones de mantenimiento preventivo"},"content":{"rendered":"<p>\u00bfEst\u00e1 interesado en planificar su pr\u00f3xima inspecci\u00f3n de mantenimiento preventivo? GK ofrece los mejores programas conforme a las necesidades de SU cronograma. Los temas cubiertos por lo general incluyen:<\/p>\n<ul>\n<li>Inspecciones programadas con base en sus cortes de de energ\u00eda o actividades planificadas de apagado<\/li>\n<li>Actividades para minimizar el tiempo fuera de servicio<\/li>\n<li>Inspecci\u00f3n de las instalaciones de todo el equipo vibratorio de GK<\/li>\n<li>Prueba ultras\u00f3nica de espesor de los revestimientos<\/li>\n<li>Emisi\u00f3n de un informe detallado de postinspecci\u00f3n de cada m\u00e1quina<\/li>\n<li>Asistencia para el desarrollo del plan de mantenimiento<\/li>\n<li>Disponibilidad de servicios de inspecci\u00f3n\/observaci\u00f3n durante la producci\u00f3n y cuando el equipo est\u00e1 fuera de l\u00ednea<\/li>\n<\/ul>\n","protected":false},"excerpt":{"rendered":"<p>\u00bfEst\u00e1 interesado en planificar su pr\u00f3xima inspecci\u00f3n de mantenimiento preventivo? GK ofrece los mejores programas conforme a las necesidades de SU cronograma. Los temas cubiertos por lo general incluyen: Inspecciones programadas con base en sus cortes de de energ\u00eda o actividades planificadas de apagado Actividades para minimizar el tiempo fuera de servicio Inspecci\u00f3n de las [&hellip;]<\/p>\n","protected":false},"featured_media":28152,"comment_status":"closed","ping_status":"closed","template":"","meta":{"_acf_changed":false,"om_disable_all_campaigns":false,"ep_exclude_from_search":false},"product_brand":[],"product_cat":[1824],"product_tag":[],"class_list":{"0":"post-40157","1":"product","2":"type-product","3":"status-publish","4":"has-post-thumbnail","6":"casestudytag-field-service-es","7":"product_cat-entrenamiento-vibratorio","9":"first","10":"instock","11":"taxable","12":"shipping-taxable","13":"product-type-simple"},"acf":[],"yoast_head":"<!-- This site is optimized with the Yoast SEO plugin v27.2 - https:\/\/yoast.com\/product\/yoast-seo-wordpress\/ -->\n<title>Inspecciones de mantenimiento preventivo | General Kinematics<\/title>\n<meta name=\"robots\" content=\"index, follow, max-snippet:-1, max-image-preview:large, max-video-preview:-1\" \/>\n<link rel=\"canonical\" href=\"https:\/\/www.generalkinematics.com\/es\/producto\/inspecciones-de-mantenimiento-preventivo\/\" \/>\n<meta property=\"og:locale\" content=\"es_ES\" \/>\n<meta property=\"og:type\" content=\"article\" \/>\n<meta property=\"og:title\" content=\"Inspecciones de mantenimiento preventivo | General Kinematics\" \/>\n<meta property=\"og:description\" content=\"\u00bfEst\u00e1 interesado en planificar su pr\u00f3xima inspecci\u00f3n de mantenimiento preventivo? GK ofrece los mejores programas conforme a las necesidades de SU cronograma. Los temas cubiertos por lo general incluyen: Inspecciones programadas con base en sus cortes de de energ\u00eda o actividades planificadas de apagado Actividades para minimizar el tiempo fuera de servicio Inspecci\u00f3n de las [&hellip;]\" \/>\n<meta property=\"og:url\" content=\"https:\/\/www.generalkinematics.com\/es\/producto\/inspecciones-de-mantenimiento-preventivo\/\" \/>\n<meta property=\"og:site_name\" content=\"General Kinematics\" \/>\n<meta property=\"article:publisher\" content=\"https:\/\/www.facebook.com\/generalkinematics\" \/>\n<meta property=\"article:modified_time\" content=\"2018-08-31T04:13:39+00:00\" \/>\n<meta property=\"og:image\" content=\"https:\/\/media.generalkinematics.com\/wp-content\/uploads\/2016\/05\/Conbraco-VM-64-4-23-2009-rjs-046.jpg\" \/>\n\t<meta property=\"og:image:width\" content=\"2816\" \/>\n\t<meta property=\"og:image:height\" content=\"2112\" \/>\n\t<meta property=\"og:image:type\" content=\"image\/jpeg\" \/>\n<meta name=\"twitter:card\" content=\"summary_large_image\" \/>\n<meta name=\"twitter:site\" content=\"@gkvibrating\" \/>\n<meta name=\"twitter:label1\" content=\"Tiempo de lectura\" \/>\n\t<meta name=\"twitter:data1\" content=\"1 minuto\" \/>\n<!-- \/ Yoast SEO plugin. -->","yoast_head_json":{"title":"Inspecciones de mantenimiento preventivo | General Kinematics","robots":{"index":"index","follow":"follow","max-snippet":"max-snippet:-1","max-image-preview":"max-image-preview:large","max-video-preview":"max-video-preview:-1"},"canonical":"https:\/\/www.generalkinematics.com\/es\/producto\/inspecciones-de-mantenimiento-preventivo\/","og_locale":"es_ES","og_type":"article","og_title":"Inspecciones de mantenimiento preventivo | General Kinematics","og_description":"\u00bfEst\u00e1 interesado en planificar su pr\u00f3xima inspecci\u00f3n de mantenimiento preventivo? GK ofrece los mejores programas conforme a las necesidades de SU cronograma. Los temas cubiertos por lo general incluyen: Inspecciones programadas con base en sus cortes de de energ\u00eda o actividades planificadas de apagado Actividades para minimizar el tiempo fuera de servicio Inspecci\u00f3n de las [&hellip;]","og_url":"https:\/\/www.generalkinematics.com\/es\/producto\/inspecciones-de-mantenimiento-preventivo\/","og_site_name":"General Kinematics","article_publisher":"https:\/\/www.facebook.com\/generalkinematics","article_modified_time":"2018-08-31T04:13:39+00:00","og_image":[{"width":2816,"height":2112,"url":"https:\/\/media.generalkinematics.com\/wp-content\/uploads\/2016\/05\/Conbraco-VM-64-4-23-2009-rjs-046.jpg","type":"image\/jpeg"}],"twitter_card":"summary_large_image","twitter_site":"@gkvibrating","twitter_misc":{"Tiempo de lectura":"1 minuto"},"schema":{"@context":"https:\/\/schema.org","@graph":[{"@type":"WebPage","@id":"https:\/\/www.generalkinematics.com\/es\/producto\/inspecciones-de-mantenimiento-preventivo\/","url":"https:\/\/www.generalkinematics.com\/es\/producto\/inspecciones-de-mantenimiento-preventivo\/","name":"Inspecciones de mantenimiento preventivo | General Kinematics","isPartOf":{"@id":"https:\/\/www.generalkinematics.com\/es\/#website"},"primaryImageOfPage":{"@id":"https:\/\/www.generalkinematics.com\/es\/producto\/inspecciones-de-mantenimiento-preventivo\/#primaryimage"},"image":{"@id":"https:\/\/www.generalkinematics.com\/es\/producto\/inspecciones-de-mantenimiento-preventivo\/#primaryimage"},"thumbnailUrl":"https:\/\/media.generalkinematics.com\/wp-content\/uploads\/2016\/05\/Conbraco-VM-64-4-23-2009-rjs-046.jpg","datePublished":"2016-05-25T19:47:00+00:00","dateModified":"2018-08-31T04:13:39+00:00","breadcrumb":{"@id":"https:\/\/www.generalkinematics.com\/es\/producto\/inspecciones-de-mantenimiento-preventivo\/#breadcrumb"},"inLanguage":"es","potentialAction":[{"@type":"ReadAction","target":["https:\/\/www.generalkinematics.com\/es\/producto\/inspecciones-de-mantenimiento-preventivo\/"]}]},{"@type":"ImageObject","inLanguage":"es","@id":"https:\/\/www.generalkinematics.com\/es\/producto\/inspecciones-de-mantenimiento-preventivo\/#primaryimage","url":"https:\/\/media.generalkinematics.com\/wp-content\/uploads\/2016\/05\/Conbraco-VM-64-4-23-2009-rjs-046.jpg","contentUrl":"https:\/\/media.generalkinematics.com\/wp-content\/uploads\/2016\/05\/Conbraco-VM-64-4-23-2009-rjs-046.jpg","width":2500,"height":1875,"caption":"general-kinematics-maintenance"},{"@type":"BreadcrumbList","@id":"https:\/\/www.generalkinematics.com\/es\/producto\/inspecciones-de-mantenimiento-preventivo\/#breadcrumb","itemListElement":[{"@type":"ListItem","position":1,"name":"GK Home","item":"https:\/\/www.generalkinematics.com\/es\/"},{"@type":"ListItem","position":2,"name":"Shop","item":"https:\/\/www.generalkinematics.com\/shop\/"},{"@type":"ListItem","position":3,"name":"Inspecciones de mantenimiento preventivo"}]},{"@type":"WebSite","@id":"https:\/\/www.generalkinematics.com\/es\/#website","url":"https:\/\/www.generalkinematics.com\/es\/","name":"General Kinematics","description":"","publisher":{"@id":"https:\/\/www.generalkinematics.com\/es\/#organization"},"potentialAction":[{"@type":"SearchAction","target":{"@type":"EntryPoint","urlTemplate":"https:\/\/www.generalkinematics.com\/es\/?s={search_term_string}"},"query-input":{"@type":"PropertyValueSpecification","valueRequired":true,"valueName":"search_term_string"}}],"inLanguage":"es"},{"@type":"Organization","@id":"https:\/\/www.generalkinematics.com\/es\/#organization","name":"General Kinematics","url":"https:\/\/www.generalkinematics.com\/es\/","logo":{"@type":"ImageObject","inLanguage":"es","@id":"https:\/\/www.generalkinematics.com\/es\/#\/schema\/logo\/image\/","url":"https:\/\/media.generalkinematics.com\/wp-content\/uploads\/2018\/03\/logo.png","contentUrl":"https:\/\/media.generalkinematics.com\/wp-content\/uploads\/2018\/03\/logo.png","width":313,"height":100,"caption":"General Kinematics"},"image":{"@id":"https:\/\/www.generalkinematics.com\/es\/#\/schema\/logo\/image\/"},"sameAs":["https:\/\/www.facebook.com\/generalkinematics","https:\/\/x.com\/gkvibrating"]}]}},"_links":{"self":[{"href":"https:\/\/www.generalkinematics.com\/es\/wp-json\/wp\/v2\/product\/40157","targetHints":{"allow":["GET"]}}],"collection":[{"href":"https:\/\/www.generalkinematics.com\/es\/wp-json\/wp\/v2\/product"}],"about":[{"href":"https:\/\/www.generalkinematics.com\/es\/wp-json\/wp\/v2\/types\/product"}],"replies":[{"embeddable":true,"href":"https:\/\/www.generalkinematics.com\/es\/wp-json\/wp\/v2\/comments?post=40157"}],"wp:featuredmedia":[{"embeddable":true,"href":"https:\/\/www.generalkinematics.com\/es\/wp-json\/wp\/v2\/media\/28152"}],"wp:attachment":[{"href":"https:\/\/www.generalkinematics.com\/es\/wp-json\/wp\/v2\/media?parent=40157"}],"wp:term":[{"taxonomy":"product_brand","embeddable":true,"href":"https:\/\/www.generalkinematics.com\/es\/wp-json\/wp\/v2\/product_brand?post=40157"},{"taxonomy":"product_cat","embeddable":true,"href":"https:\/\/www.generalkinematics.com\/es\/wp-json\/wp\/v2\/product_cat?post=40157"},{"taxonomy":"product_tag","embeddable":true,"href":"https:\/\/www.generalkinematics.com\/es\/wp-json\/wp\/v2\/product_tag?post=40157"}],"curies":[{"name":"wp","href":"https:\/\/api.w.org\/{rel}","templated":true}]}}