{"id":40161,"date":"2016-05-25T14:49:57","date_gmt":"2016-05-25T19:49:57","guid":{"rendered":"https:\/\/www.generalkinematics.com\/product\/programas-de-inspeccion-por-contrato\/"},"modified":"2019-02-05T21:38:19","modified_gmt":"2019-02-06T03:38:19","slug":"programas-de-inspeccion-por-contrato","status":"publish","type":"product","link":"https:\/\/www.generalkinematics.com\/es\/producto\/programas-de-inspeccion-por-contrato\/","title":{"rendered":"Programas de inspecci\u00f3n por contrato"},"content":{"rendered":"<p>Permita a GK asistir a su equipo de mantenimiento a trav\u00e9s de un programa de inspecci\u00f3n planificada y personalizada. Las inspecciones por contrato en intervalos regulares ayudan a garantizar que sus m\u00e1quinas se mantengan en estado \u00f3ptimo durante un tiempo m\u00e1ximo de funcionamiento. Las inspecciones incluyen:<\/p>\n<ul>\n<li>Inspecci\u00f3n de las instalaciones de todos los equipos de GK<\/li>\n<li>Inspecciones peri\u00f3dicas programadas<\/li>\n<li>Informes detallados posteriores a la visita en relaci\u00f3n con las conclusiones<\/li>\n<li>Pruebas no destructivas del espesor del revestimiento<\/li>\n<li>Planificaci\u00f3n del mantenimiento<\/li>\n<\/ul>\n<p>P\u00f3ngase en contacto hoy mismo con el Servicio de campo de General Kinematics para ordenar su programa de inspecci\u00f3n personalizado. Como siempre, podemos responder sus dudas sobre nuestros programas de inspecci\u00f3n y capacitaci\u00f3n o de cualquiera de nuestros servicios de soporte de campo. Si nuestros programas de inspecci\u00f3n por contrato no son apropiados para sus necesidades, ofrecemos la prestaci\u00f3n de otros servicios como <a href=\"https:\/\/www.generalkinematics.com\/es\/producto\/seminarios-de-mantenimiento-de-equipos\/\">Seminarios de mantenimiento de equipos<\/a> y\/o <a href=\"https:\/\/www.generalkinematics.com\/es\/producto\/inspecciones-de-mantenimiento-preventivo\/\">Inspecciones de mantenimiento preventivo<\/a>\u00a0por visita.<\/p>\n","protected":false},"excerpt":{"rendered":"<p>Permita a GK asistir a su equipo de mantenimiento a trav\u00e9s de un programa de inspecci\u00f3n planificada y personalizada. Las inspecciones por contrato en intervalos regulares ayudan a garantizar que sus m\u00e1quinas se mantengan en estado \u00f3ptimo durante un tiempo m\u00e1ximo de funcionamiento. Las inspecciones incluyen: Inspecci\u00f3n de las instalaciones de todos los equipos de [&hellip;]<\/p>\n","protected":false},"featured_media":28160,"comment_status":"closed","ping_status":"closed","template":"","meta":{"_acf_changed":false,"om_disable_all_campaigns":false,"ep_exclude_from_search":false},"product_brand":[],"product_cat":[1824],"product_tag":[],"class_list":{"0":"post-40161","1":"product","2":"type-product","3":"status-publish","4":"has-post-thumbnail","6":"product_cat-entrenamiento-vibratorio","8":"first","9":"instock","10":"taxable","11":"shipping-taxable","12":"product-type-simple"},"acf":[],"yoast_head":"<!-- This site is optimized with the Yoast SEO plugin v27.2 - https:\/\/yoast.com\/product\/yoast-seo-wordpress\/ -->\n<title>Programas de inspecci\u00f3n por contrato | General Kinematics<\/title>\n<meta name=\"robots\" content=\"index, follow, max-snippet:-1, max-image-preview:large, max-video-preview:-1\" \/>\n<link rel=\"canonical\" href=\"https:\/\/www.generalkinematics.com\/es\/producto\/programas-de-inspeccion-por-contrato\/\" \/>\n<meta property=\"og:locale\" content=\"es_ES\" \/>\n<meta property=\"og:type\" content=\"article\" \/>\n<meta property=\"og:title\" content=\"Programas de inspecci\u00f3n por contrato | General Kinematics\" \/>\n<meta property=\"og:description\" content=\"Permita a GK asistir a su equipo de mantenimiento a trav\u00e9s de un programa de inspecci\u00f3n planificada y personalizada. Las inspecciones por contrato en intervalos regulares ayudan a garantizar que sus m\u00e1quinas se mantengan en estado \u00f3ptimo durante un tiempo m\u00e1ximo de funcionamiento. Las inspecciones incluyen: Inspecci\u00f3n de las instalaciones de todos los equipos de [&hellip;]\" \/>\n<meta property=\"og:url\" content=\"https:\/\/www.generalkinematics.com\/es\/producto\/programas-de-inspeccion-por-contrato\/\" \/>\n<meta property=\"og:site_name\" content=\"General Kinematics\" \/>\n<meta property=\"article:publisher\" content=\"https:\/\/www.facebook.com\/generalkinematics\" \/>\n<meta property=\"article:modified_time\" content=\"2019-02-06T03:38:19+00:00\" \/>\n<meta property=\"og:image\" content=\"https:\/\/media.generalkinematics.com\/wp-content\/uploads\/2015\/07\/IMG_8023small.jpg\" \/>\n\t<meta property=\"og:image:width\" content=\"1200\" \/>\n\t<meta property=\"og:image:height\" content=\"800\" \/>\n\t<meta property=\"og:image:type\" content=\"image\/jpeg\" \/>\n<meta name=\"twitter:card\" content=\"summary_large_image\" \/>\n<meta name=\"twitter:site\" content=\"@gkvibrating\" \/>\n<meta name=\"twitter:label1\" content=\"Tiempo de lectura\" \/>\n\t<meta name=\"twitter:data1\" content=\"1 minuto\" \/>\n<!-- \/ Yoast SEO plugin. -->","yoast_head_json":{"title":"Programas de inspecci\u00f3n por contrato | General Kinematics","robots":{"index":"index","follow":"follow","max-snippet":"max-snippet:-1","max-image-preview":"max-image-preview:large","max-video-preview":"max-video-preview:-1"},"canonical":"https:\/\/www.generalkinematics.com\/es\/producto\/programas-de-inspeccion-por-contrato\/","og_locale":"es_ES","og_type":"article","og_title":"Programas de inspecci\u00f3n por contrato | General Kinematics","og_description":"Permita a GK asistir a su equipo de mantenimiento a trav\u00e9s de un programa de inspecci\u00f3n planificada y personalizada. Las inspecciones por contrato en intervalos regulares ayudan a garantizar que sus m\u00e1quinas se mantengan en estado \u00f3ptimo durante un tiempo m\u00e1ximo de funcionamiento. Las inspecciones incluyen: Inspecci\u00f3n de las instalaciones de todos los equipos de [&hellip;]","og_url":"https:\/\/www.generalkinematics.com\/es\/producto\/programas-de-inspeccion-por-contrato\/","og_site_name":"General Kinematics","article_publisher":"https:\/\/www.facebook.com\/generalkinematics","article_modified_time":"2019-02-06T03:38:19+00:00","og_image":[{"width":1200,"height":800,"url":"https:\/\/media.generalkinematics.com\/wp-content\/uploads\/2015\/07\/IMG_8023small.jpg","type":"image\/jpeg"}],"twitter_card":"summary_large_image","twitter_site":"@gkvibrating","twitter_misc":{"Tiempo de lectura":"1 minuto"},"schema":{"@context":"https:\/\/schema.org","@graph":[{"@type":"WebPage","@id":"https:\/\/www.generalkinematics.com\/es\/producto\/programas-de-inspeccion-por-contrato\/","url":"https:\/\/www.generalkinematics.com\/es\/producto\/programas-de-inspeccion-por-contrato\/","name":"Programas de inspecci\u00f3n por contrato | General Kinematics","isPartOf":{"@id":"https:\/\/www.generalkinematics.com\/es\/#website"},"primaryImageOfPage":{"@id":"https:\/\/www.generalkinematics.com\/es\/producto\/programas-de-inspeccion-por-contrato\/#primaryimage"},"image":{"@id":"https:\/\/www.generalkinematics.com\/es\/producto\/programas-de-inspeccion-por-contrato\/#primaryimage"},"thumbnailUrl":"https:\/\/media.generalkinematics.com\/wp-content\/uploads\/2015\/07\/IMG_8023small.jpg","datePublished":"2016-05-25T19:49:57+00:00","dateModified":"2019-02-06T03:38:19+00:00","breadcrumb":{"@id":"https:\/\/www.generalkinematics.com\/es\/producto\/programas-de-inspeccion-por-contrato\/#breadcrumb"},"inLanguage":"es","potentialAction":[{"@type":"ReadAction","target":["https:\/\/www.generalkinematics.com\/es\/producto\/programas-de-inspeccion-por-contrato\/"]}]},{"@type":"ImageObject","inLanguage":"es","@id":"https:\/\/www.generalkinematics.com\/es\/producto\/programas-de-inspeccion-por-contrato\/#primaryimage","url":"https:\/\/media.generalkinematics.com\/wp-content\/uploads\/2015\/07\/IMG_8023small.jpg","contentUrl":"https:\/\/media.generalkinematics.com\/wp-content\/uploads\/2015\/07\/IMG_8023small.jpg","width":1200,"height":800,"caption":"general-kinematics-contract-inspection-program"},{"@type":"BreadcrumbList","@id":"https:\/\/www.generalkinematics.com\/es\/producto\/programas-de-inspeccion-por-contrato\/#breadcrumb","itemListElement":[{"@type":"ListItem","position":1,"name":"GK Home","item":"https:\/\/www.generalkinematics.com\/es\/"},{"@type":"ListItem","position":2,"name":"Shop","item":"https:\/\/www.generalkinematics.com\/shop\/"},{"@type":"ListItem","position":3,"name":"Programas de inspecci\u00f3n por contrato"}]},{"@type":"WebSite","@id":"https:\/\/www.generalkinematics.com\/es\/#website","url":"https:\/\/www.generalkinematics.com\/es\/","name":"General Kinematics","description":"","publisher":{"@id":"https:\/\/www.generalkinematics.com\/es\/#organization"},"potentialAction":[{"@type":"SearchAction","target":{"@type":"EntryPoint","urlTemplate":"https:\/\/www.generalkinematics.com\/es\/?s={search_term_string}"},"query-input":{"@type":"PropertyValueSpecification","valueRequired":true,"valueName":"search_term_string"}}],"inLanguage":"es"},{"@type":"Organization","@id":"https:\/\/www.generalkinematics.com\/es\/#organization","name":"General Kinematics","url":"https:\/\/www.generalkinematics.com\/es\/","logo":{"@type":"ImageObject","inLanguage":"es","@id":"https:\/\/www.generalkinematics.com\/es\/#\/schema\/logo\/image\/","url":"https:\/\/media.generalkinematics.com\/wp-content\/uploads\/2018\/03\/logo.png","contentUrl":"https:\/\/media.generalkinematics.com\/wp-content\/uploads\/2018\/03\/logo.png","width":313,"height":100,"caption":"General Kinematics"},"image":{"@id":"https:\/\/www.generalkinematics.com\/es\/#\/schema\/logo\/image\/"},"sameAs":["https:\/\/www.facebook.com\/generalkinematics","https:\/\/x.com\/gkvibrating"]}]}},"_links":{"self":[{"href":"https:\/\/www.generalkinematics.com\/es\/wp-json\/wp\/v2\/product\/40161","targetHints":{"allow":["GET"]}}],"collection":[{"href":"https:\/\/www.generalkinematics.com\/es\/wp-json\/wp\/v2\/product"}],"about":[{"href":"https:\/\/www.generalkinematics.com\/es\/wp-json\/wp\/v2\/types\/product"}],"replies":[{"embeddable":true,"href":"https:\/\/www.generalkinematics.com\/es\/wp-json\/wp\/v2\/comments?post=40161"}],"wp:featuredmedia":[{"embeddable":true,"href":"https:\/\/www.generalkinematics.com\/es\/wp-json\/wp\/v2\/media\/28160"}],"wp:attachment":[{"href":"https:\/\/www.generalkinematics.com\/es\/wp-json\/wp\/v2\/media?parent=40161"}],"wp:term":[{"taxonomy":"product_brand","embeddable":true,"href":"https:\/\/www.generalkinematics.com\/es\/wp-json\/wp\/v2\/product_brand?post=40161"},{"taxonomy":"product_cat","embeddable":true,"href":"https:\/\/www.generalkinematics.com\/es\/wp-json\/wp\/v2\/product_cat?post=40161"},{"taxonomy":"product_tag","embeddable":true,"href":"https:\/\/www.generalkinematics.com\/es\/wp-json\/wp\/v2\/product_tag?post=40161"}],"curies":[{"name":"wp","href":"https:\/\/api.w.org\/{rel}","templated":true}]}}