{"id":40167,"date":"2016-06-01T14:09:59","date_gmt":"2016-06-01T19:09:59","guid":{"rendered":"https:\/\/www.generalkinematics.com\/product\/analisis-vibratorio\/"},"modified":"2018-08-30T23:15:37","modified_gmt":"2018-08-31T04:15:37","slug":"analisis-vibratorio","status":"publish","type":"product","link":"https:\/\/www.generalkinematics.com\/es\/producto\/analisis-vibratorio\/","title":{"rendered":"An\u00e1lisis vibratorio"},"content":{"rendered":"<p>\u00bfSe trasmite un grado excesivo de vibraci\u00f3n al suelo o la estructura circundante? Independientemente del tipo o la marca del equipo vibratorio, los expertos t\u00e9cnicos de GK pueden visitar su instalaci\u00f3n para determinar el origen del problema de vibraci\u00f3n. Los t\u00e9cnicos de GK analizan su equipo vibratorio y el entorno circundante para determinar qu\u00e9 m\u00e1quina es la causa del problema y realizan sugerencias sobre la forma de mitigar sus problemas de vibraci\u00f3n.<\/p>\n","protected":false},"excerpt":{"rendered":"<p>\u00bfSe trasmite un grado excesivo de vibraci\u00f3n al suelo o la estructura circundante? Independientemente del tipo o la marca del equipo vibratorio, los expertos t\u00e9cnicos de GK pueden visitar su instalaci\u00f3n para determinar el origen del problema de vibraci\u00f3n. Los t\u00e9cnicos de GK analizan su equipo vibratorio y el entorno circundante para determinar qu\u00e9 m\u00e1quina [&hellip;]<\/p>\n","protected":false},"featured_media":28140,"comment_status":"closed","ping_status":"closed","template":"","meta":{"_acf_changed":false,"om_disable_all_campaigns":false,"ep_exclude_from_search":false},"product_brand":[],"product_cat":[1824,1822],"product_tag":[],"class_list":{"0":"post-40167","1":"product","2":"type-product","3":"status-publish","4":"has-post-thumbnail","6":"product_cat-entrenamiento-vibratorio","7":"product_cat-servicio-de-campo-principal-de-gk","9":"first","10":"instock","11":"taxable","12":"shipping-taxable","13":"product-type-simple"},"acf":[],"yoast_head":"<!-- This site is optimized with the Yoast SEO plugin v27.2 - https:\/\/yoast.com\/product\/yoast-seo-wordpress\/ -->\n<title>An\u00e1lisis vibratorio | General Kinematics<\/title>\n<meta name=\"robots\" content=\"index, follow, max-snippet:-1, max-image-preview:large, max-video-preview:-1\" \/>\n<link rel=\"canonical\" href=\"https:\/\/www.generalkinematics.com\/es\/producto\/analisis-vibratorio\/\" \/>\n<meta property=\"og:locale\" content=\"es_ES\" \/>\n<meta property=\"og:type\" content=\"article\" \/>\n<meta property=\"og:title\" content=\"An\u00e1lisis vibratorio | General Kinematics\" \/>\n<meta property=\"og:description\" content=\"\u00bfSe trasmite un grado excesivo de vibraci\u00f3n al suelo o la estructura circundante? Independientemente del tipo o la marca del equipo vibratorio, los expertos t\u00e9cnicos de GK pueden visitar su instalaci\u00f3n para determinar el origen del problema de vibraci\u00f3n. Los t\u00e9cnicos de GK analizan su equipo vibratorio y el entorno circundante para determinar qu\u00e9 m\u00e1quina [&hellip;]\" \/>\n<meta property=\"og:url\" content=\"https:\/\/www.generalkinematics.com\/es\/producto\/analisis-vibratorio\/\" \/>\n<meta property=\"og:site_name\" content=\"General Kinematics\" \/>\n<meta property=\"article:publisher\" content=\"https:\/\/www.facebook.com\/generalkinematics\" \/>\n<meta property=\"article:modified_time\" content=\"2018-08-31T04:15:37+00:00\" \/>\n<meta property=\"og:image\" content=\"https:\/\/media.generalkinematics.com\/wp-content\/uploads\/2015\/07\/IMG_8040small.jpg\" \/>\n\t<meta property=\"og:image:width\" content=\"1200\" \/>\n\t<meta property=\"og:image:height\" content=\"800\" \/>\n\t<meta property=\"og:image:type\" content=\"image\/jpeg\" \/>\n<meta name=\"twitter:card\" content=\"summary_large_image\" \/>\n<meta name=\"twitter:site\" content=\"@gkvibrating\" \/>\n<!-- \/ Yoast SEO plugin. -->","yoast_head_json":{"title":"An\u00e1lisis vibratorio | General Kinematics","robots":{"index":"index","follow":"follow","max-snippet":"max-snippet:-1","max-image-preview":"max-image-preview:large","max-video-preview":"max-video-preview:-1"},"canonical":"https:\/\/www.generalkinematics.com\/es\/producto\/analisis-vibratorio\/","og_locale":"es_ES","og_type":"article","og_title":"An\u00e1lisis vibratorio | General Kinematics","og_description":"\u00bfSe trasmite un grado excesivo de vibraci\u00f3n al suelo o la estructura circundante? Independientemente del tipo o la marca del equipo vibratorio, los expertos t\u00e9cnicos de GK pueden visitar su instalaci\u00f3n para determinar el origen del problema de vibraci\u00f3n. Los t\u00e9cnicos de GK analizan su equipo vibratorio y el entorno circundante para determinar qu\u00e9 m\u00e1quina [&hellip;]","og_url":"https:\/\/www.generalkinematics.com\/es\/producto\/analisis-vibratorio\/","og_site_name":"General Kinematics","article_publisher":"https:\/\/www.facebook.com\/generalkinematics","article_modified_time":"2018-08-31T04:15:37+00:00","og_image":[{"width":1200,"height":800,"url":"https:\/\/media.generalkinematics.com\/wp-content\/uploads\/2015\/07\/IMG_8040small.jpg","type":"image\/jpeg"}],"twitter_card":"summary_large_image","twitter_site":"@gkvibrating","schema":{"@context":"https:\/\/schema.org","@graph":[{"@type":"WebPage","@id":"https:\/\/www.generalkinematics.com\/es\/producto\/analisis-vibratorio\/","url":"https:\/\/www.generalkinematics.com\/es\/producto\/analisis-vibratorio\/","name":"An\u00e1lisis vibratorio | General Kinematics","isPartOf":{"@id":"https:\/\/www.generalkinematics.com\/es\/#website"},"primaryImageOfPage":{"@id":"https:\/\/www.generalkinematics.com\/es\/producto\/analisis-vibratorio\/#primaryimage"},"image":{"@id":"https:\/\/www.generalkinematics.com\/es\/producto\/analisis-vibratorio\/#primaryimage"},"thumbnailUrl":"https:\/\/media.generalkinematics.com\/wp-content\/uploads\/2015\/07\/IMG_8040small.jpg","datePublished":"2016-06-01T19:09:59+00:00","dateModified":"2018-08-31T04:15:37+00:00","breadcrumb":{"@id":"https:\/\/www.generalkinematics.com\/es\/producto\/analisis-vibratorio\/#breadcrumb"},"inLanguage":"es","potentialAction":[{"@type":"ReadAction","target":["https:\/\/www.generalkinematics.com\/es\/producto\/analisis-vibratorio\/"]}]},{"@type":"ImageObject","inLanguage":"es","@id":"https:\/\/www.generalkinematics.com\/es\/producto\/analisis-vibratorio\/#primaryimage","url":"https:\/\/media.generalkinematics.com\/wp-content\/uploads\/2015\/07\/IMG_8040small.jpg","contentUrl":"https:\/\/media.generalkinematics.com\/wp-content\/uploads\/2015\/07\/IMG_8040small.jpg","width":1200,"height":800,"caption":"spring-inspections"},{"@type":"BreadcrumbList","@id":"https:\/\/www.generalkinematics.com\/es\/producto\/analisis-vibratorio\/#breadcrumb","itemListElement":[{"@type":"ListItem","position":1,"name":"GK Home","item":"https:\/\/www.generalkinematics.com\/es\/"},{"@type":"ListItem","position":2,"name":"Shop","item":"https:\/\/www.generalkinematics.com\/shop\/"},{"@type":"ListItem","position":3,"name":"An\u00e1lisis vibratorio"}]},{"@type":"WebSite","@id":"https:\/\/www.generalkinematics.com\/es\/#website","url":"https:\/\/www.generalkinematics.com\/es\/","name":"General Kinematics","description":"","publisher":{"@id":"https:\/\/www.generalkinematics.com\/es\/#organization"},"potentialAction":[{"@type":"SearchAction","target":{"@type":"EntryPoint","urlTemplate":"https:\/\/www.generalkinematics.com\/es\/?s={search_term_string}"},"query-input":{"@type":"PropertyValueSpecification","valueRequired":true,"valueName":"search_term_string"}}],"inLanguage":"es"},{"@type":"Organization","@id":"https:\/\/www.generalkinematics.com\/es\/#organization","name":"General Kinematics","url":"https:\/\/www.generalkinematics.com\/es\/","logo":{"@type":"ImageObject","inLanguage":"es","@id":"https:\/\/www.generalkinematics.com\/es\/#\/schema\/logo\/image\/","url":"https:\/\/media.generalkinematics.com\/wp-content\/uploads\/2018\/03\/logo.png","contentUrl":"https:\/\/media.generalkinematics.com\/wp-content\/uploads\/2018\/03\/logo.png","width":313,"height":100,"caption":"General Kinematics"},"image":{"@id":"https:\/\/www.generalkinematics.com\/es\/#\/schema\/logo\/image\/"},"sameAs":["https:\/\/www.facebook.com\/generalkinematics","https:\/\/x.com\/gkvibrating"]}]}},"_links":{"self":[{"href":"https:\/\/www.generalkinematics.com\/es\/wp-json\/wp\/v2\/product\/40167","targetHints":{"allow":["GET"]}}],"collection":[{"href":"https:\/\/www.generalkinematics.com\/es\/wp-json\/wp\/v2\/product"}],"about":[{"href":"https:\/\/www.generalkinematics.com\/es\/wp-json\/wp\/v2\/types\/product"}],"replies":[{"embeddable":true,"href":"https:\/\/www.generalkinematics.com\/es\/wp-json\/wp\/v2\/comments?post=40167"}],"wp:featuredmedia":[{"embeddable":true,"href":"https:\/\/www.generalkinematics.com\/es\/wp-json\/wp\/v2\/media\/28140"}],"wp:attachment":[{"href":"https:\/\/www.generalkinematics.com\/es\/wp-json\/wp\/v2\/media?parent=40167"}],"wp:term":[{"taxonomy":"product_brand","embeddable":true,"href":"https:\/\/www.generalkinematics.com\/es\/wp-json\/wp\/v2\/product_brand?post=40167"},{"taxonomy":"product_cat","embeddable":true,"href":"https:\/\/www.generalkinematics.com\/es\/wp-json\/wp\/v2\/product_cat?post=40167"},{"taxonomy":"product_tag","embeddable":true,"href":"https:\/\/www.generalkinematics.com\/es\/wp-json\/wp\/v2\/product_tag?post=40167"}],"curies":[{"name":"wp","href":"https:\/\/api.w.org\/{rel}","templated":true}]}}