{"id":41054,"date":"2016-06-01T14:11:03","date_gmt":"2016-06-01T19:11:03","guid":{"rendered":"https:\/\/www.generalkinematics.com\/product\/reparacion-e-inspeccion-de-equipos-vibratorios-no-gk\/"},"modified":"2018-08-30T23:15:53","modified_gmt":"2018-08-31T04:15:53","slug":"reparacion-e-inspeccion-de-equipos-vibratorios-no-gk","status":"publish","type":"product","link":"https:\/\/www.generalkinematics.com\/es\/producto\/reparacion-e-inspeccion-de-equipos-vibratorios-no-gk\/","title":{"rendered":"Reparaci\u00f3n e inspecci\u00f3n de equipos vibratorios no GK"},"content":{"rendered":"<p>\u00bfDecidi\u00f3 comprar una m\u00e1quina vibratoria no GK y ahora no funciona como se esperaba? Si tiene un equipo vibratorio no GK que no puede hacer funcionar correctamente (o los proveedores originales tampoco pueden hacerlo funcionar), solicite una visita de los expertos de GK para que le ayuden a volver a poner en funcionamiento su equipo. Los t\u00e9cnicos de General Kinematics poseen un amplio conocimiento en el dise\u00f1o, funcionamiento y reparaci\u00f3n de equipos vibratorios, e incluso han hecho funcionar equipos vibratorios con dise\u00f1os muy deficientes.<\/p>\n","protected":false},"excerpt":{"rendered":"<p>\u00bfDecidi\u00f3 comprar una m\u00e1quina vibratoria no GK y ahora no funciona como se esperaba? Si tiene un equipo vibratorio no GK que no puede hacer funcionar correctamente (o los proveedores originales tampoco pueden hacerlo funcionar), solicite una visita de los expertos de GK para que le ayuden a volver a poner en funcionamiento su equipo. [&hellip;]<\/p>\n","protected":false},"featured_media":28156,"comment_status":"closed","ping_status":"closed","template":"","meta":{"_acf_changed":false,"om_disable_all_campaigns":false,"ep_exclude_from_search":false},"product_brand":[],"product_cat":[1824,1822],"product_tag":[],"class_list":{"0":"post-41054","1":"product","2":"type-product","3":"status-publish","4":"has-post-thumbnail","6":"product_cat-entrenamiento-vibratorio","7":"product_cat-servicio-de-campo-principal-de-gk","9":"first","10":"instock","11":"taxable","12":"shipping-taxable","13":"product-type-simple"},"acf":[],"yoast_head":"<!-- This site is optimized with the Yoast SEO plugin v27.2 - https:\/\/yoast.com\/product\/yoast-seo-wordpress\/ -->\n<title>Reparaci\u00f3n e inspecci\u00f3n de equipos vibratorios no GK | General Kinematics<\/title>\n<meta name=\"robots\" content=\"index, follow, max-snippet:-1, max-image-preview:large, max-video-preview:-1\" \/>\n<link rel=\"canonical\" href=\"https:\/\/www.generalkinematics.com\/es\/producto\/reparacion-e-inspeccion-de-equipos-vibratorios-no-gk\/\" \/>\n<meta property=\"og:locale\" content=\"es_ES\" \/>\n<meta property=\"og:type\" content=\"article\" \/>\n<meta property=\"og:title\" content=\"Reparaci\u00f3n e inspecci\u00f3n de equipos vibratorios no GK | General Kinematics\" \/>\n<meta property=\"og:description\" content=\"\u00bfDecidi\u00f3 comprar una m\u00e1quina vibratoria no GK y ahora no funciona como se esperaba? Si tiene un equipo vibratorio no GK que no puede hacer funcionar correctamente (o los proveedores originales tampoco pueden hacerlo funcionar), solicite una visita de los expertos de GK para que le ayuden a volver a poner en funcionamiento su equipo. [&hellip;]\" \/>\n<meta property=\"og:url\" content=\"https:\/\/www.generalkinematics.com\/es\/producto\/reparacion-e-inspeccion-de-equipos-vibratorios-no-gk\/\" \/>\n<meta property=\"og:site_name\" content=\"General Kinematics\" \/>\n<meta property=\"article:publisher\" content=\"https:\/\/www.facebook.com\/generalkinematics\" \/>\n<meta property=\"article:modified_time\" content=\"2018-08-31T04:15:53+00:00\" \/>\n<meta property=\"og:image\" content=\"https:\/\/media.generalkinematics.com\/wp-content\/uploads\/2015\/07\/2016-02-04-09.02.16.jpg\" \/>\n\t<meta property=\"og:image:width\" content=\"2448\" \/>\n\t<meta property=\"og:image:height\" content=\"3264\" \/>\n\t<meta property=\"og:image:type\" content=\"image\/jpeg\" \/>\n<meta name=\"twitter:card\" content=\"summary_large_image\" \/>\n<meta name=\"twitter:site\" content=\"@gkvibrating\" \/>\n<!-- \/ Yoast SEO plugin. -->","yoast_head_json":{"title":"Reparaci\u00f3n e inspecci\u00f3n de equipos vibratorios no GK | General Kinematics","robots":{"index":"index","follow":"follow","max-snippet":"max-snippet:-1","max-image-preview":"max-image-preview:large","max-video-preview":"max-video-preview:-1"},"canonical":"https:\/\/www.generalkinematics.com\/es\/producto\/reparacion-e-inspeccion-de-equipos-vibratorios-no-gk\/","og_locale":"es_ES","og_type":"article","og_title":"Reparaci\u00f3n e inspecci\u00f3n de equipos vibratorios no GK | General Kinematics","og_description":"\u00bfDecidi\u00f3 comprar una m\u00e1quina vibratoria no GK y ahora no funciona como se esperaba? Si tiene un equipo vibratorio no GK que no puede hacer funcionar correctamente (o los proveedores originales tampoco pueden hacerlo funcionar), solicite una visita de los expertos de GK para que le ayuden a volver a poner en funcionamiento su equipo. [&hellip;]","og_url":"https:\/\/www.generalkinematics.com\/es\/producto\/reparacion-e-inspeccion-de-equipos-vibratorios-no-gk\/","og_site_name":"General Kinematics","article_publisher":"https:\/\/www.facebook.com\/generalkinematics","article_modified_time":"2018-08-31T04:15:53+00:00","og_image":[{"width":2448,"height":3264,"url":"https:\/\/media.generalkinematics.com\/wp-content\/uploads\/2015\/07\/2016-02-04-09.02.16.jpg","type":"image\/jpeg"}],"twitter_card":"summary_large_image","twitter_site":"@gkvibrating","schema":{"@context":"https:\/\/schema.org","@graph":[{"@type":"WebPage","@id":"https:\/\/www.generalkinematics.com\/es\/producto\/reparacion-e-inspeccion-de-equipos-vibratorios-no-gk\/","url":"https:\/\/www.generalkinematics.com\/es\/producto\/reparacion-e-inspeccion-de-equipos-vibratorios-no-gk\/","name":"Reparaci\u00f3n e inspecci\u00f3n de equipos vibratorios no GK | General Kinematics","isPartOf":{"@id":"https:\/\/www.generalkinematics.com\/es\/#website"},"primaryImageOfPage":{"@id":"https:\/\/www.generalkinematics.com\/es\/producto\/reparacion-e-inspeccion-de-equipos-vibratorios-no-gk\/#primaryimage"},"image":{"@id":"https:\/\/www.generalkinematics.com\/es\/producto\/reparacion-e-inspeccion-de-equipos-vibratorios-no-gk\/#primaryimage"},"thumbnailUrl":"https:\/\/media.generalkinematics.com\/wp-content\/uploads\/2015\/07\/2016-02-04-09.02.16.jpg","datePublished":"2016-06-01T19:11:03+00:00","dateModified":"2018-08-31T04:15:53+00:00","breadcrumb":{"@id":"https:\/\/www.generalkinematics.com\/es\/producto\/reparacion-e-inspeccion-de-equipos-vibratorios-no-gk\/#breadcrumb"},"inLanguage":"es","potentialAction":[{"@type":"ReadAction","target":["https:\/\/www.generalkinematics.com\/es\/producto\/reparacion-e-inspeccion-de-equipos-vibratorios-no-gk\/"]}]},{"@type":"ImageObject","inLanguage":"es","@id":"https:\/\/www.generalkinematics.com\/es\/producto\/reparacion-e-inspeccion-de-equipos-vibratorios-no-gk\/#primaryimage","url":"https:\/\/media.generalkinematics.com\/wp-content\/uploads\/2015\/07\/2016-02-04-09.02.16.jpg","contentUrl":"https:\/\/media.generalkinematics.com\/wp-content\/uploads\/2015\/07\/2016-02-04-09.02.16.jpg","width":2448,"height":3264,"caption":"general-kinematics-on-site-inspection"},{"@type":"BreadcrumbList","@id":"https:\/\/www.generalkinematics.com\/es\/producto\/reparacion-e-inspeccion-de-equipos-vibratorios-no-gk\/#breadcrumb","itemListElement":[{"@type":"ListItem","position":1,"name":"GK Home","item":"https:\/\/www.generalkinematics.com\/es\/"},{"@type":"ListItem","position":2,"name":"Shop","item":"https:\/\/www.generalkinematics.com\/shop\/"},{"@type":"ListItem","position":3,"name":"Reparaci\u00f3n e inspecci\u00f3n de equipos vibratorios no GK"}]},{"@type":"WebSite","@id":"https:\/\/www.generalkinematics.com\/es\/#website","url":"https:\/\/www.generalkinematics.com\/es\/","name":"General Kinematics","description":"","publisher":{"@id":"https:\/\/www.generalkinematics.com\/es\/#organization"},"potentialAction":[{"@type":"SearchAction","target":{"@type":"EntryPoint","urlTemplate":"https:\/\/www.generalkinematics.com\/es\/?s={search_term_string}"},"query-input":{"@type":"PropertyValueSpecification","valueRequired":true,"valueName":"search_term_string"}}],"inLanguage":"es"},{"@type":"Organization","@id":"https:\/\/www.generalkinematics.com\/es\/#organization","name":"General Kinematics","url":"https:\/\/www.generalkinematics.com\/es\/","logo":{"@type":"ImageObject","inLanguage":"es","@id":"https:\/\/www.generalkinematics.com\/es\/#\/schema\/logo\/image\/","url":"https:\/\/media.generalkinematics.com\/wp-content\/uploads\/2018\/03\/logo.png","contentUrl":"https:\/\/media.generalkinematics.com\/wp-content\/uploads\/2018\/03\/logo.png","width":313,"height":100,"caption":"General Kinematics"},"image":{"@id":"https:\/\/www.generalkinematics.com\/es\/#\/schema\/logo\/image\/"},"sameAs":["https:\/\/www.facebook.com\/generalkinematics","https:\/\/x.com\/gkvibrating"]}]}},"_links":{"self":[{"href":"https:\/\/www.generalkinematics.com\/es\/wp-json\/wp\/v2\/product\/41054","targetHints":{"allow":["GET"]}}],"collection":[{"href":"https:\/\/www.generalkinematics.com\/es\/wp-json\/wp\/v2\/product"}],"about":[{"href":"https:\/\/www.generalkinematics.com\/es\/wp-json\/wp\/v2\/types\/product"}],"replies":[{"embeddable":true,"href":"https:\/\/www.generalkinematics.com\/es\/wp-json\/wp\/v2\/comments?post=41054"}],"wp:featuredmedia":[{"embeddable":true,"href":"https:\/\/www.generalkinematics.com\/es\/wp-json\/wp\/v2\/media\/28156"}],"wp:attachment":[{"href":"https:\/\/www.generalkinematics.com\/es\/wp-json\/wp\/v2\/media?parent=41054"}],"wp:term":[{"taxonomy":"product_brand","embeddable":true,"href":"https:\/\/www.generalkinematics.com\/es\/wp-json\/wp\/v2\/product_brand?post=41054"},{"taxonomy":"product_cat","embeddable":true,"href":"https:\/\/www.generalkinematics.com\/es\/wp-json\/wp\/v2\/product_cat?post=41054"},{"taxonomy":"product_tag","embeddable":true,"href":"https:\/\/www.generalkinematics.com\/es\/wp-json\/wp\/v2\/product_tag?post=41054"}],"curies":[{"name":"wp","href":"https:\/\/api.w.org\/{rel}","templated":true}]}}