{"id":41072,"date":"2016-09-09T13:53:49","date_gmt":"2016-09-09T18:53:49","guid":{"rendered":"https:\/\/www.generalkinematics.com\/product\/cintas-transportadoras-de-vidrio-molido-para-reciclaje\/"},"modified":"2020-07-21T13:10:06","modified_gmt":"2020-07-21T18:10:06","slug":"cintas-transportadoras-de-vidrio-molido-para-reciclaje","status":"publish","type":"product","link":"https:\/\/www.generalkinematics.com\/es\/producto\/cintas-transportadoras-de-vidrio-molido-para-reciclaje\/","title":{"rendered":"Cintas transportadoras de vidrio molido para reciclaje"},"content":{"rendered":"<p>Espec\u00edficamente dise\u00f1adas para trasladar y recolectar vidrio y vidrio molido para reciclaje en toda su instalaci\u00f3n. Las <strong>c<\/strong><strong>intas transportadoras de vidrio molido para reciclaje<\/strong>\u00a0de GK pueden instalarse bajo el suelo con una unidad estilo trinchera o en un lugar elevado con un dise\u00f1o balanceado. Muchos clientes prefieren a las unidades estilo trinchera por su facilidad y conveniencia para realizar el trabajo de mantenimiento &#8211; al caerse el vidrio o romperse los objetos, el vidrio en la cinta transportadora puede barrerse f\u00e1cilmente. Adem\u00e1s, estas cintas transportadoras proporcionan a su instalaci\u00f3n m\u00e1s espacio en el suelo para realizar otras operaciones de procesamiento.<\/p>\n<p>Los conjuntos de revestimiento opcionales incluyen carburo de cromo o resistentes a la abrasi\u00f3n (AR, por sus siglas en ingl\u00e9s), que est\u00e1n dise\u00f1ados para resistir la naturaleza abrasiva del vidrio molido para reciclaje. Otras opciones incluyen enfriamiento de escoria con agua, eliminaci\u00f3n de part\u00edculas finas, cubiertas, etc., para mejorar la calidad de sus materiales.<\/p>\n","protected":false},"excerpt":{"rendered":"<p>Espec\u00edficamente dise\u00f1adas para trasladar y recolectar vidrio y vidrio molido para reciclaje en toda su instalaci\u00f3n. Las cintas transportadoras de vidrio molido para reciclaje\u00a0de GK pueden instalarse bajo el suelo con una unidad estilo trinchera o en un lugar elevado con un dise\u00f1o balanceado. Muchos clientes prefieren a las unidades estilo trinchera por su facilidad [&hellip;]<\/p>\n","protected":false},"featured_media":28640,"comment_status":"closed","ping_status":"closed","template":"","meta":{"_acf_changed":false,"om_disable_all_campaigns":false,"ep_exclude_from_search":false},"product_brand":[],"product_cat":[2146],"product_tag":[],"class_list":{"0":"post-41072","1":"product","2":"type-product","3":"status-publish","4":"has-post-thumbnail","6":"product_cat-fibra-de-vidrio","8":"first","9":"instock","10":"taxable","11":"shipping-taxable","12":"product-type-simple"},"acf":[],"yoast_head":"<!-- This site is optimized with the Yoast SEO plugin v27.5 - https:\/\/yoast.com\/product\/yoast-seo-wordpress\/ -->\n<title>Cintas transportadoras de vidrio molido para reciclaje | General Kinematics<\/title>\n<meta name=\"robots\" content=\"index, follow, max-snippet:-1, max-image-preview:large, max-video-preview:-1\" \/>\n<link rel=\"canonical\" href=\"https:\/\/www.generalkinematics.com\/es\/producto\/cintas-transportadoras-de-vidrio-molido-para-reciclaje\/\" \/>\n<meta property=\"og:locale\" content=\"es_ES\" \/>\n<meta property=\"og:type\" content=\"article\" \/>\n<meta property=\"og:title\" content=\"Cintas transportadoras de vidrio molido para reciclaje | General Kinematics\" \/>\n<meta property=\"og:description\" content=\"Espec\u00edficamente dise\u00f1adas para trasladar y recolectar vidrio y vidrio molido para reciclaje en toda su instalaci\u00f3n. Las cintas transportadoras de vidrio molido para reciclaje\u00a0de GK pueden instalarse bajo el suelo con una unidad estilo trinchera o en un lugar elevado con un dise\u00f1o balanceado. Muchos clientes prefieren a las unidades estilo trinchera por su facilidad [&hellip;]\" \/>\n<meta property=\"og:url\" content=\"https:\/\/www.generalkinematics.com\/es\/producto\/cintas-transportadoras-de-vidrio-molido-para-reciclaje\/\" \/>\n<meta property=\"og:site_name\" content=\"General Kinematics\" \/>\n<meta property=\"article:publisher\" content=\"https:\/\/www.facebook.com\/generalkinematics\" \/>\n<meta property=\"article:modified_time\" content=\"2020-07-21T18:10:06+00:00\" \/>\n<meta property=\"og:image\" content=\"https:\/\/www.generalkinematics.com\/wp-content\/uploads\/2016\/09\/C09769-01-166.jpg\" \/>\n\t<meta property=\"og:image:width\" content=\"2048\" \/>\n\t<meta property=\"og:image:height\" content=\"1536\" \/>\n\t<meta property=\"og:image:type\" content=\"image\/jpeg\" \/>\n<meta name=\"twitter:card\" content=\"summary_large_image\" \/>\n<meta name=\"twitter:site\" content=\"@gkvibrating\" \/>\n<meta name=\"twitter:label1\" content=\"Tiempo de lectura\" \/>\n\t<meta name=\"twitter:data1\" content=\"1 minuto\" \/>\n<!-- \/ Yoast SEO plugin. -->","yoast_head_json":{"title":"Cintas transportadoras de vidrio molido para reciclaje | General Kinematics","robots":{"index":"index","follow":"follow","max-snippet":"max-snippet:-1","max-image-preview":"max-image-preview:large","max-video-preview":"max-video-preview:-1"},"canonical":"https:\/\/www.generalkinematics.com\/es\/producto\/cintas-transportadoras-de-vidrio-molido-para-reciclaje\/","og_locale":"es_ES","og_type":"article","og_title":"Cintas transportadoras de vidrio molido para reciclaje | General Kinematics","og_description":"Espec\u00edficamente dise\u00f1adas para trasladar y recolectar vidrio y vidrio molido para reciclaje en toda su instalaci\u00f3n. Las cintas transportadoras de vidrio molido para reciclaje\u00a0de GK pueden instalarse bajo el suelo con una unidad estilo trinchera o en un lugar elevado con un dise\u00f1o balanceado. Muchos clientes prefieren a las unidades estilo trinchera por su facilidad [&hellip;]","og_url":"https:\/\/www.generalkinematics.com\/es\/producto\/cintas-transportadoras-de-vidrio-molido-para-reciclaje\/","og_site_name":"General Kinematics","article_publisher":"https:\/\/www.facebook.com\/generalkinematics","article_modified_time":"2020-07-21T18:10:06+00:00","og_image":[{"width":2048,"height":1536,"url":"https:\/\/www.generalkinematics.com\/wp-content\/uploads\/2016\/09\/C09769-01-166.jpg","type":"image\/jpeg"}],"twitter_card":"summary_large_image","twitter_site":"@gkvibrating","twitter_misc":{"Tiempo de lectura":"1 minuto"},"schema":{"@context":"https:\/\/schema.org","@graph":[{"@type":"WebPage","@id":"https:\/\/www.generalkinematics.com\/es\/producto\/cintas-transportadoras-de-vidrio-molido-para-reciclaje\/","url":"https:\/\/www.generalkinematics.com\/es\/producto\/cintas-transportadoras-de-vidrio-molido-para-reciclaje\/","name":"Cintas transportadoras de vidrio molido para reciclaje | General Kinematics","isPartOf":{"@id":"https:\/\/www.generalkinematics.com\/es\/#website"},"primaryImageOfPage":{"@id":"https:\/\/www.generalkinematics.com\/es\/producto\/cintas-transportadoras-de-vidrio-molido-para-reciclaje\/#primaryimage"},"image":{"@id":"https:\/\/www.generalkinematics.com\/es\/producto\/cintas-transportadoras-de-vidrio-molido-para-reciclaje\/#primaryimage"},"thumbnailUrl":"https:\/\/media.generalkinematics.com\/wp-content\/uploads\/2016\/09\/C09769-01-166.jpg","datePublished":"2016-09-09T18:53:49+00:00","dateModified":"2020-07-21T18:10:06+00:00","breadcrumb":{"@id":"https:\/\/www.generalkinematics.com\/es\/producto\/cintas-transportadoras-de-vidrio-molido-para-reciclaje\/#breadcrumb"},"inLanguage":"es","potentialAction":[{"@type":"ReadAction","target":["https:\/\/www.generalkinematics.com\/es\/producto\/cintas-transportadoras-de-vidrio-molido-para-reciclaje\/"]}]},{"@type":"ImageObject","inLanguage":"es","@id":"https:\/\/www.generalkinematics.com\/es\/producto\/cintas-transportadoras-de-vidrio-molido-para-reciclaje\/#primaryimage","url":"https:\/\/media.generalkinematics.com\/wp-content\/uploads\/2016\/09\/C09769-01-166.jpg","contentUrl":"https:\/\/media.generalkinematics.com\/wp-content\/uploads\/2016\/09\/C09769-01-166.jpg","width":2048,"height":1536,"caption":"general-kinematics-glass-conveyor"},{"@type":"BreadcrumbList","@id":"https:\/\/www.generalkinematics.com\/es\/producto\/cintas-transportadoras-de-vidrio-molido-para-reciclaje\/#breadcrumb","itemListElement":[{"@type":"ListItem","position":1,"name":"GK Home","item":"https:\/\/www.generalkinematics.com\/es\/"},{"@type":"ListItem","position":2,"name":"Shop","item":"https:\/\/www.generalkinematics.com\/shop\/"},{"@type":"ListItem","position":3,"name":"Cintas transportadoras de vidrio molido para reciclaje"}]},{"@type":"WebSite","@id":"https:\/\/www.generalkinematics.com\/es\/#website","url":"https:\/\/www.generalkinematics.com\/es\/","name":"General Kinematics","description":"","publisher":{"@id":"https:\/\/www.generalkinematics.com\/es\/#organization"},"potentialAction":[{"@type":"SearchAction","target":{"@type":"EntryPoint","urlTemplate":"https:\/\/www.generalkinematics.com\/es\/?s={search_term_string}"},"query-input":{"@type":"PropertyValueSpecification","valueRequired":true,"valueName":"search_term_string"}}],"inLanguage":"es"},{"@type":"Organization","@id":"https:\/\/www.generalkinematics.com\/es\/#organization","name":"General Kinematics","url":"https:\/\/www.generalkinematics.com\/es\/","logo":{"@type":"ImageObject","inLanguage":"es","@id":"https:\/\/www.generalkinematics.com\/es\/#\/schema\/logo\/image\/","url":"https:\/\/media.generalkinematics.com\/wp-content\/uploads\/2018\/03\/logo.png","contentUrl":"https:\/\/media.generalkinematics.com\/wp-content\/uploads\/2018\/03\/logo.png","width":313,"height":100,"caption":"General Kinematics"},"image":{"@id":"https:\/\/www.generalkinematics.com\/es\/#\/schema\/logo\/image\/"},"sameAs":["https:\/\/www.facebook.com\/generalkinematics","https:\/\/x.com\/gkvibrating"]}]}},"_links":{"self":[{"href":"https:\/\/www.generalkinematics.com\/es\/wp-json\/wp\/v2\/product\/41072","targetHints":{"allow":["GET"]}}],"collection":[{"href":"https:\/\/www.generalkinematics.com\/es\/wp-json\/wp\/v2\/product"}],"about":[{"href":"https:\/\/www.generalkinematics.com\/es\/wp-json\/wp\/v2\/types\/product"}],"replies":[{"embeddable":true,"href":"https:\/\/www.generalkinematics.com\/es\/wp-json\/wp\/v2\/comments?post=41072"}],"wp:featuredmedia":[{"embeddable":true,"href":"https:\/\/www.generalkinematics.com\/es\/wp-json\/wp\/v2\/media\/28640"}],"wp:attachment":[{"href":"https:\/\/www.generalkinematics.com\/es\/wp-json\/wp\/v2\/media?parent=41072"}],"wp:term":[{"taxonomy":"product_brand","embeddable":true,"href":"https:\/\/www.generalkinematics.com\/es\/wp-json\/wp\/v2\/product_brand?post=41072"},{"taxonomy":"product_cat","embeddable":true,"href":"https:\/\/www.generalkinematics.com\/es\/wp-json\/wp\/v2\/product_cat?post=41072"},{"taxonomy":"product_tag","embeddable":true,"href":"https:\/\/www.generalkinematics.com\/es\/wp-json\/wp\/v2\/product_tag?post=41072"}],"curies":[{"name":"wp","href":"https:\/\/api.w.org\/{rel}","templated":true}]}}