{"id":41082,"date":"2016-09-27T10:12:14","date_gmt":"2016-09-27T15:12:14","guid":{"rendered":"https:\/\/www.generalkinematics.com\/product\/hd-hsf-high-displacement-high-stroke-feeder-alimentador-de-alto-recorrido-y-desplazamiento-alto\/"},"modified":"2018-08-30T22:20:27","modified_gmt":"2018-08-31T03:20:27","slug":"hd-high-stroke-feeder","status":"publish","type":"product","link":"https:\/\/www.generalkinematics.com\/es\/producto\/hd-high-stroke-feeder\/","title":{"rendered":"HD-HSF: High Displacement High Stroke Feeder (Alimentador de alto recorrido y desplazamiento alto)"},"content":{"rendered":"<p><u><strong>La tecnolog\u00eda vibratoria de punta para mejorar la presentaci\u00f3n del material<\/strong><\/u><\/p>\n<p>Desafiados una vez m\u00e1s por nuestros clientes para realizar m\u00e1s en un espacio limitado, General Kinematics ha vuelto reducir los l\u00edmites y desarroll\u00f3 el alimentador de alto recorrido y desplazamiento alto (HD-HSF, por sus siglas en ingl\u00e9s) para ampliar la separaci\u00f3n, mejorar los niveles de pureza, mejorar el grado de recuperaci\u00f3n e incrementar su rentabilidad final. Los alimentadores vibratorios HD-HSF de GK mejoran la presentaci\u00f3n de los materiales y recuperaci\u00f3n de varios tipos de materias primas aplicando m\u00e1s energ\u00eda al material y, por consiguiente, incrementando la separaci\u00f3n de las diferentes part\u00edculas. Adem\u00e1s, este sistema esparce los materiales a lo ancho de la unidad y, por consiguiente, mejora la presentaci\u00f3n del material para un mejor desempe\u00f1o del clasificador \u00f3ptico. General Kinematics ha redefinido la sinergia entre los alimentadores vibratorios y los clasificadores \u00f3pticos.<\/p>\n<h2>Ventajas en cuanto al desempe\u00f1o del HD-HSF:<\/h2>\n<ul>\n<li>El alto recorrido crea la separaci\u00f3n necesaria para mejorar la pureza<\/li>\n<li>Mayor velocidad de desplazamiento = Mejor separaci\u00f3n del material\u00a0= Recuperaci\u00f3n \u00f3ptima<\/li>\n<li>Se trasmite m\u00e1s energ\u00eda al material<\/li>\n<li>Dispersi\u00f3n en todo lo ancho en un tramo de menor longitud<\/li>\n<li>Gastos iniciales y de operaci\u00f3n m\u00e1s bajos<\/li>\n<li>Respuesta din\u00e1mica para anular las cargas pico<\/li>\n<li>Se necesitan hasta 2\/3 de potencia menos para funcionar<\/li>\n<\/ul>\n<p>&nbsp;<\/p>\n<h2>Caracter\u00edsticas opcionales del alimentador HD-HSF:<\/h2>\n<ul>\n<li>Dise\u00f1ado espec\u00edficamente para la industria<\/li>\n<li>La base con dise\u00f1o equilibrado opcional elimina la necesidad de realizar obras estructurales de apoyo y, por consiguiente, permite realizar de la mejor forma posible el control, la distribuci\u00f3n y contenci\u00f3n de los materiales.<\/li>\n<li>Modelos espec\u00edficos OEM<\/li>\n<li>Modelos instalados sobre pies, sistema de suspensi\u00f3n o combinaci\u00f3n de ellos<\/li>\n<li>Construcci\u00f3n en acero dulce, acero inoxidable y acero resistente a la abrasi\u00f3n<\/li>\n<\/ul>\n","protected":false},"excerpt":{"rendered":"<p>La tecnolog\u00eda vibratoria de punta para mejorar la presentaci\u00f3n del material Desafiados una vez m\u00e1s por nuestros clientes para realizar m\u00e1s en un espacio limitado, General Kinematics ha vuelto reducir los l\u00edmites y desarroll\u00f3 el alimentador de alto recorrido y desplazamiento alto (HD-HSF, por sus siglas en ingl\u00e9s) para ampliar la separaci\u00f3n, mejorar los niveles [&hellip;]<\/p>\n","protected":false},"featured_media":28692,"comment_status":"closed","ping_status":"closed","template":"","meta":{"_acf_changed":false,"om_disable_all_campaigns":false,"ep_exclude_from_search":false},"product_brand":[],"product_cat":[1732],"product_tag":[],"class_list":{"0":"post-41082","1":"product","2":"type-product","3":"status-publish","4":"has-post-thumbnail","6":"product_cat-no-categorizado","8":"first","9":"instock","10":"taxable","11":"shipping-taxable","12":"product-type-simple"},"acf":[],"yoast_head":"<!-- This site is optimized with the Yoast SEO plugin v27.2 - https:\/\/yoast.com\/product\/yoast-seo-wordpress\/ -->\n<title>HD-HSF: High Displacement High Stroke Feeder (Alimentador de alto recorrido y desplazamiento alto) | General Kinematics<\/title>\n<meta name=\"robots\" content=\"index, follow, max-snippet:-1, max-image-preview:large, max-video-preview:-1\" \/>\n<link rel=\"canonical\" href=\"https:\/\/www.generalkinematics.com\/es\/producto\/hd-high-stroke-feeder\/\" \/>\n<meta property=\"og:locale\" content=\"es_ES\" \/>\n<meta property=\"og:type\" content=\"article\" \/>\n<meta property=\"og:title\" content=\"HD-HSF: High Displacement High Stroke Feeder (Alimentador de alto recorrido y desplazamiento alto) | General Kinematics\" \/>\n<meta property=\"og:description\" content=\"La tecnolog\u00eda vibratoria de punta para mejorar la presentaci\u00f3n del material Desafiados una vez m\u00e1s por nuestros clientes para realizar m\u00e1s en un espacio limitado, General Kinematics ha vuelto reducir los l\u00edmites y desarroll\u00f3 el alimentador de alto recorrido y desplazamiento alto (HD-HSF, por sus siglas en ingl\u00e9s) para ampliar la separaci\u00f3n, mejorar los niveles [&hellip;]\" \/>\n<meta property=\"og:url\" content=\"https:\/\/www.generalkinematics.com\/es\/producto\/hd-high-stroke-feeder\/\" \/>\n<meta property=\"og:site_name\" content=\"General Kinematics\" \/>\n<meta property=\"article:publisher\" content=\"https:\/\/www.facebook.com\/generalkinematics\" \/>\n<meta property=\"article:modified_time\" content=\"2018-08-31T03:20:27+00:00\" \/>\n<meta property=\"og:image\" content=\"https:\/\/media.generalkinematics.com\/wp-content\/uploads\/2015\/07\/IMG_8526.png\" \/>\n\t<meta property=\"og:image:width\" content=\"1500\" \/>\n\t<meta property=\"og:image:height\" content=\"1000\" \/>\n\t<meta property=\"og:image:type\" content=\"image\/jpeg\" \/>\n<meta name=\"twitter:card\" content=\"summary_large_image\" \/>\n<meta name=\"twitter:site\" content=\"@gkvibrating\" \/>\n<meta name=\"twitter:label1\" content=\"Tiempo de lectura\" \/>\n\t<meta name=\"twitter:data1\" content=\"2 minutos\" \/>\n<!-- \/ Yoast SEO plugin. -->","yoast_head_json":{"title":"HD-HSF: High Displacement High Stroke Feeder (Alimentador de alto recorrido y desplazamiento alto) | General Kinematics","robots":{"index":"index","follow":"follow","max-snippet":"max-snippet:-1","max-image-preview":"max-image-preview:large","max-video-preview":"max-video-preview:-1"},"canonical":"https:\/\/www.generalkinematics.com\/es\/producto\/hd-high-stroke-feeder\/","og_locale":"es_ES","og_type":"article","og_title":"HD-HSF: High Displacement High Stroke Feeder (Alimentador de alto recorrido y desplazamiento alto) | General Kinematics","og_description":"La tecnolog\u00eda vibratoria de punta para mejorar la presentaci\u00f3n del material Desafiados una vez m\u00e1s por nuestros clientes para realizar m\u00e1s en un espacio limitado, General Kinematics ha vuelto reducir los l\u00edmites y desarroll\u00f3 el alimentador de alto recorrido y desplazamiento alto (HD-HSF, por sus siglas en ingl\u00e9s) para ampliar la separaci\u00f3n, mejorar los niveles [&hellip;]","og_url":"https:\/\/www.generalkinematics.com\/es\/producto\/hd-high-stroke-feeder\/","og_site_name":"General Kinematics","article_publisher":"https:\/\/www.facebook.com\/generalkinematics","article_modified_time":"2018-08-31T03:20:27+00:00","og_image":[{"width":1500,"height":1000,"url":"https:\/\/media.generalkinematics.com\/wp-content\/uploads\/2015\/07\/IMG_8526.png","type":"image\/jpeg"}],"twitter_card":"summary_large_image","twitter_site":"@gkvibrating","twitter_misc":{"Tiempo de lectura":"2 minutos"},"schema":{"@context":"https:\/\/schema.org","@graph":[{"@type":"WebPage","@id":"https:\/\/www.generalkinematics.com\/es\/producto\/hd-high-stroke-feeder\/","url":"https:\/\/www.generalkinematics.com\/es\/producto\/hd-high-stroke-feeder\/","name":"HD-HSF: High Displacement High Stroke Feeder (Alimentador de alto recorrido y desplazamiento alto) | General Kinematics","isPartOf":{"@id":"https:\/\/www.generalkinematics.com\/es\/#website"},"primaryImageOfPage":{"@id":"https:\/\/www.generalkinematics.com\/es\/producto\/hd-high-stroke-feeder\/#primaryimage"},"image":{"@id":"https:\/\/www.generalkinematics.com\/es\/producto\/hd-high-stroke-feeder\/#primaryimage"},"thumbnailUrl":"https:\/\/media.generalkinematics.com\/wp-content\/uploads\/2015\/07\/IMG_8526.png","datePublished":"2016-09-27T15:12:14+00:00","dateModified":"2018-08-31T03:20:27+00:00","breadcrumb":{"@id":"https:\/\/www.generalkinematics.com\/es\/producto\/hd-high-stroke-feeder\/#breadcrumb"},"inLanguage":"es","potentialAction":[{"@type":"ReadAction","target":["https:\/\/www.generalkinematics.com\/es\/producto\/hd-high-stroke-feeder\/"]}]},{"@type":"ImageObject","inLanguage":"es","@id":"https:\/\/www.generalkinematics.com\/es\/producto\/hd-high-stroke-feeder\/#primaryimage","url":"https:\/\/media.generalkinematics.com\/wp-content\/uploads\/2015\/07\/IMG_8526.png","contentUrl":"https:\/\/media.generalkinematics.com\/wp-content\/uploads\/2015\/07\/IMG_8526.png","width":1500,"height":1000,"caption":"general-kinematics-high-stroke-feeder"},{"@type":"BreadcrumbList","@id":"https:\/\/www.generalkinematics.com\/es\/producto\/hd-high-stroke-feeder\/#breadcrumb","itemListElement":[{"@type":"ListItem","position":1,"name":"GK Home","item":"https:\/\/www.generalkinematics.com\/es\/"},{"@type":"ListItem","position":2,"name":"Shop","item":"https:\/\/www.generalkinematics.com\/shop\/"},{"@type":"ListItem","position":3,"name":"HD-HSF: High Displacement High Stroke Feeder (Alimentador de alto recorrido y desplazamiento alto)"}]},{"@type":"WebSite","@id":"https:\/\/www.generalkinematics.com\/es\/#website","url":"https:\/\/www.generalkinematics.com\/es\/","name":"General Kinematics","description":"","publisher":{"@id":"https:\/\/www.generalkinematics.com\/es\/#organization"},"potentialAction":[{"@type":"SearchAction","target":{"@type":"EntryPoint","urlTemplate":"https:\/\/www.generalkinematics.com\/es\/?s={search_term_string}"},"query-input":{"@type":"PropertyValueSpecification","valueRequired":true,"valueName":"search_term_string"}}],"inLanguage":"es"},{"@type":"Organization","@id":"https:\/\/www.generalkinematics.com\/es\/#organization","name":"General Kinematics","url":"https:\/\/www.generalkinematics.com\/es\/","logo":{"@type":"ImageObject","inLanguage":"es","@id":"https:\/\/www.generalkinematics.com\/es\/#\/schema\/logo\/image\/","url":"https:\/\/media.generalkinematics.com\/wp-content\/uploads\/2018\/03\/logo.png","contentUrl":"https:\/\/media.generalkinematics.com\/wp-content\/uploads\/2018\/03\/logo.png","width":313,"height":100,"caption":"General Kinematics"},"image":{"@id":"https:\/\/www.generalkinematics.com\/es\/#\/schema\/logo\/image\/"},"sameAs":["https:\/\/www.facebook.com\/generalkinematics","https:\/\/x.com\/gkvibrating"]}]}},"_links":{"self":[{"href":"https:\/\/www.generalkinematics.com\/es\/wp-json\/wp\/v2\/product\/41082","targetHints":{"allow":["GET"]}}],"collection":[{"href":"https:\/\/www.generalkinematics.com\/es\/wp-json\/wp\/v2\/product"}],"about":[{"href":"https:\/\/www.generalkinematics.com\/es\/wp-json\/wp\/v2\/types\/product"}],"replies":[{"embeddable":true,"href":"https:\/\/www.generalkinematics.com\/es\/wp-json\/wp\/v2\/comments?post=41082"}],"wp:featuredmedia":[{"embeddable":true,"href":"https:\/\/www.generalkinematics.com\/es\/wp-json\/wp\/v2\/media\/28692"}],"wp:attachment":[{"href":"https:\/\/www.generalkinematics.com\/es\/wp-json\/wp\/v2\/media?parent=41082"}],"wp:term":[{"taxonomy":"product_brand","embeddable":true,"href":"https:\/\/www.generalkinematics.com\/es\/wp-json\/wp\/v2\/product_brand?post=41082"},{"taxonomy":"product_cat","embeddable":true,"href":"https:\/\/www.generalkinematics.com\/es\/wp-json\/wp\/v2\/product_cat?post=41082"},{"taxonomy":"product_tag","embeddable":true,"href":"https:\/\/www.generalkinematics.com\/es\/wp-json\/wp\/v2\/product_tag?post=41082"}],"curies":[{"name":"wp","href":"https:\/\/api.w.org\/{rel}","templated":true}]}}