{"id":41100,"date":"2017-04-04T11:02:23","date_gmt":"2017-04-04T16:02:23","guid":{"rendered":"https:\/\/www.generalkinematics.com\/product\/trituradores-vibratorios-de-terrones-vibra-mill\/"},"modified":"2018-08-31T16:21:45","modified_gmt":"2018-08-31T21:21:45","slug":"trituradores-vibratorios-de-terrones-vibra-mill","status":"publish","type":"product","link":"https:\/\/www.generalkinematics.com\/es\/producto\/trituradores-vibratorios-de-terrones-vibra-mill\/","title":{"rendered":"Trituradores vibratorios de terrones VIBRA-MILL\u00ae"},"content":{"rendered":"<p><u><strong>Sacude, agita, vibra, voltea y desgasta por abrasi\u00f3n terrones de hasta 4 pies a un tama\u00f1o de grano de malla de menos 20. Autom\u00e1ticamente.<\/strong><\/u><\/p>\n<p>Los <strong>trituradores vibratorios de terrones VIBRA-MILL\u00ae<\/strong> reducen las aglomeraciones, apilamientos y terrones en los materiales a granel. La vibraci\u00f3n a alta energ\u00eda, combinada con la acci\u00f3n de volteo, reduce los terrones al tama\u00f1o del grano. Tras reducir los terrones, se realiza una operaci\u00f3n de cribado adicional, para poder clasificar los materiales por tama\u00f1o. Los excedentes se pueden recolectar y volver a introducirse para eliminar el desperdicio.<\/p>\n<h2>Caracter\u00edsticas:<\/h2>\n<ul>\n<li>Motores vibratorios especiales de servicio para incrementar el tiempo de funcionamiento.<\/li>\n<li>Varias opciones de alimentaci\u00f3n seg\u00fan la aplicaci\u00f3n.<\/li>\n<li>\u00cdndices de recuperaci\u00f3n de alta capacidad.<\/li>\n<li>Dise\u00f1o de tubo simple y abierto para facilitar la descarga.<\/li>\n<li>Cubierta \u00fanica a prueba de atascos.<\/li>\n<li>Permite retirar las part\u00edculas finas.<\/li>\n<\/ul>\n","protected":false},"excerpt":{"rendered":"<p>Sacude, agita, vibra, voltea y desgasta por abrasi\u00f3n terrones de hasta 4 pies a un tama\u00f1o de grano de malla de menos 20. Autom\u00e1ticamente. Los trituradores vibratorios de terrones VIBRA-MILL\u00ae reducen las aglomeraciones, apilamientos y terrones en los materiales a granel. La vibraci\u00f3n a alta energ\u00eda, combinada con la acci\u00f3n de volteo, reduce los terrones [&hellip;]<\/p>\n","protected":false},"featured_media":29384,"comment_status":"closed","ping_status":"closed","template":"","meta":{"_acf_changed":false,"om_disable_all_campaigns":false,"ep_exclude_from_search":false},"product_brand":[],"product_cat":[1835],"product_tag":[],"class_list":{"0":"post-41100","1":"product","2":"type-product","3":"status-publish","4":"has-post-thumbnail","6":"product_cat-cribas-clasificacion","8":"first","9":"instock","10":"taxable","11":"shipping-taxable","12":"product-type-simple"},"acf":[],"yoast_head":"<!-- This site is optimized with the Yoast SEO plugin v27.2 - https:\/\/yoast.com\/product\/yoast-seo-wordpress\/ -->\n<title>Trituradores vibratorios de terrones VIBRA-MILL\u00ae | General Kinematics<\/title>\n<meta name=\"robots\" content=\"index, follow, max-snippet:-1, max-image-preview:large, max-video-preview:-1\" \/>\n<link rel=\"canonical\" href=\"https:\/\/www.generalkinematics.com\/es\/producto\/trituradores-vibratorios-de-terrones-vibra-mill\/\" \/>\n<meta property=\"og:locale\" content=\"es_ES\" \/>\n<meta property=\"og:type\" content=\"article\" \/>\n<meta property=\"og:title\" content=\"Trituradores vibratorios de terrones VIBRA-MILL\u00ae | General Kinematics\" \/>\n<meta property=\"og:description\" content=\"Sacude, agita, vibra, voltea y desgasta por abrasi\u00f3n terrones de hasta 4 pies a un tama\u00f1o de grano de malla de menos 20. Autom\u00e1ticamente. Los trituradores vibratorios de terrones VIBRA-MILL\u00ae reducen las aglomeraciones, apilamientos y terrones en los materiales a granel. La vibraci\u00f3n a alta energ\u00eda, combinada con la acci\u00f3n de volteo, reduce los terrones [&hellip;]\" \/>\n<meta property=\"og:url\" content=\"https:\/\/www.generalkinematics.com\/es\/producto\/trituradores-vibratorios-de-terrones-vibra-mill\/\" \/>\n<meta property=\"og:site_name\" content=\"General Kinematics\" \/>\n<meta property=\"article:publisher\" content=\"https:\/\/www.facebook.com\/generalkinematics\" \/>\n<meta property=\"article:modified_time\" content=\"2018-08-31T21:21:45+00:00\" \/>\n<meta property=\"og:image\" content=\"https:\/\/www.generalkinematics.com\/wp-content\/uploads\/2017\/04\/vm64-with-hood.jpg\" \/>\n\t<meta property=\"og:image:width\" content=\"1631\" \/>\n\t<meta property=\"og:image:height\" content=\"977\" \/>\n\t<meta property=\"og:image:type\" content=\"image\/jpeg\" \/>\n<meta name=\"twitter:card\" content=\"summary_large_image\" \/>\n<meta name=\"twitter:site\" content=\"@gkvibrating\" \/>\n<meta name=\"twitter:label1\" content=\"Tiempo de lectura\" \/>\n\t<meta name=\"twitter:data1\" content=\"1 minuto\" \/>\n<!-- \/ Yoast SEO plugin. -->","yoast_head_json":{"title":"Trituradores vibratorios de terrones VIBRA-MILL\u00ae | General Kinematics","robots":{"index":"index","follow":"follow","max-snippet":"max-snippet:-1","max-image-preview":"max-image-preview:large","max-video-preview":"max-video-preview:-1"},"canonical":"https:\/\/www.generalkinematics.com\/es\/producto\/trituradores-vibratorios-de-terrones-vibra-mill\/","og_locale":"es_ES","og_type":"article","og_title":"Trituradores vibratorios de terrones VIBRA-MILL\u00ae | General Kinematics","og_description":"Sacude, agita, vibra, voltea y desgasta por abrasi\u00f3n terrones de hasta 4 pies a un tama\u00f1o de grano de malla de menos 20. Autom\u00e1ticamente. Los trituradores vibratorios de terrones VIBRA-MILL\u00ae reducen las aglomeraciones, apilamientos y terrones en los materiales a granel. La vibraci\u00f3n a alta energ\u00eda, combinada con la acci\u00f3n de volteo, reduce los terrones [&hellip;]","og_url":"https:\/\/www.generalkinematics.com\/es\/producto\/trituradores-vibratorios-de-terrones-vibra-mill\/","og_site_name":"General Kinematics","article_publisher":"https:\/\/www.facebook.com\/generalkinematics","article_modified_time":"2018-08-31T21:21:45+00:00","og_image":[{"width":1631,"height":977,"url":"https:\/\/www.generalkinematics.com\/wp-content\/uploads\/2017\/04\/vm64-with-hood.jpg","type":"image\/jpeg"}],"twitter_card":"summary_large_image","twitter_site":"@gkvibrating","twitter_misc":{"Tiempo de lectura":"1 minuto"},"schema":{"@context":"https:\/\/schema.org","@graph":[{"@type":"WebPage","@id":"https:\/\/www.generalkinematics.com\/es\/producto\/trituradores-vibratorios-de-terrones-vibra-mill\/","url":"https:\/\/www.generalkinematics.com\/es\/producto\/trituradores-vibratorios-de-terrones-vibra-mill\/","name":"Trituradores vibratorios de terrones VIBRA-MILL\u00ae | General Kinematics","isPartOf":{"@id":"https:\/\/www.generalkinematics.com\/es\/#website"},"primaryImageOfPage":{"@id":"https:\/\/www.generalkinematics.com\/es\/producto\/trituradores-vibratorios-de-terrones-vibra-mill\/#primaryimage"},"image":{"@id":"https:\/\/www.generalkinematics.com\/es\/producto\/trituradores-vibratorios-de-terrones-vibra-mill\/#primaryimage"},"thumbnailUrl":"https:\/\/media.generalkinematics.com\/wp-content\/uploads\/2017\/04\/vm64-with-hood.jpg","datePublished":"2017-04-04T16:02:23+00:00","dateModified":"2018-08-31T21:21:45+00:00","breadcrumb":{"@id":"https:\/\/www.generalkinematics.com\/es\/producto\/trituradores-vibratorios-de-terrones-vibra-mill\/#breadcrumb"},"inLanguage":"es","potentialAction":[{"@type":"ReadAction","target":["https:\/\/www.generalkinematics.com\/es\/producto\/trituradores-vibratorios-de-terrones-vibra-mill\/"]}]},{"@type":"ImageObject","inLanguage":"es","@id":"https:\/\/www.generalkinematics.com\/es\/producto\/trituradores-vibratorios-de-terrones-vibra-mill\/#primaryimage","url":"https:\/\/media.generalkinematics.com\/wp-content\/uploads\/2017\/04\/vm64-with-hood.jpg","contentUrl":"https:\/\/media.generalkinematics.com\/wp-content\/uploads\/2017\/04\/vm64-with-hood.jpg","width":1631,"height":977,"caption":"general-kinematics-vibra-mill"},{"@type":"BreadcrumbList","@id":"https:\/\/www.generalkinematics.com\/es\/producto\/trituradores-vibratorios-de-terrones-vibra-mill\/#breadcrumb","itemListElement":[{"@type":"ListItem","position":1,"name":"GK Home","item":"https:\/\/www.generalkinematics.com\/es\/"},{"@type":"ListItem","position":2,"name":"Shop","item":"https:\/\/www.generalkinematics.com\/shop\/"},{"@type":"ListItem","position":3,"name":"Trituradores vibratorios de terrones VIBRA-MILL\u00ae"}]},{"@type":"WebSite","@id":"https:\/\/www.generalkinematics.com\/es\/#website","url":"https:\/\/www.generalkinematics.com\/es\/","name":"General Kinematics","description":"","publisher":{"@id":"https:\/\/www.generalkinematics.com\/es\/#organization"},"potentialAction":[{"@type":"SearchAction","target":{"@type":"EntryPoint","urlTemplate":"https:\/\/www.generalkinematics.com\/es\/?s={search_term_string}"},"query-input":{"@type":"PropertyValueSpecification","valueRequired":true,"valueName":"search_term_string"}}],"inLanguage":"es"},{"@type":"Organization","@id":"https:\/\/www.generalkinematics.com\/es\/#organization","name":"General Kinematics","url":"https:\/\/www.generalkinematics.com\/es\/","logo":{"@type":"ImageObject","inLanguage":"es","@id":"https:\/\/www.generalkinematics.com\/es\/#\/schema\/logo\/image\/","url":"https:\/\/media.generalkinematics.com\/wp-content\/uploads\/2018\/03\/logo.png","contentUrl":"https:\/\/media.generalkinematics.com\/wp-content\/uploads\/2018\/03\/logo.png","width":313,"height":100,"caption":"General Kinematics"},"image":{"@id":"https:\/\/www.generalkinematics.com\/es\/#\/schema\/logo\/image\/"},"sameAs":["https:\/\/www.facebook.com\/generalkinematics","https:\/\/x.com\/gkvibrating"]}]}},"_links":{"self":[{"href":"https:\/\/www.generalkinematics.com\/es\/wp-json\/wp\/v2\/product\/41100","targetHints":{"allow":["GET"]}}],"collection":[{"href":"https:\/\/www.generalkinematics.com\/es\/wp-json\/wp\/v2\/product"}],"about":[{"href":"https:\/\/www.generalkinematics.com\/es\/wp-json\/wp\/v2\/types\/product"}],"replies":[{"embeddable":true,"href":"https:\/\/www.generalkinematics.com\/es\/wp-json\/wp\/v2\/comments?post=41100"}],"wp:featuredmedia":[{"embeddable":true,"href":"https:\/\/www.generalkinematics.com\/es\/wp-json\/wp\/v2\/media\/29384"}],"wp:attachment":[{"href":"https:\/\/www.generalkinematics.com\/es\/wp-json\/wp\/v2\/media?parent=41100"}],"wp:term":[{"taxonomy":"product_brand","embeddable":true,"href":"https:\/\/www.generalkinematics.com\/es\/wp-json\/wp\/v2\/product_brand?post=41100"},{"taxonomy":"product_cat","embeddable":true,"href":"https:\/\/www.generalkinematics.com\/es\/wp-json\/wp\/v2\/product_cat?post=41100"},{"taxonomy":"product_tag","embeddable":true,"href":"https:\/\/www.generalkinematics.com\/es\/wp-json\/wp\/v2\/product_tag?post=41100"}],"curies":[{"name":"wp","href":"https:\/\/api.w.org\/{rel}","templated":true}]}}