{"id":41111,"date":"2017-04-28T13:43:07","date_gmt":"2017-04-28T18:43:07","guid":{"rendered":"https:\/\/www.generalkinematics.com\/product\/alimentadores-vibratorios-de-fuerza-bruta\/"},"modified":"2019-02-05T21:54:13","modified_gmt":"2019-02-06T03:54:13","slug":"alimentadores-vibratorios-de-fuerza-bruta","status":"publish","type":"product","link":"https:\/\/www.generalkinematics.com\/es\/producto\/alimentadores-vibratorios-de-fuerza-bruta\/","title":{"rendered":"Alimentadores vibratorios de fuerza bruta"},"content":{"rendered":"<p>Los <strong>alimentadores vibratorios de fuerza bruta<\/strong> de General Kinematics son una buena soluci\u00f3n para muchas aplicaciones. La transmisi\u00f3n de fuerza bruta o de una sola masa se refiere a un tipo de equipo vibratorio en el que la \u00fanica masa (una bandeja), tiene los motores directamente instalados sobre ella. El 100% de la acci\u00f3n vibratoria necesaria para mover la unidad se genera a trav\u00e9s de la fuerza de la rueda desbalanceada. De construcci\u00f3n simple y f\u00e1cil de comprender, los alimentadores vibratorios son una buena soluci\u00f3n para muchas instalaciones.<\/p>\n<h2>CARACTER\u00cdSTICAS:<\/h2>\n<ul>\n<li>Dise\u00f1o simple con buen desempe\u00f1o.<\/li>\n<li>Menos piezas de repuesto que otros alimentadores vibratorios.<\/li>\n<li>Puede amortiguar como respuesta ante el incremento de las cargas. Si su material es m\u00e1s dif\u00edcil de procesar, GK recomienda un <a href=\"https:\/\/www.generalkinematics.com\/es\/producto\/alimentadores-vibratorios-para-mount-ii\/\">alimentador vibratorio de doble masa<\/a>.<\/li>\n<li>Requisitos de caballaje mayor.<\/li>\n<\/ul>\n","protected":false},"excerpt":{"rendered":"<p>Los alimentadores vibratorios de fuerza bruta de General Kinematics son una buena soluci\u00f3n para muchas aplicaciones. La transmisi\u00f3n de fuerza bruta o de una sola masa se refiere a un tipo de equipo vibratorio en el que la \u00fanica masa (una bandeja), tiene los motores directamente instalados sobre ella. El 100% de la acci\u00f3n vibratoria [&hellip;]<\/p>\n","protected":false},"featured_media":54815,"comment_status":"closed","ping_status":"closed","template":"","meta":{"_acf_changed":false,"om_disable_all_campaigns":false,"ep_exclude_from_search":false},"product_brand":[],"product_cat":[1877],"product_tag":[],"class_list":{"0":"post-41111","1":"product","2":"type-product","3":"status-publish","4":"has-post-thumbnail","6":"product_cat-equipo-de-residuos-energeticas","8":"first","9":"instock","10":"taxable","11":"shipping-taxable","12":"product-type-simple"},"acf":[],"yoast_head":"<!-- This site is optimized with the Yoast SEO plugin v27.2 - https:\/\/yoast.com\/product\/yoast-seo-wordpress\/ -->\n<title>Alimentadores vibratorios de fuerza bruta | General Kinematics<\/title>\n<meta name=\"robots\" content=\"index, follow, max-snippet:-1, max-image-preview:large, max-video-preview:-1\" \/>\n<link rel=\"canonical\" href=\"https:\/\/www.generalkinematics.com\/es\/producto\/alimentadores-vibratorios-de-fuerza-bruta\/\" \/>\n<meta property=\"og:locale\" content=\"es_ES\" \/>\n<meta property=\"og:type\" content=\"article\" \/>\n<meta property=\"og:title\" content=\"Alimentadores vibratorios de fuerza bruta | General Kinematics\" \/>\n<meta property=\"og:description\" content=\"Los alimentadores vibratorios de fuerza bruta de General Kinematics son una buena soluci\u00f3n para muchas aplicaciones. La transmisi\u00f3n de fuerza bruta o de una sola masa se refiere a un tipo de equipo vibratorio en el que la \u00fanica masa (una bandeja), tiene los motores directamente instalados sobre ella. El 100% de la acci\u00f3n vibratoria [&hellip;]\" \/>\n<meta property=\"og:url\" content=\"https:\/\/www.generalkinematics.com\/es\/producto\/alimentadores-vibratorios-de-fuerza-bruta\/\" \/>\n<meta property=\"og:site_name\" content=\"General Kinematics\" \/>\n<meta property=\"article:publisher\" content=\"https:\/\/www.facebook.com\/generalkinematics\" \/>\n<meta property=\"article:modified_time\" content=\"2019-02-06T03:54:13+00:00\" \/>\n<meta property=\"og:image\" content=\"https:\/\/media.generalkinematics.com\/wp-content\/uploads\/2025\/07\/brute-force-feeder.png\" \/>\n\t<meta property=\"og:image:width\" content=\"1320\" \/>\n\t<meta property=\"og:image:height\" content=\"1298\" \/>\n\t<meta property=\"og:image:type\" content=\"image\/png\" \/>\n<meta name=\"twitter:card\" content=\"summary_large_image\" \/>\n<meta name=\"twitter:site\" content=\"@gkvibrating\" \/>\n<meta name=\"twitter:label1\" content=\"Tiempo de lectura\" \/>\n\t<meta name=\"twitter:data1\" content=\"1 minuto\" \/>\n<!-- \/ Yoast SEO plugin. -->","yoast_head_json":{"title":"Alimentadores vibratorios de fuerza bruta | General Kinematics","robots":{"index":"index","follow":"follow","max-snippet":"max-snippet:-1","max-image-preview":"max-image-preview:large","max-video-preview":"max-video-preview:-1"},"canonical":"https:\/\/www.generalkinematics.com\/es\/producto\/alimentadores-vibratorios-de-fuerza-bruta\/","og_locale":"es_ES","og_type":"article","og_title":"Alimentadores vibratorios de fuerza bruta | General Kinematics","og_description":"Los alimentadores vibratorios de fuerza bruta de General Kinematics son una buena soluci\u00f3n para muchas aplicaciones. La transmisi\u00f3n de fuerza bruta o de una sola masa se refiere a un tipo de equipo vibratorio en el que la \u00fanica masa (una bandeja), tiene los motores directamente instalados sobre ella. El 100% de la acci\u00f3n vibratoria [&hellip;]","og_url":"https:\/\/www.generalkinematics.com\/es\/producto\/alimentadores-vibratorios-de-fuerza-bruta\/","og_site_name":"General Kinematics","article_publisher":"https:\/\/www.facebook.com\/generalkinematics","article_modified_time":"2019-02-06T03:54:13+00:00","og_image":[{"width":1320,"height":1298,"url":"https:\/\/media.generalkinematics.com\/wp-content\/uploads\/2025\/07\/brute-force-feeder.png","type":"image\/png"}],"twitter_card":"summary_large_image","twitter_site":"@gkvibrating","twitter_misc":{"Tiempo de lectura":"1 minuto"},"schema":{"@context":"https:\/\/schema.org","@graph":[{"@type":"WebPage","@id":"https:\/\/www.generalkinematics.com\/es\/producto\/alimentadores-vibratorios-de-fuerza-bruta\/","url":"https:\/\/www.generalkinematics.com\/es\/producto\/alimentadores-vibratorios-de-fuerza-bruta\/","name":"Alimentadores vibratorios de fuerza bruta | General Kinematics","isPartOf":{"@id":"https:\/\/www.generalkinematics.com\/es\/#website"},"primaryImageOfPage":{"@id":"https:\/\/www.generalkinematics.com\/es\/producto\/alimentadores-vibratorios-de-fuerza-bruta\/#primaryimage"},"image":{"@id":"https:\/\/www.generalkinematics.com\/es\/producto\/alimentadores-vibratorios-de-fuerza-bruta\/#primaryimage"},"thumbnailUrl":"https:\/\/media.generalkinematics.com\/wp-content\/uploads\/2025\/07\/brute-force-feeder.png","datePublished":"2017-04-28T18:43:07+00:00","dateModified":"2019-02-06T03:54:13+00:00","breadcrumb":{"@id":"https:\/\/www.generalkinematics.com\/es\/producto\/alimentadores-vibratorios-de-fuerza-bruta\/#breadcrumb"},"inLanguage":"es","potentialAction":[{"@type":"ReadAction","target":["https:\/\/www.generalkinematics.com\/es\/producto\/alimentadores-vibratorios-de-fuerza-bruta\/"]}]},{"@type":"ImageObject","inLanguage":"es","@id":"https:\/\/www.generalkinematics.com\/es\/producto\/alimentadores-vibratorios-de-fuerza-bruta\/#primaryimage","url":"https:\/\/media.generalkinematics.com\/wp-content\/uploads\/2025\/07\/brute-force-feeder.png","contentUrl":"https:\/\/media.generalkinematics.com\/wp-content\/uploads\/2025\/07\/brute-force-feeder.png","width":1320,"height":1298},{"@type":"BreadcrumbList","@id":"https:\/\/www.generalkinematics.com\/es\/producto\/alimentadores-vibratorios-de-fuerza-bruta\/#breadcrumb","itemListElement":[{"@type":"ListItem","position":1,"name":"GK Home","item":"https:\/\/www.generalkinematics.com\/es\/"},{"@type":"ListItem","position":2,"name":"Shop","item":"https:\/\/www.generalkinematics.com\/shop\/"},{"@type":"ListItem","position":3,"name":"Alimentadores vibratorios de fuerza bruta"}]},{"@type":"WebSite","@id":"https:\/\/www.generalkinematics.com\/es\/#website","url":"https:\/\/www.generalkinematics.com\/es\/","name":"General Kinematics","description":"","publisher":{"@id":"https:\/\/www.generalkinematics.com\/es\/#organization"},"potentialAction":[{"@type":"SearchAction","target":{"@type":"EntryPoint","urlTemplate":"https:\/\/www.generalkinematics.com\/es\/?s={search_term_string}"},"query-input":{"@type":"PropertyValueSpecification","valueRequired":true,"valueName":"search_term_string"}}],"inLanguage":"es"},{"@type":"Organization","@id":"https:\/\/www.generalkinematics.com\/es\/#organization","name":"General Kinematics","url":"https:\/\/www.generalkinematics.com\/es\/","logo":{"@type":"ImageObject","inLanguage":"es","@id":"https:\/\/www.generalkinematics.com\/es\/#\/schema\/logo\/image\/","url":"https:\/\/media.generalkinematics.com\/wp-content\/uploads\/2018\/03\/logo.png","contentUrl":"https:\/\/media.generalkinematics.com\/wp-content\/uploads\/2018\/03\/logo.png","width":313,"height":100,"caption":"General Kinematics"},"image":{"@id":"https:\/\/www.generalkinematics.com\/es\/#\/schema\/logo\/image\/"},"sameAs":["https:\/\/www.facebook.com\/generalkinematics","https:\/\/x.com\/gkvibrating"]}]}},"_links":{"self":[{"href":"https:\/\/www.generalkinematics.com\/es\/wp-json\/wp\/v2\/product\/41111","targetHints":{"allow":["GET"]}}],"collection":[{"href":"https:\/\/www.generalkinematics.com\/es\/wp-json\/wp\/v2\/product"}],"about":[{"href":"https:\/\/www.generalkinematics.com\/es\/wp-json\/wp\/v2\/types\/product"}],"replies":[{"embeddable":true,"href":"https:\/\/www.generalkinematics.com\/es\/wp-json\/wp\/v2\/comments?post=41111"}],"wp:featuredmedia":[{"embeddable":true,"href":"https:\/\/www.generalkinematics.com\/es\/wp-json\/wp\/v2\/media\/54815"}],"wp:attachment":[{"href":"https:\/\/www.generalkinematics.com\/es\/wp-json\/wp\/v2\/media?parent=41111"}],"wp:term":[{"taxonomy":"product_brand","embeddable":true,"href":"https:\/\/www.generalkinematics.com\/es\/wp-json\/wp\/v2\/product_brand?post=41111"},{"taxonomy":"product_cat","embeddable":true,"href":"https:\/\/www.generalkinematics.com\/es\/wp-json\/wp\/v2\/product_cat?post=41111"},{"taxonomy":"product_tag","embeddable":true,"href":"https:\/\/www.generalkinematics.com\/es\/wp-json\/wp\/v2\/product_tag?post=41111"}],"curies":[{"name":"wp","href":"https:\/\/api.w.org\/{rel}","templated":true}]}}