{"id":41116,"date":"2017-06-13T12:31:33","date_gmt":"2017-06-13T17:31:33","guid":{"rendered":"https:\/\/www.generalkinematics.com\/product\/tambor-rotatorio-de-gk-con-el-sistema-de-revestimiento-lock-tite\/"},"modified":"2018-08-31T12:42:19","modified_gmt":"2018-08-31T17:42:19","slug":"gk-rotary-drum-lock-tite-liner-system","status":"publish","type":"product","link":"https:\/\/www.generalkinematics.com\/es\/producto\/gk-rotary-drum-lock-tite-liner-system\/","title":{"rendered":"Tambor rotatorio de GK con el sistema de revestimiento LOCK-TITE\u2122"},"content":{"rendered":"<p><strong>Estado<\/strong>:\u00a0Completamente nuevo<\/p>\n<p><strong>Industria<\/strong>:\u00a0Fundici\u00f3n<\/p>\n<p><strong>Aplicaci\u00f3n<\/strong>:\u00a0Arena, medio, tambor de fundici\u00f3n y colada<\/p>\n<p><strong>Modelo<\/strong>:\u00a0DC 6 x 29<\/p>\n<p>72&#8243; DE x 55&#8243; DI x 29&#8243; L<\/p>\n<p>25 HP, 1775 RPM, 230\/460 V<\/p>\n<p>Peso de embarque 50 000 lb<\/p>\n<p><strong>Precio<\/strong>: Llame a GK para obtener m\u00e1s informaci\u00f3n.<\/p>\n<p><strong>Descripci\u00f3n del producto:\u00a0<\/strong><\/p>\n<ul>\n<li>El <strong>tambor de medio rotatorio DUCTA-CLEAN\u00ae <\/strong>es ideal para restregar piezas fundidas y eliminar la arena<\/li>\n<li>Incluye el sistema de revestimiento patentado<\/li>\n<li>Incluye la transmisi\u00f3n, la maquinaria y los componentes<\/li>\n<li>Todo con pintura nueva roja de GK<\/li>\n<\/ul>\n","protected":false},"excerpt":{"rendered":"<p>Estado:\u00a0Completamente nuevo Industria:\u00a0Fundici\u00f3n Aplicaci\u00f3n:\u00a0Arena, medio, tambor de fundici\u00f3n y colada Modelo:\u00a0DC 6 x 29 72&#8243; DE x 55&#8243; DI x 29&#8243; L 25 HP, 1775 RPM, 230\/460 V Peso de embarque 50 000 lb Precio: Llame a GK para obtener m\u00e1s informaci\u00f3n. Descripci\u00f3n del producto:\u00a0 El tambor de medio rotatorio DUCTA-CLEAN\u00ae es ideal para restregar [&hellip;]<\/p>\n","protected":false},"featured_media":30298,"comment_status":"closed","ping_status":"closed","template":"","meta":{"_acf_changed":false,"om_disable_all_campaigns":false,"ep_exclude_from_search":false},"product_brand":[],"product_cat":[1825],"product_tag":[],"class_list":{"0":"post-41116","1":"product","2":"type-product","3":"status-publish","4":"has-post-thumbnail","6":"product_cat-equipo-usado","8":"first","9":"instock","10":"taxable","11":"shipping-taxable","12":"product-type-simple"},"acf":[],"yoast_head":"<!-- This site is optimized with the Yoast SEO plugin v27.2 - https:\/\/yoast.com\/product\/yoast-seo-wordpress\/ -->\n<title>Equipo usado: Criba primaria FINGER-SCREEN\u2122 | General Kinematics<\/title>\n<meta name=\"description\" content=\"\u00a1General Kinematics comercializa equipos usados que parecen nuevos! Esta criba primaria FINGER-SCREEN\u2122 es para reciclaje y se us\u00f3 para demostraci\u00f3n en una feria comercial. \u00a1Cont\u00e1ctenos!\" \/>\n<meta name=\"robots\" content=\"index, follow, max-snippet:-1, max-image-preview:large, max-video-preview:-1\" \/>\n<link rel=\"canonical\" href=\"https:\/\/www.generalkinematics.com\/es\/producto\/gk-rotary-drum-lock-tite-liner-system\/\" \/>\n<meta property=\"og:locale\" content=\"es_ES\" \/>\n<meta property=\"og:type\" content=\"article\" \/>\n<meta property=\"og:title\" content=\"Equipo usado: Criba primaria FINGER-SCREEN\u2122 | General Kinematics\" \/>\n<meta property=\"og:description\" content=\"\u00a1General Kinematics comercializa equipos usados que parecen nuevos! Esta criba primaria FINGER-SCREEN\u2122 es para reciclaje y se us\u00f3 para demostraci\u00f3n en una feria comercial. \u00a1Cont\u00e1ctenos!\" \/>\n<meta property=\"og:url\" content=\"https:\/\/www.generalkinematics.com\/es\/producto\/gk-rotary-drum-lock-tite-liner-system\/\" \/>\n<meta property=\"og:site_name\" content=\"General Kinematics\" \/>\n<meta property=\"article:publisher\" content=\"https:\/\/www.facebook.com\/generalkinematics\" \/>\n<meta property=\"article:modified_time\" content=\"2018-08-31T17:42:19+00:00\" \/>\n<meta property=\"og:image\" content=\"https:\/\/www.generalkinematics.com\/wp-content\/uploads\/2017\/06\/ductaclean.jpg\" \/>\n\t<meta property=\"og:image:width\" content=\"3000\" \/>\n\t<meta property=\"og:image:height\" content=\"2250\" \/>\n\t<meta property=\"og:image:type\" content=\"image\/jpeg\" \/>\n<meta name=\"twitter:card\" content=\"summary_large_image\" \/>\n<meta name=\"twitter:site\" content=\"@gkvibrating\" \/>\n<!-- \/ Yoast SEO plugin. -->","yoast_head_json":{"title":"Equipo usado: Criba primaria FINGER-SCREEN\u2122 | General Kinematics","description":"\u00a1General Kinematics comercializa equipos usados que parecen nuevos! Esta criba primaria FINGER-SCREEN\u2122 es para reciclaje y se us\u00f3 para demostraci\u00f3n en una feria comercial. \u00a1Cont\u00e1ctenos!","robots":{"index":"index","follow":"follow","max-snippet":"max-snippet:-1","max-image-preview":"max-image-preview:large","max-video-preview":"max-video-preview:-1"},"canonical":"https:\/\/www.generalkinematics.com\/es\/producto\/gk-rotary-drum-lock-tite-liner-system\/","og_locale":"es_ES","og_type":"article","og_title":"Equipo usado: Criba primaria FINGER-SCREEN\u2122 | General Kinematics","og_description":"\u00a1General Kinematics comercializa equipos usados que parecen nuevos! Esta criba primaria FINGER-SCREEN\u2122 es para reciclaje y se us\u00f3 para demostraci\u00f3n en una feria comercial. \u00a1Cont\u00e1ctenos!","og_url":"https:\/\/www.generalkinematics.com\/es\/producto\/gk-rotary-drum-lock-tite-liner-system\/","og_site_name":"General Kinematics","article_publisher":"https:\/\/www.facebook.com\/generalkinematics","article_modified_time":"2018-08-31T17:42:19+00:00","og_image":[{"width":3000,"height":2250,"url":"https:\/\/www.generalkinematics.com\/wp-content\/uploads\/2017\/06\/ductaclean.jpg","type":"image\/jpeg"}],"twitter_card":"summary_large_image","twitter_site":"@gkvibrating","schema":{"@context":"https:\/\/schema.org","@graph":[{"@type":"WebPage","@id":"https:\/\/www.generalkinematics.com\/es\/producto\/gk-rotary-drum-lock-tite-liner-system\/","url":"https:\/\/www.generalkinematics.com\/es\/producto\/gk-rotary-drum-lock-tite-liner-system\/","name":"Equipo usado: Criba primaria FINGER-SCREEN\u2122 | General Kinematics","isPartOf":{"@id":"https:\/\/www.generalkinematics.com\/es\/#website"},"primaryImageOfPage":{"@id":"https:\/\/www.generalkinematics.com\/es\/producto\/gk-rotary-drum-lock-tite-liner-system\/#primaryimage"},"image":{"@id":"https:\/\/www.generalkinematics.com\/es\/producto\/gk-rotary-drum-lock-tite-liner-system\/#primaryimage"},"thumbnailUrl":"https:\/\/media.generalkinematics.com\/wp-content\/uploads\/2017\/06\/ductaclean.jpg","datePublished":"2017-06-13T17:31:33+00:00","dateModified":"2018-08-31T17:42:19+00:00","description":"\u00a1General Kinematics comercializa equipos usados que parecen nuevos! Esta criba primaria FINGER-SCREEN\u2122 es para reciclaje y se us\u00f3 para demostraci\u00f3n en una feria comercial. \u00a1Cont\u00e1ctenos!","breadcrumb":{"@id":"https:\/\/www.generalkinematics.com\/es\/producto\/gk-rotary-drum-lock-tite-liner-system\/#breadcrumb"},"inLanguage":"es","potentialAction":[{"@type":"ReadAction","target":["https:\/\/www.generalkinematics.com\/es\/producto\/gk-rotary-drum-lock-tite-liner-system\/"]}]},{"@type":"ImageObject","inLanguage":"es","@id":"https:\/\/www.generalkinematics.com\/es\/producto\/gk-rotary-drum-lock-tite-liner-system\/#primaryimage","url":"https:\/\/media.generalkinematics.com\/wp-content\/uploads\/2017\/06\/ductaclean.jpg","contentUrl":"https:\/\/media.generalkinematics.com\/wp-content\/uploads\/2017\/06\/ductaclean.jpg","width":2500,"height":1875,"caption":"general-kinematics-ductaclean-rotary-drum"},{"@type":"BreadcrumbList","@id":"https:\/\/www.generalkinematics.com\/es\/producto\/gk-rotary-drum-lock-tite-liner-system\/#breadcrumb","itemListElement":[{"@type":"ListItem","position":1,"name":"GK Home","item":"https:\/\/www.generalkinematics.com\/es\/"},{"@type":"ListItem","position":2,"name":"Shop","item":"https:\/\/www.generalkinematics.com\/shop\/"},{"@type":"ListItem","position":3,"name":"Tambor rotatorio de GK con el sistema de revestimiento LOCK-TITE\u2122"}]},{"@type":"WebSite","@id":"https:\/\/www.generalkinematics.com\/es\/#website","url":"https:\/\/www.generalkinematics.com\/es\/","name":"General Kinematics","description":"","publisher":{"@id":"https:\/\/www.generalkinematics.com\/es\/#organization"},"potentialAction":[{"@type":"SearchAction","target":{"@type":"EntryPoint","urlTemplate":"https:\/\/www.generalkinematics.com\/es\/?s={search_term_string}"},"query-input":{"@type":"PropertyValueSpecification","valueRequired":true,"valueName":"search_term_string"}}],"inLanguage":"es"},{"@type":"Organization","@id":"https:\/\/www.generalkinematics.com\/es\/#organization","name":"General Kinematics","url":"https:\/\/www.generalkinematics.com\/es\/","logo":{"@type":"ImageObject","inLanguage":"es","@id":"https:\/\/www.generalkinematics.com\/es\/#\/schema\/logo\/image\/","url":"https:\/\/media.generalkinematics.com\/wp-content\/uploads\/2018\/03\/logo.png","contentUrl":"https:\/\/media.generalkinematics.com\/wp-content\/uploads\/2018\/03\/logo.png","width":313,"height":100,"caption":"General Kinematics"},"image":{"@id":"https:\/\/www.generalkinematics.com\/es\/#\/schema\/logo\/image\/"},"sameAs":["https:\/\/www.facebook.com\/generalkinematics","https:\/\/x.com\/gkvibrating"]}]}},"_links":{"self":[{"href":"https:\/\/www.generalkinematics.com\/es\/wp-json\/wp\/v2\/product\/41116","targetHints":{"allow":["GET"]}}],"collection":[{"href":"https:\/\/www.generalkinematics.com\/es\/wp-json\/wp\/v2\/product"}],"about":[{"href":"https:\/\/www.generalkinematics.com\/es\/wp-json\/wp\/v2\/types\/product"}],"replies":[{"embeddable":true,"href":"https:\/\/www.generalkinematics.com\/es\/wp-json\/wp\/v2\/comments?post=41116"}],"wp:featuredmedia":[{"embeddable":true,"href":"https:\/\/www.generalkinematics.com\/es\/wp-json\/wp\/v2\/media\/30298"}],"wp:attachment":[{"href":"https:\/\/www.generalkinematics.com\/es\/wp-json\/wp\/v2\/media?parent=41116"}],"wp:term":[{"taxonomy":"product_brand","embeddable":true,"href":"https:\/\/www.generalkinematics.com\/es\/wp-json\/wp\/v2\/product_brand?post=41116"},{"taxonomy":"product_cat","embeddable":true,"href":"https:\/\/www.generalkinematics.com\/es\/wp-json\/wp\/v2\/product_cat?post=41116"},{"taxonomy":"product_tag","embeddable":true,"href":"https:\/\/www.generalkinematics.com\/es\/wp-json\/wp\/v2\/product_tag?post=41116"}],"curies":[{"name":"wp","href":"https:\/\/api.w.org\/{rel}","templated":true}]}}