{"id":41129,"date":"2017-10-20T16:09:25","date_gmt":"2017-10-20T21:09:25","guid":{"rendered":"https:\/\/www.generalkinematics.com\/product\/cuerpos-de-tambores-rotatorios\/"},"modified":"2020-05-18T14:11:27","modified_gmt":"2020-05-18T19:11:27","slug":"cuerpos-de-tambores-rotatorios","status":"publish","type":"product","link":"https:\/\/www.generalkinematics.com\/es\/producto\/cuerpos-de-tambores-rotatorios\/","title":{"rendered":"Cuerpos de tambores rotatorios"},"content":{"rendered":"<p>\u00bfEs necesario reemplazar el cuerpo de su tambor rotatorio actual? \u00bfPresenta fugas de arena, est\u00e1 cubierto por parches y ya no es redondo? Parece que es el momento apropiado para modernizar su tambor rotatorio con los cuerpos de tambores de reemplazo para trabajo ultrapesado de GK.<\/p>\n<p>GK suministra conjuntos completos de cuerpos de reemplazo rotatorios para la mayor\u00eda de las marcas de equipo rotatorios. Cada conjunto rotatorio est\u00e1 dise\u00f1ado a la medida del cliente, conforme a su sistema de transmisi\u00f3n y estructura existente. Las carcasas rotatorias utilizan los mismos componentes de larga duraci\u00f3n de todos los tambores rotatorios de GK, incluidas llantas forjadas de reemplazo, los revestimientos LOCK-TITE\u2122 de GK, y est\u00e1n construidos con acero resistente a la abrasi\u00f3n. Los tambores tambi\u00e9n pueden dise\u00f1arse con secciones m\u00e1s peque\u00f1as aseguradas con pernos para facilitar su instalaci\u00f3n en \u00e1reas reducidas, y con revestimientos de la carcasa que pueden reemplazarse y as\u00ed eliminar el desgaste de todo el cuerpo de la unidad. Los componentes adicionales, que incluyen nuevas cadenas, ruedas, rodamientos, etc., pueden obtenerse a trav\u00e9s de GK para ayudarle a reconstruir su sistema de tambor rotatorio.<\/p>\n","protected":false},"excerpt":{"rendered":"<p>\u00bfEs necesario reemplazar el cuerpo de su tambor rotatorio actual? \u00bfPresenta fugas de arena, est\u00e1 cubierto por parches y ya no es redondo? Parece que es el momento apropiado para modernizar su tambor rotatorio con los cuerpos de tambores de reemplazo para trabajo ultrapesado de GK. GK suministra conjuntos completos de cuerpos de reemplazo rotatorios [&hellip;]<\/p>\n","protected":false},"featured_media":32361,"comment_status":"closed","ping_status":"closed","template":"","meta":{"_acf_changed":false,"om_disable_all_campaigns":false,"ep_exclude_from_search":false},"product_brand":[],"product_cat":[1848,1827,1839,1847],"product_tag":[],"class_list":{"0":"post-41129","1":"product","2":"type-product","3":"status-publish","4":"has-post-thumbnail","6":"casestudytag-rotary-drum-liners-es","7":"product_cat-modelos-ducta-series","8":"product_cat-piezas-y-componentes-rotativos","9":"product_cat-soluciones-de-fundicion-y-metalcasting","10":"product_cat-tambores-giratorios-y-sacudidas","12":"first","13":"instock","14":"taxable","15":"shipping-taxable","16":"product-type-simple"},"acf":[],"yoast_head":"<!-- This site is optimized with the Yoast SEO plugin v27.2 - https:\/\/yoast.com\/product\/yoast-seo-wordpress\/ -->\n<title>Cuerpos de tambores rotatorios | General Kinematics<\/title>\n<meta name=\"description\" content=\"GK suministra conjuntos completos de cuerpos de reemplazo rotatorios para la mayor\u00eda de las marcas de equipo rotatorios.\" \/>\n<meta name=\"robots\" content=\"index, follow, max-snippet:-1, max-image-preview:large, max-video-preview:-1\" \/>\n<link rel=\"canonical\" href=\"https:\/\/www.generalkinematics.com\/es\/producto\/cuerpos-de-tambores-rotatorios\/\" \/>\n<meta property=\"og:locale\" content=\"es_ES\" \/>\n<meta property=\"og:type\" content=\"article\" \/>\n<meta property=\"og:title\" content=\"Cuerpos de tambores rotatorios | General Kinematics\" \/>\n<meta property=\"og:description\" content=\"GK suministra conjuntos completos de cuerpos de reemplazo rotatorios para la mayor\u00eda de las marcas de equipo rotatorios.\" \/>\n<meta property=\"og:url\" content=\"https:\/\/www.generalkinematics.com\/es\/producto\/cuerpos-de-tambores-rotatorios\/\" \/>\n<meta property=\"og:site_name\" content=\"General Kinematics\" \/>\n<meta property=\"article:publisher\" content=\"https:\/\/www.facebook.com\/generalkinematics\" \/>\n<meta property=\"article:modified_time\" content=\"2020-05-18T19:11:27+00:00\" \/>\n<meta property=\"og:image\" content=\"https:\/\/media.generalkinematics.com\/wp-content\/uploads\/2017\/10\/2014-08-22-16.38.03.jpg\" \/>\n\t<meta property=\"og:image:width\" content=\"3264\" \/>\n\t<meta property=\"og:image:height\" content=\"2448\" \/>\n\t<meta property=\"og:image:type\" content=\"image\/jpeg\" \/>\n<meta name=\"twitter:card\" content=\"summary_large_image\" \/>\n<meta name=\"twitter:site\" content=\"@gkvibrating\" \/>\n<meta name=\"twitter:label1\" content=\"Tiempo de lectura\" \/>\n\t<meta name=\"twitter:data1\" content=\"1 minuto\" \/>\n<!-- \/ Yoast SEO plugin. -->","yoast_head_json":{"title":"Cuerpos de tambores rotatorios | General Kinematics","description":"GK suministra conjuntos completos de cuerpos de reemplazo rotatorios para la mayor\u00eda de las marcas de equipo rotatorios.","robots":{"index":"index","follow":"follow","max-snippet":"max-snippet:-1","max-image-preview":"max-image-preview:large","max-video-preview":"max-video-preview:-1"},"canonical":"https:\/\/www.generalkinematics.com\/es\/producto\/cuerpos-de-tambores-rotatorios\/","og_locale":"es_ES","og_type":"article","og_title":"Cuerpos de tambores rotatorios | General Kinematics","og_description":"GK suministra conjuntos completos de cuerpos de reemplazo rotatorios para la mayor\u00eda de las marcas de equipo rotatorios.","og_url":"https:\/\/www.generalkinematics.com\/es\/producto\/cuerpos-de-tambores-rotatorios\/","og_site_name":"General Kinematics","article_publisher":"https:\/\/www.facebook.com\/generalkinematics","article_modified_time":"2020-05-18T19:11:27+00:00","og_image":[{"width":3264,"height":2448,"url":"https:\/\/media.generalkinematics.com\/wp-content\/uploads\/2017\/10\/2014-08-22-16.38.03.jpg","type":"image\/jpeg"}],"twitter_card":"summary_large_image","twitter_site":"@gkvibrating","twitter_misc":{"Tiempo de lectura":"1 minuto"},"schema":{"@context":"https:\/\/schema.org","@graph":[{"@type":"WebPage","@id":"https:\/\/www.generalkinematics.com\/es\/producto\/cuerpos-de-tambores-rotatorios\/","url":"https:\/\/www.generalkinematics.com\/es\/producto\/cuerpos-de-tambores-rotatorios\/","name":"Cuerpos de tambores rotatorios | General Kinematics","isPartOf":{"@id":"https:\/\/www.generalkinematics.com\/es\/#website"},"primaryImageOfPage":{"@id":"https:\/\/www.generalkinematics.com\/es\/producto\/cuerpos-de-tambores-rotatorios\/#primaryimage"},"image":{"@id":"https:\/\/www.generalkinematics.com\/es\/producto\/cuerpos-de-tambores-rotatorios\/#primaryimage"},"thumbnailUrl":"https:\/\/media.generalkinematics.com\/wp-content\/uploads\/2017\/10\/2014-08-22-16.38.03.jpg","datePublished":"2017-10-20T21:09:25+00:00","dateModified":"2020-05-18T19:11:27+00:00","description":"GK suministra conjuntos completos de cuerpos de reemplazo rotatorios para la mayor\u00eda de las marcas de equipo rotatorios.","breadcrumb":{"@id":"https:\/\/www.generalkinematics.com\/es\/producto\/cuerpos-de-tambores-rotatorios\/#breadcrumb"},"inLanguage":"es","potentialAction":[{"@type":"ReadAction","target":["https:\/\/www.generalkinematics.com\/es\/producto\/cuerpos-de-tambores-rotatorios\/"]}]},{"@type":"ImageObject","inLanguage":"es","@id":"https:\/\/www.generalkinematics.com\/es\/producto\/cuerpos-de-tambores-rotatorios\/#primaryimage","url":"https:\/\/media.generalkinematics.com\/wp-content\/uploads\/2017\/10\/2014-08-22-16.38.03.jpg","contentUrl":"https:\/\/media.generalkinematics.com\/wp-content\/uploads\/2017\/10\/2014-08-22-16.38.03.jpg","width":2500,"height":1875,"caption":"cuerpo de tambor rotatorio de general kinematics"},{"@type":"BreadcrumbList","@id":"https:\/\/www.generalkinematics.com\/es\/producto\/cuerpos-de-tambores-rotatorios\/#breadcrumb","itemListElement":[{"@type":"ListItem","position":1,"name":"GK Home","item":"https:\/\/www.generalkinematics.com\/es\/"},{"@type":"ListItem","position":2,"name":"Shop","item":"https:\/\/www.generalkinematics.com\/shop\/"},{"@type":"ListItem","position":3,"name":"Cuerpos de tambores rotatorios"}]},{"@type":"WebSite","@id":"https:\/\/www.generalkinematics.com\/es\/#website","url":"https:\/\/www.generalkinematics.com\/es\/","name":"General Kinematics","description":"","publisher":{"@id":"https:\/\/www.generalkinematics.com\/es\/#organization"},"potentialAction":[{"@type":"SearchAction","target":{"@type":"EntryPoint","urlTemplate":"https:\/\/www.generalkinematics.com\/es\/?s={search_term_string}"},"query-input":{"@type":"PropertyValueSpecification","valueRequired":true,"valueName":"search_term_string"}}],"inLanguage":"es"},{"@type":"Organization","@id":"https:\/\/www.generalkinematics.com\/es\/#organization","name":"General Kinematics","url":"https:\/\/www.generalkinematics.com\/es\/","logo":{"@type":"ImageObject","inLanguage":"es","@id":"https:\/\/www.generalkinematics.com\/es\/#\/schema\/logo\/image\/","url":"https:\/\/media.generalkinematics.com\/wp-content\/uploads\/2018\/03\/logo.png","contentUrl":"https:\/\/media.generalkinematics.com\/wp-content\/uploads\/2018\/03\/logo.png","width":313,"height":100,"caption":"General Kinematics"},"image":{"@id":"https:\/\/www.generalkinematics.com\/es\/#\/schema\/logo\/image\/"},"sameAs":["https:\/\/www.facebook.com\/generalkinematics","https:\/\/x.com\/gkvibrating"]}]}},"_links":{"self":[{"href":"https:\/\/www.generalkinematics.com\/es\/wp-json\/wp\/v2\/product\/41129","targetHints":{"allow":["GET"]}}],"collection":[{"href":"https:\/\/www.generalkinematics.com\/es\/wp-json\/wp\/v2\/product"}],"about":[{"href":"https:\/\/www.generalkinematics.com\/es\/wp-json\/wp\/v2\/types\/product"}],"replies":[{"embeddable":true,"href":"https:\/\/www.generalkinematics.com\/es\/wp-json\/wp\/v2\/comments?post=41129"}],"wp:featuredmedia":[{"embeddable":true,"href":"https:\/\/www.generalkinematics.com\/es\/wp-json\/wp\/v2\/media\/32361"}],"wp:attachment":[{"href":"https:\/\/www.generalkinematics.com\/es\/wp-json\/wp\/v2\/media?parent=41129"}],"wp:term":[{"taxonomy":"product_brand","embeddable":true,"href":"https:\/\/www.generalkinematics.com\/es\/wp-json\/wp\/v2\/product_brand?post=41129"},{"taxonomy":"product_cat","embeddable":true,"href":"https:\/\/www.generalkinematics.com\/es\/wp-json\/wp\/v2\/product_cat?post=41129"},{"taxonomy":"product_tag","embeddable":true,"href":"https:\/\/www.generalkinematics.com\/es\/wp-json\/wp\/v2\/product_tag?post=41129"}],"curies":[{"name":"wp","href":"https:\/\/api.w.org\/{rel}","templated":true}]}}