{"id":41137,"date":"2017-10-20T16:23:57","date_gmt":"2017-10-20T21:23:57","guid":{"rendered":"https:\/\/www.generalkinematics.com\/product\/ruedas-y-llantas-forjadas-para-tambores-rotatorios\/"},"modified":"2025-06-19T14:12:40","modified_gmt":"2025-06-19T19:12:40","slug":"ruedas-y-llantas-forjadas-para-tambores-rotatorios","status":"publish","type":"product","link":"https:\/\/www.generalkinematics.com\/es\/producto\/ruedas-y-llantas-forjadas-para-tambores-rotatorios\/","title":{"rendered":"Ruedas y llantas forjadas para tambores rotatorios"},"content":{"rendered":"<p>Cuando comenzamos a fabricar los tambores de fundici\u00f3n rotatorios, sabemos que su construcci\u00f3n debe ser resistente. Las temperaturas extremas y los abrasivos presentes en el entorno, implica que cada componente debe estar homologado para trabajo ultrapesado. Por esta raz\u00f3n GK forjan las ruedas y los neum\u00e1ticos que van en nuestros tambores rotatorios.<\/p>\n<p>Fabricadas con aleaciones de alta dureza, cada pieza es forjada y posteriormente torneada hasta alcanzar la perfecci\u00f3n, garantizando una larga vida \u00fatil. En lo que respecta a la fijaci\u00f3n de las llantas, utilizamos una filosof\u00eda similar a la de los fabricantes de hornos rotatorios para compensar la dilataci\u00f3n t\u00e9rmica. Esto tambi\u00e9n le permite sustituir f\u00e1cilmente las llantas del cuerpo del tambor sin tener que utilizar t\u00e9cnicas o herramientas de soldadura especiales.<\/p>\n<p>Los componentes forjados de GK vienen de serie en todos los tambores rotatorios y cuerpos de reemplazo de GK y tambi\u00e9n pueden acondicionarse a su equipo rotatorio actual.<\/p>\n","protected":false},"excerpt":{"rendered":"<p>Cuando comenzamos a fabricar los tambores de fundici\u00f3n rotatorios, sabemos que su construcci\u00f3n debe ser resistente. Las temperaturas extremas y los abrasivos presentes en el entorno, implica que cada componente debe estar homologado para trabajo ultrapesado. Por esta raz\u00f3n GK forjan las ruedas y los neum\u00e1ticos que van en nuestros tambores rotatorios. Fabricadas con aleaciones [&hellip;]<\/p>\n","protected":false},"featured_media":49292,"comment_status":"closed","ping_status":"closed","template":"","meta":{"_acf_changed":false,"om_disable_all_campaigns":false,"ep_exclude_from_search":false},"product_brand":[],"product_cat":[1848,1827,1839,1847],"product_tag":[],"class_list":{"0":"post-41137","1":"product","2":"type-product","3":"status-publish","4":"has-post-thumbnail","6":"product_cat-modelos-ducta-series","7":"product_cat-piezas-y-componentes-rotativos","8":"product_cat-soluciones-de-fundicion-y-metalcasting","9":"product_cat-tambores-giratorios-y-sacudidas","11":"first","12":"instock","13":"taxable","14":"shipping-taxable","15":"product-type-simple"},"acf":[],"yoast_head":"<!-- This site is optimized with the Yoast SEO plugin v27.5 - https:\/\/yoast.com\/product\/yoast-seo-wordpress\/ -->\n<title>Ruedas y llantas forjadas para tambores rotatorios | General Kinematics<\/title>\n<meta name=\"description\" content=\"Fabricadas con aleaciones de alta dureza, cada pieza es forjada y posteriormente torneada hasta alcanzar la perfecci\u00f3n, garantizando una larga vida \u00fatil.\" \/>\n<meta name=\"robots\" content=\"index, follow, max-snippet:-1, max-image-preview:large, max-video-preview:-1\" \/>\n<link rel=\"canonical\" href=\"https:\/\/www.generalkinematics.com\/es\/producto\/ruedas-y-llantas-forjadas-para-tambores-rotatorios\/\" \/>\n<meta property=\"og:locale\" content=\"es_ES\" \/>\n<meta property=\"og:type\" content=\"article\" \/>\n<meta property=\"og:title\" content=\"Ruedas y llantas forjadas para tambores rotatorios | General Kinematics\" \/>\n<meta property=\"og:description\" content=\"Fabricadas con aleaciones de alta dureza, cada pieza es forjada y posteriormente torneada hasta alcanzar la perfecci\u00f3n, garantizando una larga vida \u00fatil.\" \/>\n<meta property=\"og:url\" content=\"https:\/\/www.generalkinematics.com\/es\/producto\/ruedas-y-llantas-forjadas-para-tambores-rotatorios\/\" \/>\n<meta property=\"og:site_name\" content=\"General Kinematics\" \/>\n<meta property=\"article:publisher\" content=\"https:\/\/www.facebook.com\/generalkinematics\" \/>\n<meta property=\"article:modified_time\" content=\"2025-06-19T19:12:40+00:00\" \/>\n<meta property=\"og:image\" content=\"https:\/\/media.generalkinematics.com\/wp-content\/uploads\/2020\/07\/Rotary-Drum.jpg\" \/>\n\t<meta property=\"og:image:width\" content=\"200\" \/>\n\t<meta property=\"og:image:height\" content=\"200\" \/>\n\t<meta property=\"og:image:type\" content=\"image\/jpeg\" \/>\n<meta name=\"twitter:card\" content=\"summary_large_image\" \/>\n<meta name=\"twitter:site\" content=\"@gkvibrating\" \/>\n<meta name=\"twitter:label1\" content=\"Tiempo de lectura\" \/>\n\t<meta name=\"twitter:data1\" content=\"1 minuto\" \/>\n<!-- \/ Yoast SEO plugin. -->","yoast_head_json":{"title":"Ruedas y llantas forjadas para tambores rotatorios | General Kinematics","description":"Fabricadas con aleaciones de alta dureza, cada pieza es forjada y posteriormente torneada hasta alcanzar la perfecci\u00f3n, garantizando una larga vida \u00fatil.","robots":{"index":"index","follow":"follow","max-snippet":"max-snippet:-1","max-image-preview":"max-image-preview:large","max-video-preview":"max-video-preview:-1"},"canonical":"https:\/\/www.generalkinematics.com\/es\/producto\/ruedas-y-llantas-forjadas-para-tambores-rotatorios\/","og_locale":"es_ES","og_type":"article","og_title":"Ruedas y llantas forjadas para tambores rotatorios | General Kinematics","og_description":"Fabricadas con aleaciones de alta dureza, cada pieza es forjada y posteriormente torneada hasta alcanzar la perfecci\u00f3n, garantizando una larga vida \u00fatil.","og_url":"https:\/\/www.generalkinematics.com\/es\/producto\/ruedas-y-llantas-forjadas-para-tambores-rotatorios\/","og_site_name":"General Kinematics","article_publisher":"https:\/\/www.facebook.com\/generalkinematics","article_modified_time":"2025-06-19T19:12:40+00:00","og_image":[{"width":200,"height":200,"url":"https:\/\/media.generalkinematics.com\/wp-content\/uploads\/2020\/07\/Rotary-Drum.jpg","type":"image\/jpeg"}],"twitter_card":"summary_large_image","twitter_site":"@gkvibrating","twitter_misc":{"Tiempo de lectura":"1 minuto"},"schema":{"@context":"https:\/\/schema.org","@graph":[{"@type":"WebPage","@id":"https:\/\/www.generalkinematics.com\/es\/producto\/ruedas-y-llantas-forjadas-para-tambores-rotatorios\/","url":"https:\/\/www.generalkinematics.com\/es\/producto\/ruedas-y-llantas-forjadas-para-tambores-rotatorios\/","name":"Ruedas y llantas forjadas para tambores rotatorios | General Kinematics","isPartOf":{"@id":"https:\/\/www.generalkinematics.com\/es\/#website"},"primaryImageOfPage":{"@id":"https:\/\/www.generalkinematics.com\/es\/producto\/ruedas-y-llantas-forjadas-para-tambores-rotatorios\/#primaryimage"},"image":{"@id":"https:\/\/www.generalkinematics.com\/es\/producto\/ruedas-y-llantas-forjadas-para-tambores-rotatorios\/#primaryimage"},"thumbnailUrl":"https:\/\/media.generalkinematics.com\/wp-content\/uploads\/2020\/07\/Rotary-Drum.jpg","datePublished":"2017-10-20T21:23:57+00:00","dateModified":"2025-06-19T19:12:40+00:00","description":"Fabricadas con aleaciones de alta dureza, cada pieza es forjada y posteriormente torneada hasta alcanzar la perfecci\u00f3n, garantizando una larga vida \u00fatil.","breadcrumb":{"@id":"https:\/\/www.generalkinematics.com\/es\/producto\/ruedas-y-llantas-forjadas-para-tambores-rotatorios\/#breadcrumb"},"inLanguage":"es","potentialAction":[{"@type":"ReadAction","target":["https:\/\/www.generalkinematics.com\/es\/producto\/ruedas-y-llantas-forjadas-para-tambores-rotatorios\/"]}]},{"@type":"ImageObject","inLanguage":"es","@id":"https:\/\/www.generalkinematics.com\/es\/producto\/ruedas-y-llantas-forjadas-para-tambores-rotatorios\/#primaryimage","url":"https:\/\/media.generalkinematics.com\/wp-content\/uploads\/2020\/07\/Rotary-Drum.jpg","contentUrl":"https:\/\/media.generalkinematics.com\/wp-content\/uploads\/2020\/07\/Rotary-Drum.jpg","width":200,"height":200,"caption":"Rotary Drum"},{"@type":"BreadcrumbList","@id":"https:\/\/www.generalkinematics.com\/es\/producto\/ruedas-y-llantas-forjadas-para-tambores-rotatorios\/#breadcrumb","itemListElement":[{"@type":"ListItem","position":1,"name":"GK Home","item":"https:\/\/www.generalkinematics.com\/es\/"},{"@type":"ListItem","position":2,"name":"Shop","item":"https:\/\/www.generalkinematics.com\/shop\/"},{"@type":"ListItem","position":3,"name":"Ruedas y llantas forjadas para tambores rotatorios"}]},{"@type":"WebSite","@id":"https:\/\/www.generalkinematics.com\/es\/#website","url":"https:\/\/www.generalkinematics.com\/es\/","name":"General Kinematics","description":"","publisher":{"@id":"https:\/\/www.generalkinematics.com\/es\/#organization"},"potentialAction":[{"@type":"SearchAction","target":{"@type":"EntryPoint","urlTemplate":"https:\/\/www.generalkinematics.com\/es\/?s={search_term_string}"},"query-input":{"@type":"PropertyValueSpecification","valueRequired":true,"valueName":"search_term_string"}}],"inLanguage":"es"},{"@type":"Organization","@id":"https:\/\/www.generalkinematics.com\/es\/#organization","name":"General Kinematics","url":"https:\/\/www.generalkinematics.com\/es\/","logo":{"@type":"ImageObject","inLanguage":"es","@id":"https:\/\/www.generalkinematics.com\/es\/#\/schema\/logo\/image\/","url":"https:\/\/media.generalkinematics.com\/wp-content\/uploads\/2018\/03\/logo.png","contentUrl":"https:\/\/media.generalkinematics.com\/wp-content\/uploads\/2018\/03\/logo.png","width":313,"height":100,"caption":"General Kinematics"},"image":{"@id":"https:\/\/www.generalkinematics.com\/es\/#\/schema\/logo\/image\/"},"sameAs":["https:\/\/www.facebook.com\/generalkinematics","https:\/\/x.com\/gkvibrating"]}]}},"_links":{"self":[{"href":"https:\/\/www.generalkinematics.com\/es\/wp-json\/wp\/v2\/product\/41137","targetHints":{"allow":["GET"]}}],"collection":[{"href":"https:\/\/www.generalkinematics.com\/es\/wp-json\/wp\/v2\/product"}],"about":[{"href":"https:\/\/www.generalkinematics.com\/es\/wp-json\/wp\/v2\/types\/product"}],"replies":[{"embeddable":true,"href":"https:\/\/www.generalkinematics.com\/es\/wp-json\/wp\/v2\/comments?post=41137"}],"wp:featuredmedia":[{"embeddable":true,"href":"https:\/\/www.generalkinematics.com\/es\/wp-json\/wp\/v2\/media\/49292"}],"wp:attachment":[{"href":"https:\/\/www.generalkinematics.com\/es\/wp-json\/wp\/v2\/media?parent=41137"}],"wp:term":[{"taxonomy":"product_brand","embeddable":true,"href":"https:\/\/www.generalkinematics.com\/es\/wp-json\/wp\/v2\/product_brand?post=41137"},{"taxonomy":"product_cat","embeddable":true,"href":"https:\/\/www.generalkinematics.com\/es\/wp-json\/wp\/v2\/product_cat?post=41137"},{"taxonomy":"product_tag","embeddable":true,"href":"https:\/\/www.generalkinematics.com\/es\/wp-json\/wp\/v2\/product_tag?post=41137"}],"curies":[{"name":"wp","href":"https:\/\/api.w.org\/{rel}","templated":true}]}}