{"id":41146,"date":"2017-10-20T16:46:43","date_gmt":"2017-10-20T21:46:43","guid":{"rendered":"https:\/\/www.generalkinematics.com\/product\/conversion-de-la-transmision-del-tambor-rotatorio\/"},"modified":"2020-05-18T15:28:37","modified_gmt":"2020-05-18T20:28:37","slug":"conversion-de-la-transmision-del-tambor-rotatorio","status":"publish","type":"product","link":"https:\/\/www.generalkinematics.com\/es\/producto\/conversion-de-la-transmision-del-tambor-rotatorio\/","title":{"rendered":"Conversi\u00f3n de la transmisi\u00f3n del tambor rotatorio"},"content":{"rendered":"<p>\u00bfEst\u00e1 cansado de arrastrarse por el suelo? \u00bfNo puede ver f\u00e1cilmente el estado de su caja de transmisi\u00f3n, motor o cadena? \u00a1Parece que ha llegado el momento de modernizar el sistema de transmisi\u00f3n de su tambor rotatorio con GK!<\/p>\n<p>El proceso de conversi\u00f3n de la transmisi\u00f3n de los tambores rotatorios de GK consiste en levantar la caja de transmisi\u00f3n, el motor y los equipos relacionados y reubicarlos a la altura de los ojos para facilitar el trabajo de inspecci\u00f3n y mantenimiento. Nuestra transmisi\u00f3n integral elimina la necesidad de utilizar correas y est\u00e1 plenamente preparada para desempe\u00f1ar su trabajo sin problemas. El proceso de instalaci\u00f3n se realiza f\u00e1cilmente\u2026 solo desmonte su transmisi\u00f3n anterior, instale el nuevo sistema de montaje, cuelgue la cadena y ponga al equipo en funcionamiento.<\/p>\n<p>GK puede adaptar nuestro sistema de conversi\u00f3n de la transmisi\u00f3n a la mayor\u00eda de los estilos de tambores rotatorios de fundici\u00f3n. Mientras su m\u00e1quina est\u00e1 desactivada, tambi\u00e9n podemos suministrarle otros componentes que son necesarios para optimizar el desempe\u00f1o de su tambor rotatorio. Desde rodamientos hasta cuerpos completos de reemplazo, GK dispone de las piezas rotatorias que necesita para maximizar el tiempo de funcionamiento y el desempe\u00f1o del sistema de desmoldeo.<\/p>\n","protected":false},"excerpt":{"rendered":"<p>\u00bfEst\u00e1 cansado de arrastrarse por el suelo? \u00bfNo puede ver f\u00e1cilmente el estado de su caja de transmisi\u00f3n, motor o cadena? \u00a1Parece que ha llegado el momento de modernizar el sistema de transmisi\u00f3n de su tambor rotatorio con GK! El proceso de conversi\u00f3n de la transmisi\u00f3n de los tambores rotatorios de GK consiste en levantar [&hellip;]<\/p>\n","protected":false},"featured_media":32382,"comment_status":"closed","ping_status":"closed","template":"","meta":{"_acf_changed":false,"om_disable_all_campaigns":false,"ep_exclude_from_search":false},"product_brand":[],"product_cat":[1848,1827,1839,1847],"product_tag":[],"class_list":{"0":"post-41146","1":"product","2":"type-product","3":"status-publish","4":"has-post-thumbnail","6":"product_cat-modelos-ducta-series","7":"product_cat-piezas-y-componentes-rotativos","8":"product_cat-soluciones-de-fundicion-y-metalcasting","9":"product_cat-tambores-giratorios-y-sacudidas","11":"first","12":"instock","13":"taxable","14":"shipping-taxable","15":"product-type-simple"},"acf":[],"yoast_head":"<!-- This site is optimized with the Yoast SEO plugin v27.2 - https:\/\/yoast.com\/product\/yoast-seo-wordpress\/ -->\n<title>Conversi\u00f3n de la transmisi\u00f3n del tambor rotatorio | General Kinematics<\/title>\n<meta name=\"description\" content=\"Levante su caja de transmisi\u00f3n, el motor y los equipos relacionados actuales y reub\u00edquelos a la altura de los ojos para facilitar el trabajo de inspecci\u00f3n y mantenimiento.\" \/>\n<meta name=\"robots\" content=\"index, follow, max-snippet:-1, max-image-preview:large, max-video-preview:-1\" \/>\n<link rel=\"canonical\" href=\"https:\/\/www.generalkinematics.com\/es\/producto\/conversion-de-la-transmision-del-tambor-rotatorio\/\" \/>\n<meta property=\"og:locale\" content=\"es_ES\" \/>\n<meta property=\"og:type\" content=\"article\" \/>\n<meta property=\"og:title\" content=\"Conversi\u00f3n de la transmisi\u00f3n del tambor rotatorio | General Kinematics\" \/>\n<meta property=\"og:description\" content=\"Levante su caja de transmisi\u00f3n, el motor y los equipos relacionados actuales y reub\u00edquelos a la altura de los ojos para facilitar el trabajo de inspecci\u00f3n y mantenimiento.\" \/>\n<meta property=\"og:url\" content=\"https:\/\/www.generalkinematics.com\/es\/producto\/conversion-de-la-transmision-del-tambor-rotatorio\/\" \/>\n<meta property=\"og:site_name\" content=\"General Kinematics\" \/>\n<meta property=\"article:publisher\" content=\"https:\/\/www.facebook.com\/generalkinematics\" \/>\n<meta property=\"article:modified_time\" content=\"2020-05-18T20:28:37+00:00\" \/>\n<meta property=\"og:image\" content=\"https:\/\/media.generalkinematics.com\/wp-content\/uploads\/2017\/10\/Fully-Installed-Drive.jpg\" \/>\n\t<meta property=\"og:image:width\" content=\"3036\" \/>\n\t<meta property=\"og:image:height\" content=\"4048\" \/>\n\t<meta property=\"og:image:type\" content=\"image\/jpeg\" \/>\n<meta name=\"twitter:card\" content=\"summary_large_image\" \/>\n<meta name=\"twitter:site\" content=\"@gkvibrating\" \/>\n<meta name=\"twitter:label1\" content=\"Tiempo de lectura\" \/>\n\t<meta name=\"twitter:data1\" content=\"1 minuto\" \/>\n<!-- \/ Yoast SEO plugin. -->","yoast_head_json":{"title":"Conversi\u00f3n de la transmisi\u00f3n del tambor rotatorio | General Kinematics","description":"Levante su caja de transmisi\u00f3n, el motor y los equipos relacionados actuales y reub\u00edquelos a la altura de los ojos para facilitar el trabajo de inspecci\u00f3n y mantenimiento.","robots":{"index":"index","follow":"follow","max-snippet":"max-snippet:-1","max-image-preview":"max-image-preview:large","max-video-preview":"max-video-preview:-1"},"canonical":"https:\/\/www.generalkinematics.com\/es\/producto\/conversion-de-la-transmision-del-tambor-rotatorio\/","og_locale":"es_ES","og_type":"article","og_title":"Conversi\u00f3n de la transmisi\u00f3n del tambor rotatorio | General Kinematics","og_description":"Levante su caja de transmisi\u00f3n, el motor y los equipos relacionados actuales y reub\u00edquelos a la altura de los ojos para facilitar el trabajo de inspecci\u00f3n y mantenimiento.","og_url":"https:\/\/www.generalkinematics.com\/es\/producto\/conversion-de-la-transmision-del-tambor-rotatorio\/","og_site_name":"General Kinematics","article_publisher":"https:\/\/www.facebook.com\/generalkinematics","article_modified_time":"2020-05-18T20:28:37+00:00","og_image":[{"width":3036,"height":4048,"url":"https:\/\/media.generalkinematics.com\/wp-content\/uploads\/2017\/10\/Fully-Installed-Drive.jpg","type":"image\/jpeg"}],"twitter_card":"summary_large_image","twitter_site":"@gkvibrating","twitter_misc":{"Tiempo de lectura":"1 minuto"},"schema":{"@context":"https:\/\/schema.org","@graph":[{"@type":"WebPage","@id":"https:\/\/www.generalkinematics.com\/es\/producto\/conversion-de-la-transmision-del-tambor-rotatorio\/","url":"https:\/\/www.generalkinematics.com\/es\/producto\/conversion-de-la-transmision-del-tambor-rotatorio\/","name":"Conversi\u00f3n de la transmisi\u00f3n del tambor rotatorio | General Kinematics","isPartOf":{"@id":"https:\/\/www.generalkinematics.com\/es\/#website"},"primaryImageOfPage":{"@id":"https:\/\/www.generalkinematics.com\/es\/producto\/conversion-de-la-transmision-del-tambor-rotatorio\/#primaryimage"},"image":{"@id":"https:\/\/www.generalkinematics.com\/es\/producto\/conversion-de-la-transmision-del-tambor-rotatorio\/#primaryimage"},"thumbnailUrl":"https:\/\/media.generalkinematics.com\/wp-content\/uploads\/2017\/10\/Fully-Installed-Drive.jpg","datePublished":"2017-10-20T21:46:43+00:00","dateModified":"2020-05-18T20:28:37+00:00","description":"Levante su caja de transmisi\u00f3n, el motor y los equipos relacionados actuales y reub\u00edquelos a la altura de los ojos para facilitar el trabajo de inspecci\u00f3n y mantenimiento.","breadcrumb":{"@id":"https:\/\/www.generalkinematics.com\/es\/producto\/conversion-de-la-transmision-del-tambor-rotatorio\/#breadcrumb"},"inLanguage":"es","potentialAction":[{"@type":"ReadAction","target":["https:\/\/www.generalkinematics.com\/es\/producto\/conversion-de-la-transmision-del-tambor-rotatorio\/"]}]},{"@type":"ImageObject","inLanguage":"es","@id":"https:\/\/www.generalkinematics.com\/es\/producto\/conversion-de-la-transmision-del-tambor-rotatorio\/#primaryimage","url":"https:\/\/media.generalkinematics.com\/wp-content\/uploads\/2017\/10\/Fully-Installed-Drive.jpg","contentUrl":"https:\/\/media.generalkinematics.com\/wp-content\/uploads\/2017\/10\/Fully-Installed-Drive.jpg","width":2500,"height":3333,"caption":"transmisi\u00f3n de general kinematics instalada"},{"@type":"BreadcrumbList","@id":"https:\/\/www.generalkinematics.com\/es\/producto\/conversion-de-la-transmision-del-tambor-rotatorio\/#breadcrumb","itemListElement":[{"@type":"ListItem","position":1,"name":"GK Home","item":"https:\/\/www.generalkinematics.com\/es\/"},{"@type":"ListItem","position":2,"name":"Shop","item":"https:\/\/www.generalkinematics.com\/shop\/"},{"@type":"ListItem","position":3,"name":"Conversi\u00f3n de la transmisi\u00f3n del tambor rotatorio"}]},{"@type":"WebSite","@id":"https:\/\/www.generalkinematics.com\/es\/#website","url":"https:\/\/www.generalkinematics.com\/es\/","name":"General Kinematics","description":"","publisher":{"@id":"https:\/\/www.generalkinematics.com\/es\/#organization"},"potentialAction":[{"@type":"SearchAction","target":{"@type":"EntryPoint","urlTemplate":"https:\/\/www.generalkinematics.com\/es\/?s={search_term_string}"},"query-input":{"@type":"PropertyValueSpecification","valueRequired":true,"valueName":"search_term_string"}}],"inLanguage":"es"},{"@type":"Organization","@id":"https:\/\/www.generalkinematics.com\/es\/#organization","name":"General Kinematics","url":"https:\/\/www.generalkinematics.com\/es\/","logo":{"@type":"ImageObject","inLanguage":"es","@id":"https:\/\/www.generalkinematics.com\/es\/#\/schema\/logo\/image\/","url":"https:\/\/media.generalkinematics.com\/wp-content\/uploads\/2018\/03\/logo.png","contentUrl":"https:\/\/media.generalkinematics.com\/wp-content\/uploads\/2018\/03\/logo.png","width":313,"height":100,"caption":"General Kinematics"},"image":{"@id":"https:\/\/www.generalkinematics.com\/es\/#\/schema\/logo\/image\/"},"sameAs":["https:\/\/www.facebook.com\/generalkinematics","https:\/\/x.com\/gkvibrating"]}]}},"_links":{"self":[{"href":"https:\/\/www.generalkinematics.com\/es\/wp-json\/wp\/v2\/product\/41146","targetHints":{"allow":["GET"]}}],"collection":[{"href":"https:\/\/www.generalkinematics.com\/es\/wp-json\/wp\/v2\/product"}],"about":[{"href":"https:\/\/www.generalkinematics.com\/es\/wp-json\/wp\/v2\/types\/product"}],"replies":[{"embeddable":true,"href":"https:\/\/www.generalkinematics.com\/es\/wp-json\/wp\/v2\/comments?post=41146"}],"wp:featuredmedia":[{"embeddable":true,"href":"https:\/\/www.generalkinematics.com\/es\/wp-json\/wp\/v2\/media\/32382"}],"wp:attachment":[{"href":"https:\/\/www.generalkinematics.com\/es\/wp-json\/wp\/v2\/media?parent=41146"}],"wp:term":[{"taxonomy":"product_brand","embeddable":true,"href":"https:\/\/www.generalkinematics.com\/es\/wp-json\/wp\/v2\/product_brand?post=41146"},{"taxonomy":"product_cat","embeddable":true,"href":"https:\/\/www.generalkinematics.com\/es\/wp-json\/wp\/v2\/product_cat?post=41146"},{"taxonomy":"product_tag","embeddable":true,"href":"https:\/\/www.generalkinematics.com\/es\/wp-json\/wp\/v2\/product_tag?post=41146"}],"curies":[{"name":"wp","href":"https:\/\/api.w.org\/{rel}","templated":true}]}}