{"id":41298,"date":"2015-05-12T06:35:47","date_gmt":"2015-05-12T11:35:47","guid":{"rendered":"https:\/\/www.generalkinematics.com\/product\/transmisin-vibratoria-directa\/"},"modified":"2018-08-31T15:41:40","modified_gmt":"2018-08-31T20:41:40","slug":"cribas-de-transmision-directa","status":"publish","type":"product","link":"https:\/\/www.generalkinematics.com\/es\/producto\/cribas-de-transmision-directa\/","title":{"rendered":"Cribas de Transmisi\u00f3n Directa"},"content":{"rendered":"<p><span style=\"font-weight: 400;\">Los alimentadores vibratorios de bandeja y las cribas de transmisi\u00f3n directa de General Kinematics est\u00e1n dise\u00f1ados para el trabajo pesado continuo. Utilizando motores vibratorios compactos y energ\u00e9ticamente eficientes, los equipos de transmisi\u00f3n directa de GK alimentan, miden y criban los materiales m\u00e1s dif\u00edciles. Los dise\u00f1os para trabajo pesado resisten los ambientes m\u00e1s exigentes, con instalaciones de GK que a\u00fan funcionan despu\u00e9s de m\u00e1s de 40 a\u00f1os.<\/span><\/p>\n<h2>Caracter\u00edsticas:<\/h2>\n<ul>\n<li style=\"font-weight: 400;\"><span style=\"font-weight: 400;\">Disponibilidad de tama\u00f1os est\u00e1ndar y personalizados.<\/span><\/li>\n<li style=\"font-weight: 400;\"><span style=\"font-weight: 400;\">Las transmisiones pueden montarse sobre o debajo de la bandeja para una flexibilidad m\u00e1xima del proceso.<\/span><\/li>\n<li style=\"font-weight: 400;\"><span style=\"font-weight: 400;\">Los revestimientos pueden ser soldados o asegurados con tornillos, seg\u00fan su preferencia.<\/span><\/li>\n<li style=\"font-weight: 400;\"><span style=\"font-weight: 400;\">Disponibles con acabados especiales y materiales de construcci\u00f3n opcionales.<\/span><\/li>\n<\/ul>\n","protected":false},"excerpt":{"rendered":"<p>Los alimentadores vibratorios de bandeja y las cribas de transmisi\u00f3n directa de General Kinematics est\u00e1n dise\u00f1ados para el trabajo pesado continuo. Utilizando motores vibratorios compactos y energ\u00e9ticamente eficientes, los equipos de transmisi\u00f3n directa de GK alimentan, miden y criban los materiales m\u00e1s dif\u00edciles. Los dise\u00f1os para trabajo pesado resisten los ambientes m\u00e1s exigentes, con instalaciones [&hellip;]<\/p>\n","protected":false},"featured_media":24584,"comment_status":"closed","ping_status":"closed","template":"","meta":{"_acf_changed":false,"om_disable_all_campaigns":false,"ep_exclude_from_search":false},"product_brand":[],"product_cat":[1655],"product_tag":[],"class_list":{"0":"post-41298","1":"product","2":"type-product","3":"status-publish","4":"has-post-thumbnail","6":"product_cat-soluciones-de-reciclaje","8":"first","9":"instock","10":"taxable","11":"shipping-taxable","12":"product-type-simple"},"acf":[],"yoast_head":"<!-- This site is optimized with the Yoast SEO plugin v27.2 - https:\/\/yoast.com\/product\/yoast-seo-wordpress\/ -->\n<title>Cribas de Transmisi\u00f3n Directa | General Kinematics<\/title>\n<meta name=\"robots\" content=\"index, follow, max-snippet:-1, max-image-preview:large, max-video-preview:-1\" \/>\n<link rel=\"canonical\" href=\"https:\/\/www.generalkinematics.com\/es\/producto\/cribas-de-transmision-directa\/\" \/>\n<meta property=\"og:locale\" content=\"es_ES\" \/>\n<meta property=\"og:type\" content=\"article\" \/>\n<meta property=\"og:title\" content=\"Cribas de Transmisi\u00f3n Directa | General Kinematics\" \/>\n<meta property=\"og:description\" content=\"Los alimentadores vibratorios de bandeja y las cribas de transmisi\u00f3n directa de General Kinematics est\u00e1n dise\u00f1ados para el trabajo pesado continuo. Utilizando motores vibratorios compactos y energ\u00e9ticamente eficientes, los equipos de transmisi\u00f3n directa de GK alimentan, miden y criban los materiales m\u00e1s dif\u00edciles. Los dise\u00f1os para trabajo pesado resisten los ambientes m\u00e1s exigentes, con instalaciones [&hellip;]\" \/>\n<meta property=\"og:url\" content=\"https:\/\/www.generalkinematics.com\/es\/producto\/cribas-de-transmision-directa\/\" \/>\n<meta property=\"og:site_name\" content=\"General Kinematics\" \/>\n<meta property=\"article:publisher\" content=\"https:\/\/www.facebook.com\/generalkinematics\" \/>\n<meta property=\"article:modified_time\" content=\"2018-08-31T20:41:40+00:00\" \/>\n<meta property=\"og:image\" content=\"https:\/\/www.generalkinematics.com\/wp-content\/uploads\/2015\/05\/DCP_0334.jpg\" \/>\n\t<meta property=\"og:image:width\" content=\"2160\" \/>\n\t<meta property=\"og:image:height\" content=\"1440\" \/>\n\t<meta property=\"og:image:type\" content=\"image\/jpeg\" \/>\n<meta name=\"twitter:card\" content=\"summary_large_image\" \/>\n<meta name=\"twitter:site\" content=\"@gkvibrating\" \/>\n<meta name=\"twitter:label1\" content=\"Tiempo de lectura\" \/>\n\t<meta name=\"twitter:data1\" content=\"1 minuto\" \/>\n<!-- \/ Yoast SEO plugin. -->","yoast_head_json":{"title":"Cribas de Transmisi\u00f3n Directa | General Kinematics","robots":{"index":"index","follow":"follow","max-snippet":"max-snippet:-1","max-image-preview":"max-image-preview:large","max-video-preview":"max-video-preview:-1"},"canonical":"https:\/\/www.generalkinematics.com\/es\/producto\/cribas-de-transmision-directa\/","og_locale":"es_ES","og_type":"article","og_title":"Cribas de Transmisi\u00f3n Directa | General Kinematics","og_description":"Los alimentadores vibratorios de bandeja y las cribas de transmisi\u00f3n directa de General Kinematics est\u00e1n dise\u00f1ados para el trabajo pesado continuo. Utilizando motores vibratorios compactos y energ\u00e9ticamente eficientes, los equipos de transmisi\u00f3n directa de GK alimentan, miden y criban los materiales m\u00e1s dif\u00edciles. Los dise\u00f1os para trabajo pesado resisten los ambientes m\u00e1s exigentes, con instalaciones [&hellip;]","og_url":"https:\/\/www.generalkinematics.com\/es\/producto\/cribas-de-transmision-directa\/","og_site_name":"General Kinematics","article_publisher":"https:\/\/www.facebook.com\/generalkinematics","article_modified_time":"2018-08-31T20:41:40+00:00","og_image":[{"width":2160,"height":1440,"url":"https:\/\/www.generalkinematics.com\/wp-content\/uploads\/2015\/05\/DCP_0334.jpg","type":"image\/jpeg"}],"twitter_card":"summary_large_image","twitter_site":"@gkvibrating","twitter_misc":{"Tiempo de lectura":"1 minuto"},"schema":{"@context":"https:\/\/schema.org","@graph":[{"@type":"WebPage","@id":"https:\/\/www.generalkinematics.com\/es\/producto\/cribas-de-transmision-directa\/","url":"https:\/\/www.generalkinematics.com\/es\/producto\/cribas-de-transmision-directa\/","name":"Cribas de Transmisi\u00f3n Directa | General Kinematics","isPartOf":{"@id":"https:\/\/www.generalkinematics.com\/es\/#website"},"primaryImageOfPage":{"@id":"https:\/\/www.generalkinematics.com\/es\/producto\/cribas-de-transmision-directa\/#primaryimage"},"image":{"@id":"https:\/\/www.generalkinematics.com\/es\/producto\/cribas-de-transmision-directa\/#primaryimage"},"thumbnailUrl":"https:\/\/media.generalkinematics.com\/wp-content\/uploads\/2015\/05\/DCP_0334.jpg","datePublished":"2015-05-12T11:35:47+00:00","dateModified":"2018-08-31T20:41:40+00:00","breadcrumb":{"@id":"https:\/\/www.generalkinematics.com\/es\/producto\/cribas-de-transmision-directa\/#breadcrumb"},"inLanguage":"es","potentialAction":[{"@type":"ReadAction","target":["https:\/\/www.generalkinematics.com\/es\/producto\/cribas-de-transmision-directa\/"]}]},{"@type":"ImageObject","inLanguage":"es","@id":"https:\/\/www.generalkinematics.com\/es\/producto\/cribas-de-transmision-directa\/#primaryimage","url":"https:\/\/media.generalkinematics.com\/wp-content\/uploads\/2015\/05\/DCP_0334.jpg","contentUrl":"https:\/\/media.generalkinematics.com\/wp-content\/uploads\/2015\/05\/DCP_0334.jpg","width":2160,"height":1440,"caption":"general-kinematics-recycling-screen"},{"@type":"BreadcrumbList","@id":"https:\/\/www.generalkinematics.com\/es\/producto\/cribas-de-transmision-directa\/#breadcrumb","itemListElement":[{"@type":"ListItem","position":1,"name":"GK Home","item":"https:\/\/www.generalkinematics.com\/es\/"},{"@type":"ListItem","position":2,"name":"Shop","item":"https:\/\/www.generalkinematics.com\/shop\/"},{"@type":"ListItem","position":3,"name":"Cribas de Transmisi\u00f3n Directa"}]},{"@type":"WebSite","@id":"https:\/\/www.generalkinematics.com\/es\/#website","url":"https:\/\/www.generalkinematics.com\/es\/","name":"General Kinematics","description":"","publisher":{"@id":"https:\/\/www.generalkinematics.com\/es\/#organization"},"potentialAction":[{"@type":"SearchAction","target":{"@type":"EntryPoint","urlTemplate":"https:\/\/www.generalkinematics.com\/es\/?s={search_term_string}"},"query-input":{"@type":"PropertyValueSpecification","valueRequired":true,"valueName":"search_term_string"}}],"inLanguage":"es"},{"@type":"Organization","@id":"https:\/\/www.generalkinematics.com\/es\/#organization","name":"General Kinematics","url":"https:\/\/www.generalkinematics.com\/es\/","logo":{"@type":"ImageObject","inLanguage":"es","@id":"https:\/\/www.generalkinematics.com\/es\/#\/schema\/logo\/image\/","url":"https:\/\/media.generalkinematics.com\/wp-content\/uploads\/2018\/03\/logo.png","contentUrl":"https:\/\/media.generalkinematics.com\/wp-content\/uploads\/2018\/03\/logo.png","width":313,"height":100,"caption":"General Kinematics"},"image":{"@id":"https:\/\/www.generalkinematics.com\/es\/#\/schema\/logo\/image\/"},"sameAs":["https:\/\/www.facebook.com\/generalkinematics","https:\/\/x.com\/gkvibrating"]}]}},"_links":{"self":[{"href":"https:\/\/www.generalkinematics.com\/es\/wp-json\/wp\/v2\/product\/41298","targetHints":{"allow":["GET"]}}],"collection":[{"href":"https:\/\/www.generalkinematics.com\/es\/wp-json\/wp\/v2\/product"}],"about":[{"href":"https:\/\/www.generalkinematics.com\/es\/wp-json\/wp\/v2\/types\/product"}],"replies":[{"embeddable":true,"href":"https:\/\/www.generalkinematics.com\/es\/wp-json\/wp\/v2\/comments?post=41298"}],"wp:featuredmedia":[{"embeddable":true,"href":"https:\/\/www.generalkinematics.com\/es\/wp-json\/wp\/v2\/media\/24584"}],"wp:attachment":[{"href":"https:\/\/www.generalkinematics.com\/es\/wp-json\/wp\/v2\/media?parent=41298"}],"wp:term":[{"taxonomy":"product_brand","embeddable":true,"href":"https:\/\/www.generalkinematics.com\/es\/wp-json\/wp\/v2\/product_brand?post=41298"},{"taxonomy":"product_cat","embeddable":true,"href":"https:\/\/www.generalkinematics.com\/es\/wp-json\/wp\/v2\/product_cat?post=41298"},{"taxonomy":"product_tag","embeddable":true,"href":"https:\/\/www.generalkinematics.com\/es\/wp-json\/wp\/v2\/product_tag?post=41298"}],"curies":[{"name":"wp","href":"https:\/\/api.w.org\/{rel}","templated":true}]}}