{"id":41302,"date":"2015-07-26T12:24:41","date_gmt":"2015-07-26T17:24:41","guid":{"rendered":"https:\/\/www.generalkinematics.com\/product\/desmoldeadoras-sin-hornear\/"},"modified":"2018-08-30T21:06:25","modified_gmt":"2018-08-31T02:06:25","slug":"desmoldeadoras-sin-hornear","status":"publish","type":"product","link":"https:\/\/www.generalkinematics.com\/es\/producto\/desmoldeadoras-sin-hornear\/","title":{"rendered":"Desmoldeadoras sin hornear"},"content":{"rendered":"<p>Dise\u00f1adas para manipular las piezas fundidas m\u00e1s grandes del mundo, las <strong>desmoldeadoras sin hornear<\/strong> de General Kinematics eliminan de manera r\u00e1pida y eficiente la arena de los moldes de piezas fundidas. El dise\u00f1o \u00fanico de doble masa compensa autom\u00e1ticamente las condiciones de variaci\u00f3n de la carga, asegurando el desempe\u00f1o de la desmoldeadora sin humedecer el material. La tecnolog\u00eda de doble masa permite a GK hacer vibrar masas enormes a diferencia de las desmoldeadoras convencionales o las antiguas unidades de transmisi\u00f3n directa.<\/p>\n<p>Las desmoldeadoras sin hornear o desmoldeadoras verticales de doble masa de General Kinematics pueden manipular cargas completas de hasta 130.000 libras (60 toneladas) o m\u00e1s. Utilizadas en el sector de miner\u00eda marina e\u00f3lica y de diesel pesado.<\/p>\n<p>Las desmoldeadoras sin hornear se balancean de manera din\u00e1mica para reducir la carga de la base y as\u00ed evitar la transmisi\u00f3n de fuerzas vibratorias. Los dise\u00f1os de las cubiertas de las desmoldeadoras son personalizados espec\u00edficamente para sus productos y tipo de moldeado con arena..<\/p>\n<h2>Caracter\u00edsticas:<\/h2>\n<ul>\n<li>Transmisiones con caballaje extremadamente bajo.<\/li>\n<li>F\u00e1cil mantenimiento de los componentes de la transmisi\u00f3n que se pueden substituir muy r\u00e1pidamente.<\/li>\n<li>Capacidad para manipular piezas fundidas pesadas y fr\u00e1giles.<\/li>\n<li>M\u00e1xima eficiencia para la separaci\u00f3n de arena.<\/li>\n<li>Impulsadas con motores vibratorios sellados patentados.<\/li>\n<li>Las desmoldeadoras sin horneado de GK eliminan la necesidad de utilizar correas en V, bases de motor instaladas sobre pivotes, acoplamientos y rodamientos costosos de gran tama\u00f1o.<\/li>\n<li>La transmisi\u00f3n est\u00e1 instalada en una masa excitadora aparte, totalmente aislada de la acci\u00f3n del impacto de alta intensidad de la cubierta de la desmoldeadora.<\/li>\n<\/ul>\n","protected":false},"excerpt":{"rendered":"<p>Dise\u00f1adas para manipular las piezas fundidas m\u00e1s grandes del mundo, las desmoldeadoras sin hornear de General Kinematics eliminan de manera r\u00e1pida y eficiente la arena de los moldes de piezas fundidas. El dise\u00f1o \u00fanico de doble masa compensa autom\u00e1ticamente las condiciones de variaci\u00f3n de la carga, asegurando el desempe\u00f1o de la desmoldeadora sin humedecer el [&hellip;]<\/p>\n","protected":false},"featured_media":23648,"comment_status":"closed","ping_status":"closed","template":"","meta":{"_acf_changed":false,"om_disable_all_campaigns":false,"ep_exclude_from_search":false},"product_brand":[],"product_cat":[1858,1839,1857],"product_tag":[],"class_list":{"0":"post-41302","1":"product","2":"type-product","3":"status-publish","4":"has-post-thumbnail","6":"casestudytag-shakeout-es","7":"product_cat-sacudida","8":"product_cat-soluciones-de-fundicion-y-metalcasting","9":"product_cat-tambores-vibratorios-y-sacudidas","11":"first","12":"instock","13":"taxable","14":"shipping-taxable","15":"product-type-simple"},"acf":[],"yoast_head":"<!-- This site is optimized with the Yoast SEO plugin v27.2 - https:\/\/yoast.com\/product\/yoast-seo-wordpress\/ -->\n<title>Desmoldeadoras sin hornear | General Kinematics<\/title>\n<meta name=\"robots\" content=\"index, follow, max-snippet:-1, max-image-preview:large, max-video-preview:-1\" \/>\n<link rel=\"canonical\" href=\"https:\/\/www.generalkinematics.com\/es\/producto\/desmoldeadoras-sin-hornear\/\" \/>\n<meta property=\"og:locale\" content=\"es_ES\" \/>\n<meta property=\"og:type\" content=\"article\" \/>\n<meta property=\"og:title\" content=\"Desmoldeadoras sin hornear | General Kinematics\" \/>\n<meta property=\"og:description\" content=\"Dise\u00f1adas para manipular las piezas fundidas m\u00e1s grandes del mundo, las desmoldeadoras sin hornear de General Kinematics eliminan de manera r\u00e1pida y eficiente la arena de los moldes de piezas fundidas. El dise\u00f1o \u00fanico de doble masa compensa autom\u00e1ticamente las condiciones de variaci\u00f3n de la carga, asegurando el desempe\u00f1o de la desmoldeadora sin humedecer el [&hellip;]\" \/>\n<meta property=\"og:url\" content=\"https:\/\/www.generalkinematics.com\/es\/producto\/desmoldeadoras-sin-hornear\/\" \/>\n<meta property=\"og:site_name\" content=\"General Kinematics\" \/>\n<meta property=\"article:publisher\" content=\"https:\/\/www.facebook.com\/generalkinematics\" \/>\n<meta property=\"article:modified_time\" content=\"2018-08-31T02:06:25+00:00\" \/>\n<meta property=\"og:image\" content=\"https:\/\/media.generalkinematics.com\/wp-content\/uploads\/2015\/07\/davide-betz.jpg\" \/>\n\t<meta property=\"og:image:width\" content=\"1134\" \/>\n\t<meta property=\"og:image:height\" content=\"992\" \/>\n\t<meta property=\"og:image:type\" content=\"image\/jpeg\" \/>\n<meta name=\"twitter:card\" content=\"summary_large_image\" \/>\n<meta name=\"twitter:site\" content=\"@gkvibrating\" \/>\n<meta name=\"twitter:label1\" content=\"Tiempo de lectura\" \/>\n\t<meta name=\"twitter:data1\" content=\"1 minuto\" \/>\n<!-- \/ Yoast SEO plugin. -->","yoast_head_json":{"title":"Desmoldeadoras sin hornear | General Kinematics","robots":{"index":"index","follow":"follow","max-snippet":"max-snippet:-1","max-image-preview":"max-image-preview:large","max-video-preview":"max-video-preview:-1"},"canonical":"https:\/\/www.generalkinematics.com\/es\/producto\/desmoldeadoras-sin-hornear\/","og_locale":"es_ES","og_type":"article","og_title":"Desmoldeadoras sin hornear | General Kinematics","og_description":"Dise\u00f1adas para manipular las piezas fundidas m\u00e1s grandes del mundo, las desmoldeadoras sin hornear de General Kinematics eliminan de manera r\u00e1pida y eficiente la arena de los moldes de piezas fundidas. El dise\u00f1o \u00fanico de doble masa compensa autom\u00e1ticamente las condiciones de variaci\u00f3n de la carga, asegurando el desempe\u00f1o de la desmoldeadora sin humedecer el [&hellip;]","og_url":"https:\/\/www.generalkinematics.com\/es\/producto\/desmoldeadoras-sin-hornear\/","og_site_name":"General Kinematics","article_publisher":"https:\/\/www.facebook.com\/generalkinematics","article_modified_time":"2018-08-31T02:06:25+00:00","og_image":[{"width":1134,"height":992,"url":"https:\/\/media.generalkinematics.com\/wp-content\/uploads\/2015\/07\/davide-betz.jpg","type":"image\/jpeg"}],"twitter_card":"summary_large_image","twitter_site":"@gkvibrating","twitter_misc":{"Tiempo de lectura":"1 minuto"},"schema":{"@context":"https:\/\/schema.org","@graph":[{"@type":"WebPage","@id":"https:\/\/www.generalkinematics.com\/es\/producto\/desmoldeadoras-sin-hornear\/","url":"https:\/\/www.generalkinematics.com\/es\/producto\/desmoldeadoras-sin-hornear\/","name":"Desmoldeadoras sin hornear | General Kinematics","isPartOf":{"@id":"https:\/\/www.generalkinematics.com\/es\/#website"},"primaryImageOfPage":{"@id":"https:\/\/www.generalkinematics.com\/es\/producto\/desmoldeadoras-sin-hornear\/#primaryimage"},"image":{"@id":"https:\/\/www.generalkinematics.com\/es\/producto\/desmoldeadoras-sin-hornear\/#primaryimage"},"thumbnailUrl":"https:\/\/media.generalkinematics.com\/wp-content\/uploads\/2015\/07\/davide-betz.jpg","datePublished":"2015-07-26T17:24:41+00:00","dateModified":"2018-08-31T02:06:25+00:00","breadcrumb":{"@id":"https:\/\/www.generalkinematics.com\/es\/producto\/desmoldeadoras-sin-hornear\/#breadcrumb"},"inLanguage":"es","potentialAction":[{"@type":"ReadAction","target":["https:\/\/www.generalkinematics.com\/es\/producto\/desmoldeadoras-sin-hornear\/"]}]},{"@type":"ImageObject","inLanguage":"es","@id":"https:\/\/www.generalkinematics.com\/es\/producto\/desmoldeadoras-sin-hornear\/#primaryimage","url":"https:\/\/media.generalkinematics.com\/wp-content\/uploads\/2015\/07\/davide-betz.jpg","contentUrl":"https:\/\/media.generalkinematics.com\/wp-content\/uploads\/2015\/07\/davide-betz.jpg","width":1134,"height":992,"caption":"general-kinematics-shakeout"},{"@type":"BreadcrumbList","@id":"https:\/\/www.generalkinematics.com\/es\/producto\/desmoldeadoras-sin-hornear\/#breadcrumb","itemListElement":[{"@type":"ListItem","position":1,"name":"GK Home","item":"https:\/\/www.generalkinematics.com\/es\/"},{"@type":"ListItem","position":2,"name":"Shop","item":"https:\/\/www.generalkinematics.com\/shop\/"},{"@type":"ListItem","position":3,"name":"Desmoldeadoras sin hornear"}]},{"@type":"WebSite","@id":"https:\/\/www.generalkinematics.com\/es\/#website","url":"https:\/\/www.generalkinematics.com\/es\/","name":"General Kinematics","description":"","publisher":{"@id":"https:\/\/www.generalkinematics.com\/es\/#organization"},"potentialAction":[{"@type":"SearchAction","target":{"@type":"EntryPoint","urlTemplate":"https:\/\/www.generalkinematics.com\/es\/?s={search_term_string}"},"query-input":{"@type":"PropertyValueSpecification","valueRequired":true,"valueName":"search_term_string"}}],"inLanguage":"es"},{"@type":"Organization","@id":"https:\/\/www.generalkinematics.com\/es\/#organization","name":"General Kinematics","url":"https:\/\/www.generalkinematics.com\/es\/","logo":{"@type":"ImageObject","inLanguage":"es","@id":"https:\/\/www.generalkinematics.com\/es\/#\/schema\/logo\/image\/","url":"https:\/\/media.generalkinematics.com\/wp-content\/uploads\/2018\/03\/logo.png","contentUrl":"https:\/\/media.generalkinematics.com\/wp-content\/uploads\/2018\/03\/logo.png","width":313,"height":100,"caption":"General Kinematics"},"image":{"@id":"https:\/\/www.generalkinematics.com\/es\/#\/schema\/logo\/image\/"},"sameAs":["https:\/\/www.facebook.com\/generalkinematics","https:\/\/x.com\/gkvibrating"]}]}},"_links":{"self":[{"href":"https:\/\/www.generalkinematics.com\/es\/wp-json\/wp\/v2\/product\/41302","targetHints":{"allow":["GET"]}}],"collection":[{"href":"https:\/\/www.generalkinematics.com\/es\/wp-json\/wp\/v2\/product"}],"about":[{"href":"https:\/\/www.generalkinematics.com\/es\/wp-json\/wp\/v2\/types\/product"}],"replies":[{"embeddable":true,"href":"https:\/\/www.generalkinematics.com\/es\/wp-json\/wp\/v2\/comments?post=41302"}],"wp:featuredmedia":[{"embeddable":true,"href":"https:\/\/www.generalkinematics.com\/es\/wp-json\/wp\/v2\/media\/23648"}],"wp:attachment":[{"href":"https:\/\/www.generalkinematics.com\/es\/wp-json\/wp\/v2\/media?parent=41302"}],"wp:term":[{"taxonomy":"product_brand","embeddable":true,"href":"https:\/\/www.generalkinematics.com\/es\/wp-json\/wp\/v2\/product_brand?post=41302"},{"taxonomy":"product_cat","embeddable":true,"href":"https:\/\/www.generalkinematics.com\/es\/wp-json\/wp\/v2\/product_cat?post=41302"},{"taxonomy":"product_tag","embeddable":true,"href":"https:\/\/www.generalkinematics.com\/es\/wp-json\/wp\/v2\/product_tag?post=41302"}],"curies":[{"name":"wp","href":"https:\/\/api.w.org\/{rel}","templated":true}]}}