{"id":41319,"date":"2017-09-26T15:06:50","date_gmt":"2017-09-26T20:06:50","guid":{"rendered":"https:\/\/www.generalkinematics.com\/product\/enfriador-indirecto-para-materiales-higroscpicos\/"},"modified":"2020-08-28T15:04:42","modified_gmt":"2020-08-28T20:04:42","slug":"indirecto-por-cascada-de-flujo-alterno","status":"publish","type":"product","link":"https:\/\/www.generalkinematics.com\/es\/producto\/indirecto-por-cascada-de-flujo-alterno\/","title":{"rendered":"ENFRIADOR INDIRECTO PARA MATERIALES HIGROSC&Oacute;PICOS"},"content":{"rendered":"<p>El nuevo enfriador indirecto por cascada de flujo alterno (AFC, por sus siglas en ingl\u00e9s) mejora significativamente el proceso de enfriamiento del cloruro de litio y otros productos higrosc\u00f3picos. Basado en la tecnolog\u00eda de doble masa que es fundamental de la compa\u00f1\u00eda, el enfriador est\u00e1 dise\u00f1ado con el medio de transporte lineal combinado con la acci\u00f3n de la transmisi\u00f3n horizontal verdadera para esparcir uniformemente el producto y maximizar su contacto con las cubiertas de enfriamiento. El dise\u00f1o modular de la cubierta voltea ulteriormente el producto para un mayor enfriamiento uniforme. Dise\u00f1ado con un pleno l\u00edquido debajo de cada cubierta, el fluido de enfriamiento circula en direcci\u00f3n opuesta al producto, siguiendo un movimiento serpentino que optimiza el efecto de enfriamiento. La descarga de alimentaci\u00f3n sellada y las c\u00e1maras de la cubierta eliminan la necesidad de recolectar el polvo y evitan el ingreso de humedad, haciendo de esta unidad un equipo ideal para productos higrosc\u00f3picos.<\/p>\n<p>&nbsp;<\/p>\n<p>CARACTER\u00cdSTICAS:<\/p>\n<ul>\n<li>Dise\u00f1o apilable para ampliar ulteriormente la longitud del recorrido de enfriamiento<\/li>\n<li>Voltea el material despu\u00e9s de cada giro para un enfriamiento uniforme<\/li>\n<li>La acci\u00f3n de la transmisi\u00f3n horizontal verdadera maximiza la duraci\u00f3n del contacto del producto con la cubierta de enfriamiento<\/li>\n<li>El dise\u00f1o de cubierta modular permite personalizar las zonas de enfriamiento<\/li>\n<li>Disponible con varias construcciones de la bandeja de acero, incluidas en acero inoxidable resistente a la abrasi\u00f3n y aleaci\u00f3n con alto contenido de n\u00edquel para los productos altamente corrosivos<\/li>\n<li>La velocidad de la cinta transportadora puede controlarse<\/li>\n<li>Elimina la necesidad de recolectar el polvo<\/li>\n<li>C\u00e1mara sellada para materiales higrosc\u00f3picos<\/li>\n<li>Compuertas de f\u00e1cil acceso para la manipulaci\u00f3n del material<\/li>\n<li>El dise\u00f1o de doble masa de GK requiere una fracci\u00f3n del caballaje de una m\u00e1quina convencional<\/li>\n<li>Sistema de monitoreo de vibraci\u00f3n incluido<\/li>\n<\/ul>\n","protected":false},"excerpt":{"rendered":"<p>El nuevo enfriador indirecto por cascada de flujo alterno (AFC, por sus siglas en ingl\u00e9s) mejora significativamente el proceso de enfriamiento del cloruro de litio y otros productos higrosc\u00f3picos. Basado en la tecnolog\u00eda de doble masa que es fundamental de la compa\u00f1\u00eda, el enfriador est\u00e1 dise\u00f1ado con el medio de transporte lineal combinado con la [&hellip;]<\/p>\n","protected":false},"featured_media":53705,"comment_status":"closed","ping_status":"closed","template":"","meta":{"_acf_changed":false,"om_disable_all_campaigns":false,"ep_exclude_from_search":false},"product_brand":[],"product_cat":[1837,1831],"product_tag":[],"class_list":{"0":"post-41319","1":"product","2":"type-product","3":"status-publish","4":"has-post-thumbnail","6":"product_cat-alimentadores-vibratorios-soluciones-de-procesamiento-a-granel","7":"product_cat-soluciones-de-procesamiento-a-granel","9":"first","10":"instock","11":"taxable","12":"shipping-taxable","13":"product-type-simple"},"acf":[],"yoast_head":"<!-- This site is optimized with the Yoast SEO plugin v27.2 - https:\/\/yoast.com\/product\/yoast-seo-wordpress\/ -->\n<title>ENFRIADOR INDIRECTO PARA MATERIALES HIGROSC&Oacute;PICOS | General Kinematics<\/title>\n<meta name=\"robots\" content=\"index, follow, max-snippet:-1, max-image-preview:large, max-video-preview:-1\" \/>\n<link rel=\"canonical\" href=\"https:\/\/www.generalkinematics.com\/es\/producto\/indirecto-por-cascada-de-flujo-alterno\/\" \/>\n<meta property=\"og:locale\" content=\"es_ES\" \/>\n<meta property=\"og:type\" content=\"article\" \/>\n<meta property=\"og:title\" content=\"ENFRIADOR INDIRECTO PARA MATERIALES HIGROSC&Oacute;PICOS | General Kinematics\" \/>\n<meta property=\"og:description\" content=\"El nuevo enfriador indirecto por cascada de flujo alterno (AFC, por sus siglas en ingl\u00e9s) mejora significativamente el proceso de enfriamiento del cloruro de litio y otros productos higrosc\u00f3picos. Basado en la tecnolog\u00eda de doble masa que es fundamental de la compa\u00f1\u00eda, el enfriador est\u00e1 dise\u00f1ado con el medio de transporte lineal combinado con la [&hellip;]\" \/>\n<meta property=\"og:url\" content=\"https:\/\/www.generalkinematics.com\/es\/producto\/indirecto-por-cascada-de-flujo-alterno\/\" \/>\n<meta property=\"og:site_name\" content=\"General Kinematics\" \/>\n<meta property=\"article:publisher\" content=\"https:\/\/www.facebook.com\/generalkinematics\" \/>\n<meta property=\"article:modified_time\" content=\"2020-08-28T20:04:42+00:00\" \/>\n<meta property=\"og:image\" content=\"https:\/\/media.generalkinematics.com\/wp-content\/uploads\/2017\/08\/img_1213.jpg\" \/>\n\t<meta property=\"og:image:width\" content=\"3264\" \/>\n\t<meta property=\"og:image:height\" content=\"2448\" \/>\n\t<meta property=\"og:image:type\" content=\"image\/jpeg\" \/>\n<meta name=\"twitter:card\" content=\"summary_large_image\" \/>\n<meta name=\"twitter:site\" content=\"@gkvibrating\" \/>\n<meta name=\"twitter:label1\" content=\"Tiempo de lectura\" \/>\n\t<meta name=\"twitter:data1\" content=\"2 minutos\" \/>\n<!-- \/ Yoast SEO plugin. -->","yoast_head_json":{"title":"ENFRIADOR INDIRECTO PARA MATERIALES HIGROSC&Oacute;PICOS | General Kinematics","robots":{"index":"index","follow":"follow","max-snippet":"max-snippet:-1","max-image-preview":"max-image-preview:large","max-video-preview":"max-video-preview:-1"},"canonical":"https:\/\/www.generalkinematics.com\/es\/producto\/indirecto-por-cascada-de-flujo-alterno\/","og_locale":"es_ES","og_type":"article","og_title":"ENFRIADOR INDIRECTO PARA MATERIALES HIGROSC&Oacute;PICOS | General Kinematics","og_description":"El nuevo enfriador indirecto por cascada de flujo alterno (AFC, por sus siglas en ingl\u00e9s) mejora significativamente el proceso de enfriamiento del cloruro de litio y otros productos higrosc\u00f3picos. Basado en la tecnolog\u00eda de doble masa que es fundamental de la compa\u00f1\u00eda, el enfriador est\u00e1 dise\u00f1ado con el medio de transporte lineal combinado con la [&hellip;]","og_url":"https:\/\/www.generalkinematics.com\/es\/producto\/indirecto-por-cascada-de-flujo-alterno\/","og_site_name":"General Kinematics","article_publisher":"https:\/\/www.facebook.com\/generalkinematics","article_modified_time":"2020-08-28T20:04:42+00:00","og_image":[{"width":3264,"height":2448,"url":"https:\/\/media.generalkinematics.com\/wp-content\/uploads\/2017\/08\/img_1213.jpg","type":"image\/jpeg"}],"twitter_card":"summary_large_image","twitter_site":"@gkvibrating","twitter_misc":{"Tiempo de lectura":"2 minutos"},"schema":{"@context":"https:\/\/schema.org","@graph":[{"@type":"WebPage","@id":"https:\/\/www.generalkinematics.com\/es\/producto\/indirecto-por-cascada-de-flujo-alterno\/","url":"https:\/\/www.generalkinematics.com\/es\/producto\/indirecto-por-cascada-de-flujo-alterno\/","name":"ENFRIADOR INDIRECTO PARA MATERIALES HIGROSC&Oacute;PICOS | General Kinematics","isPartOf":{"@id":"https:\/\/www.generalkinematics.com\/es\/#website"},"primaryImageOfPage":{"@id":"https:\/\/www.generalkinematics.com\/es\/producto\/indirecto-por-cascada-de-flujo-alterno\/#primaryimage"},"image":{"@id":"https:\/\/www.generalkinematics.com\/es\/producto\/indirecto-por-cascada-de-flujo-alterno\/#primaryimage"},"thumbnailUrl":"https:\/\/media.generalkinematics.com\/wp-content\/uploads\/2024\/01\/indirect-cooler.jpg","datePublished":"2017-09-26T20:06:50+00:00","dateModified":"2020-08-28T20:04:42+00:00","breadcrumb":{"@id":"https:\/\/www.generalkinematics.com\/es\/producto\/indirecto-por-cascada-de-flujo-alterno\/#breadcrumb"},"inLanguage":"es","potentialAction":[{"@type":"ReadAction","target":["https:\/\/www.generalkinematics.com\/es\/producto\/indirecto-por-cascada-de-flujo-alterno\/"]}]},{"@type":"ImageObject","inLanguage":"es","@id":"https:\/\/www.generalkinematics.com\/es\/producto\/indirecto-por-cascada-de-flujo-alterno\/#primaryimage","url":"https:\/\/media.generalkinematics.com\/wp-content\/uploads\/2024\/01\/indirect-cooler.jpg","contentUrl":"https:\/\/media.generalkinematics.com\/wp-content\/uploads\/2024\/01\/indirect-cooler.jpg","width":1753,"height":1024},{"@type":"BreadcrumbList","@id":"https:\/\/www.generalkinematics.com\/es\/producto\/indirecto-por-cascada-de-flujo-alterno\/#breadcrumb","itemListElement":[{"@type":"ListItem","position":1,"name":"GK Home","item":"https:\/\/www.generalkinematics.com\/es\/"},{"@type":"ListItem","position":2,"name":"Shop","item":"https:\/\/www.generalkinematics.com\/shop\/"},{"@type":"ListItem","position":3,"name":"ENFRIADOR INDIRECTO PARA MATERIALES HIGROSC&Oacute;PICOS"}]},{"@type":"WebSite","@id":"https:\/\/www.generalkinematics.com\/es\/#website","url":"https:\/\/www.generalkinematics.com\/es\/","name":"General Kinematics","description":"","publisher":{"@id":"https:\/\/www.generalkinematics.com\/es\/#organization"},"potentialAction":[{"@type":"SearchAction","target":{"@type":"EntryPoint","urlTemplate":"https:\/\/www.generalkinematics.com\/es\/?s={search_term_string}"},"query-input":{"@type":"PropertyValueSpecification","valueRequired":true,"valueName":"search_term_string"}}],"inLanguage":"es"},{"@type":"Organization","@id":"https:\/\/www.generalkinematics.com\/es\/#organization","name":"General Kinematics","url":"https:\/\/www.generalkinematics.com\/es\/","logo":{"@type":"ImageObject","inLanguage":"es","@id":"https:\/\/www.generalkinematics.com\/es\/#\/schema\/logo\/image\/","url":"https:\/\/media.generalkinematics.com\/wp-content\/uploads\/2018\/03\/logo.png","contentUrl":"https:\/\/media.generalkinematics.com\/wp-content\/uploads\/2018\/03\/logo.png","width":313,"height":100,"caption":"General Kinematics"},"image":{"@id":"https:\/\/www.generalkinematics.com\/es\/#\/schema\/logo\/image\/"},"sameAs":["https:\/\/www.facebook.com\/generalkinematics","https:\/\/x.com\/gkvibrating"]}]}},"_links":{"self":[{"href":"https:\/\/www.generalkinematics.com\/es\/wp-json\/wp\/v2\/product\/41319","targetHints":{"allow":["GET"]}}],"collection":[{"href":"https:\/\/www.generalkinematics.com\/es\/wp-json\/wp\/v2\/product"}],"about":[{"href":"https:\/\/www.generalkinematics.com\/es\/wp-json\/wp\/v2\/types\/product"}],"replies":[{"embeddable":true,"href":"https:\/\/www.generalkinematics.com\/es\/wp-json\/wp\/v2\/comments?post=41319"}],"wp:featuredmedia":[{"embeddable":true,"href":"https:\/\/www.generalkinematics.com\/es\/wp-json\/wp\/v2\/media\/53705"}],"wp:attachment":[{"href":"https:\/\/www.generalkinematics.com\/es\/wp-json\/wp\/v2\/media?parent=41319"}],"wp:term":[{"taxonomy":"product_brand","embeddable":true,"href":"https:\/\/www.generalkinematics.com\/es\/wp-json\/wp\/v2\/product_brand?post=41319"},{"taxonomy":"product_cat","embeddable":true,"href":"https:\/\/www.generalkinematics.com\/es\/wp-json\/wp\/v2\/product_cat?post=41319"},{"taxonomy":"product_tag","embeddable":true,"href":"https:\/\/www.generalkinematics.com\/es\/wp-json\/wp\/v2\/product_tag?post=41319"}],"curies":[{"name":"wp","href":"https:\/\/api.w.org\/{rel}","templated":true}]}}