{"id":41324,"date":"2018-01-25T14:28:32","date_gmt":"2018-01-25T20:28:32","guid":{"rendered":"https:\/\/www.generalkinematics.com\/product\/enfriador-de-material-a-granel-vibra-fin\/"},"modified":"2018-08-31T07:58:44","modified_gmt":"2018-08-31T12:58:44","slug":"enfriador-de-material-a-granel-vibra-fin","status":"publish","type":"product","link":"https:\/\/www.generalkinematics.com\/es\/producto\/enfriador-de-material-a-granel-vibra-fin\/","title":{"rendered":"ENFRIADOR DE MATERIAL A GRANEL VIBRA-FIN\u2122"},"content":{"rendered":"<p>El <b>enfriador de material a granel VIBRA-FIN\u2122<\/b> de General Kinematics es ideal para enfriar o calentar materiales granulares. Procesamiento de materiales a temperaturas precisas y espec\u00edficas con enfriamiento y calefacci\u00f3n indirecta a trav\u00e9s del intercambio de calor para materiales acondicionados de manera uniforme. No es necesario recolectar el polvo ni se necesita flujo de aire. Procesa materiales y pl\u00e1sticos de 1\/8&#8243; o menos.<\/p>\n<h2>Caracter\u00edsticas:<\/h2>\n<ul>\n<li>No es necesario cortar el aire en los equipos auxiliares.<\/li>\n<li>Salida medida de material.<\/li>\n<li>Calefacci\u00f3n y enfriamiento indirecto.<\/li>\n<li>Sondas para alta y baja temperatura.<\/li>\n<li>Paquetes de enfriamiento personalizados.<\/li>\n<\/ul>\n","protected":false},"excerpt":{"rendered":"<p>El enfriador de material a granel VIBRA-FIN\u2122 de General Kinematics es ideal para enfriar o calentar materiales granulares. Procesamiento de materiales a temperaturas precisas y espec\u00edficas con enfriamiento y calefacci\u00f3n indirecta a trav\u00e9s del intercambio de calor para materiales acondicionados de manera uniforme. No es necesario recolectar el polvo ni se necesita flujo de aire. [&hellip;]<\/p>\n","protected":false},"featured_media":35954,"comment_status":"closed","ping_status":"closed","template":"","meta":{"_acf_changed":false,"om_disable_all_campaigns":false,"ep_exclude_from_search":false},"product_brand":[],"product_cat":[1837,1831],"product_tag":[],"class_list":{"0":"post-41324","1":"product","2":"type-product","3":"status-publish","4":"has-post-thumbnail","6":"product_cat-alimentadores-vibratorios-soluciones-de-procesamiento-a-granel","7":"product_cat-soluciones-de-procesamiento-a-granel","9":"first","10":"instock","11":"taxable","12":"shipping-taxable","13":"product-type-simple"},"acf":[],"yoast_head":"<!-- This site is optimized with the Yoast SEO plugin v27.2 - https:\/\/yoast.com\/product\/yoast-seo-wordpress\/ -->\n<title>ENFRIADOR DE MATERIAL A GRANEL VIBRA-FIN\u2122 | General Kinematics<\/title>\n<meta name=\"robots\" content=\"index, follow, max-snippet:-1, max-image-preview:large, max-video-preview:-1\" \/>\n<link rel=\"canonical\" href=\"https:\/\/www.generalkinematics.com\/es\/producto\/enfriador-de-material-a-granel-vibra-fin\/\" \/>\n<meta property=\"og:locale\" content=\"es_ES\" \/>\n<meta property=\"og:type\" content=\"article\" \/>\n<meta property=\"og:title\" content=\"ENFRIADOR DE MATERIAL A GRANEL VIBRA-FIN\u2122 | General Kinematics\" \/>\n<meta property=\"og:description\" content=\"El enfriador de material a granel VIBRA-FIN\u2122 de General Kinematics es ideal para enfriar o calentar materiales granulares. Procesamiento de materiales a temperaturas precisas y espec\u00edficas con enfriamiento y calefacci\u00f3n indirecta a trav\u00e9s del intercambio de calor para materiales acondicionados de manera uniforme. No es necesario recolectar el polvo ni se necesita flujo de aire. [&hellip;]\" \/>\n<meta property=\"og:url\" content=\"https:\/\/www.generalkinematics.com\/es\/producto\/enfriador-de-material-a-granel-vibra-fin\/\" \/>\n<meta property=\"og:site_name\" content=\"General Kinematics\" \/>\n<meta property=\"article:publisher\" content=\"https:\/\/www.facebook.com\/generalkinematics\" \/>\n<meta property=\"article:modified_time\" content=\"2018-08-31T12:58:44+00:00\" \/>\n<meta property=\"og:image\" content=\"https:\/\/www.generalkinematics.com\/wp-content\/uploads\/2018\/01\/IMG_0525.jpg\" \/>\n\t<meta property=\"og:image:width\" content=\"2448\" \/>\n\t<meta property=\"og:image:height\" content=\"3264\" \/>\n\t<meta property=\"og:image:type\" content=\"image\/jpeg\" \/>\n<meta name=\"twitter:card\" content=\"summary_large_image\" \/>\n<meta name=\"twitter:site\" content=\"@gkvibrating\" \/>\n<!-- \/ Yoast SEO plugin. -->","yoast_head_json":{"title":"ENFRIADOR DE MATERIAL A GRANEL VIBRA-FIN\u2122 | General Kinematics","robots":{"index":"index","follow":"follow","max-snippet":"max-snippet:-1","max-image-preview":"max-image-preview:large","max-video-preview":"max-video-preview:-1"},"canonical":"https:\/\/www.generalkinematics.com\/es\/producto\/enfriador-de-material-a-granel-vibra-fin\/","og_locale":"es_ES","og_type":"article","og_title":"ENFRIADOR DE MATERIAL A GRANEL VIBRA-FIN\u2122 | General Kinematics","og_description":"El enfriador de material a granel VIBRA-FIN\u2122 de General Kinematics es ideal para enfriar o calentar materiales granulares. Procesamiento de materiales a temperaturas precisas y espec\u00edficas con enfriamiento y calefacci\u00f3n indirecta a trav\u00e9s del intercambio de calor para materiales acondicionados de manera uniforme. No es necesario recolectar el polvo ni se necesita flujo de aire. [&hellip;]","og_url":"https:\/\/www.generalkinematics.com\/es\/producto\/enfriador-de-material-a-granel-vibra-fin\/","og_site_name":"General Kinematics","article_publisher":"https:\/\/www.facebook.com\/generalkinematics","article_modified_time":"2018-08-31T12:58:44+00:00","og_image":[{"width":2448,"height":3264,"url":"https:\/\/www.generalkinematics.com\/wp-content\/uploads\/2018\/01\/IMG_0525.jpg","type":"image\/jpeg"}],"twitter_card":"summary_large_image","twitter_site":"@gkvibrating","schema":{"@context":"https:\/\/schema.org","@graph":[{"@type":"WebPage","@id":"https:\/\/www.generalkinematics.com\/es\/producto\/enfriador-de-material-a-granel-vibra-fin\/","url":"https:\/\/www.generalkinematics.com\/es\/producto\/enfriador-de-material-a-granel-vibra-fin\/","name":"ENFRIADOR DE MATERIAL A GRANEL VIBRA-FIN\u2122 | General Kinematics","isPartOf":{"@id":"https:\/\/www.generalkinematics.com\/es\/#website"},"primaryImageOfPage":{"@id":"https:\/\/www.generalkinematics.com\/es\/producto\/enfriador-de-material-a-granel-vibra-fin\/#primaryimage"},"image":{"@id":"https:\/\/www.generalkinematics.com\/es\/producto\/enfriador-de-material-a-granel-vibra-fin\/#primaryimage"},"thumbnailUrl":"https:\/\/media.generalkinematics.com\/wp-content\/uploads\/2018\/01\/IMG_0525.jpg","datePublished":"2018-01-25T20:28:32+00:00","dateModified":"2018-08-31T12:58:44+00:00","breadcrumb":{"@id":"https:\/\/www.generalkinematics.com\/es\/producto\/enfriador-de-material-a-granel-vibra-fin\/#breadcrumb"},"inLanguage":"es","potentialAction":[{"@type":"ReadAction","target":["https:\/\/www.generalkinematics.com\/es\/producto\/enfriador-de-material-a-granel-vibra-fin\/"]}]},{"@type":"ImageObject","inLanguage":"es","@id":"https:\/\/www.generalkinematics.com\/es\/producto\/enfriador-de-material-a-granel-vibra-fin\/#primaryimage","url":"https:\/\/media.generalkinematics.com\/wp-content\/uploads\/2018\/01\/IMG_0525.jpg","contentUrl":"https:\/\/media.generalkinematics.com\/wp-content\/uploads\/2018\/01\/IMG_0525.jpg","width":1440,"height":1920},{"@type":"BreadcrumbList","@id":"https:\/\/www.generalkinematics.com\/es\/producto\/enfriador-de-material-a-granel-vibra-fin\/#breadcrumb","itemListElement":[{"@type":"ListItem","position":1,"name":"GK Home","item":"https:\/\/www.generalkinematics.com\/es\/"},{"@type":"ListItem","position":2,"name":"Shop","item":"https:\/\/www.generalkinematics.com\/shop\/"},{"@type":"ListItem","position":3,"name":"ENFRIADOR DE MATERIAL A GRANEL VIBRA-FIN\u2122"}]},{"@type":"WebSite","@id":"https:\/\/www.generalkinematics.com\/es\/#website","url":"https:\/\/www.generalkinematics.com\/es\/","name":"General Kinematics","description":"","publisher":{"@id":"https:\/\/www.generalkinematics.com\/es\/#organization"},"potentialAction":[{"@type":"SearchAction","target":{"@type":"EntryPoint","urlTemplate":"https:\/\/www.generalkinematics.com\/es\/?s={search_term_string}"},"query-input":{"@type":"PropertyValueSpecification","valueRequired":true,"valueName":"search_term_string"}}],"inLanguage":"es"},{"@type":"Organization","@id":"https:\/\/www.generalkinematics.com\/es\/#organization","name":"General Kinematics","url":"https:\/\/www.generalkinematics.com\/es\/","logo":{"@type":"ImageObject","inLanguage":"es","@id":"https:\/\/www.generalkinematics.com\/es\/#\/schema\/logo\/image\/","url":"https:\/\/media.generalkinematics.com\/wp-content\/uploads\/2018\/03\/logo.png","contentUrl":"https:\/\/media.generalkinematics.com\/wp-content\/uploads\/2018\/03\/logo.png","width":313,"height":100,"caption":"General Kinematics"},"image":{"@id":"https:\/\/www.generalkinematics.com\/es\/#\/schema\/logo\/image\/"},"sameAs":["https:\/\/www.facebook.com\/generalkinematics","https:\/\/x.com\/gkvibrating"]}]}},"_links":{"self":[{"href":"https:\/\/www.generalkinematics.com\/es\/wp-json\/wp\/v2\/product\/41324","targetHints":{"allow":["GET"]}}],"collection":[{"href":"https:\/\/www.generalkinematics.com\/es\/wp-json\/wp\/v2\/product"}],"about":[{"href":"https:\/\/www.generalkinematics.com\/es\/wp-json\/wp\/v2\/types\/product"}],"replies":[{"embeddable":true,"href":"https:\/\/www.generalkinematics.com\/es\/wp-json\/wp\/v2\/comments?post=41324"}],"wp:featuredmedia":[{"embeddable":true,"href":"https:\/\/www.generalkinematics.com\/es\/wp-json\/wp\/v2\/media\/35954"}],"wp:attachment":[{"href":"https:\/\/www.generalkinematics.com\/es\/wp-json\/wp\/v2\/media?parent=41324"}],"wp:term":[{"taxonomy":"product_brand","embeddable":true,"href":"https:\/\/www.generalkinematics.com\/es\/wp-json\/wp\/v2\/product_brand?post=41324"},{"taxonomy":"product_cat","embeddable":true,"href":"https:\/\/www.generalkinematics.com\/es\/wp-json\/wp\/v2\/product_cat?post=41324"},{"taxonomy":"product_tag","embeddable":true,"href":"https:\/\/www.generalkinematics.com\/es\/wp-json\/wp\/v2\/product_tag?post=41324"}],"curies":[{"name":"wp","href":"https:\/\/api.w.org\/{rel}","templated":true}]}}