{"id":47845,"date":"2020-02-05T10:44:24","date_gmt":"2020-02-05T16:44:26","guid":{"rendered":"https:\/\/www.generalkinematics.com\/?post_type=product&#038;p=47845"},"modified":"2021-03-18T10:12:50","modified_gmt":"2021-03-18T15:12:50","slug":"foundry-systems","status":"publish","type":"product","link":"https:\/\/www.generalkinematics.com\/es\/producto\/foundry-systems\/","title":{"rendered":"Sistemas de fundici\u00f3n"},"content":{"rendered":"<p>En General Kinematics, se proporcionan sistemas de fundici\u00f3n completos para el proceso \u00f3ptimo de fundici\u00f3n de metales. Una base de instalaci\u00f3n de m\u00e1s 40.000&nbsp;m\u00e1quinas en 35&nbsp;pa\u00edses durante los \u00faltimos 60&nbsp;a\u00f1os le ha brindado a GK una experiencia en fundici\u00f3n sin igual. Mediante esas instalaciones, GK ha desarrollado una red amplia de relaciones con fabricantes de equipo original (OEM), asociados y proveedores alrededor del mundo. GK est\u00e1 en una posici\u00f3n \u00fanica para crear sistemas y soluciones de fundici\u00f3n de dise\u00f1o personalizado que maximizar\u00e1n la producci\u00f3n con tiempo de inactividad m\u00ednimo.<\/p>\n<p>GK ha dise\u00f1ado sistemas de forma experta para adaptarse a un rango amplio de aplicaciones de fundici\u00f3n de metales. General Kinematics es una empresa con base en ingenier\u00eda que comprende los principios requeridos para fabricar sistemas productivos de fundici\u00f3n. GK puede dise\u00f1ar, planificar y construir cualquier proyecto de fundici\u00f3n con tecnolog\u00eda de vanguardia. Los clientes siempre han confiado en nosotros para que proporcionemos una rentabilidad alta. Nuestro enfoque en el sistema es igual. La metodolog\u00eda comprobada de GK es entregar retornos significativos y una ventaja competitiva a nuestros clientes.<\/p>\n<p>&nbsp;<\/p>\n<h3>Por qu\u00e9 los sistemas de GK:<\/h3>\n<ul>\n<li><strong><span data-preserver-spaces=\"true\">L\u00edder reconocido de la industria.<\/span><\/strong><span data-preserver-spaces=\"true\"> D\u00e9cadas de experiencia y saber hacer en el proceso de fundici\u00f3n nos proporcionan la pericia requerida para dise\u00f1ar sistemas productivos, duraderos y rentables.<\/span><\/li>\n<li><strong><span data-preserver-spaces=\"true\">Menos mantenimiento.<\/span><\/strong><span data-preserver-spaces=\"true\"> La tecnolog\u00eda comprobada de manipulaci\u00f3n de materiales de GK es <\/span><strong><em><span data-preserver-spaces=\"true\">FOUNDRY-RATED\u2122,<\/span><\/em><\/strong><span data-preserver-spaces=\"true\"> por lo que se requiere menos mantenimiento al tiempo que se conserva una durabilidad m\u00e1s prolongada.<\/span><\/li>\n<li><strong><span data-preserver-spaces=\"true\">Soluciones a medida. <\/span><\/strong><span data-preserver-spaces=\"true\">Los sistemas de GK est\u00e1n dise\u00f1ados para que cada componente se integre sin inconvenientes para crear un proceso comprobado que maximizar\u00e1 su rentabilidad.<\/span><\/li>\n<\/ul>\n","protected":false},"excerpt":{"rendered":"<p>En General Kinematics, se proporcionan sistemas de fundici\u00f3n completos para el proceso \u00f3ptimo de fundici\u00f3n de metales. Una base de instalaci\u00f3n de m\u00e1s 40.000&nbsp;m\u00e1quinas en 35&nbsp;pa\u00edses durante los \u00faltimos 60&nbsp;a\u00f1os le ha brindado a GK una experiencia en fundici\u00f3n sin igual. Mediante esas instalaciones, GK ha desarrollado una red amplia de relaciones con fabricantes de [&hellip;]<\/p>\n","protected":false},"featured_media":47868,"comment_status":"closed","ping_status":"closed","template":"","meta":{"_acf_changed":false,"om_disable_all_campaigns":false,"ep_exclude_from_search":false},"product_brand":[],"product_cat":[1855,1843,1845,1861,1841,1839,1857],"product_tag":[],"class_list":{"0":"post-47845","1":"product","2":"type-product","3":"status-publish","4":"has-post-thumbnail","6":"product_cat-alimentadores-vibratorios","7":"product_cat-equipo-de-enfriamiento-de-colada","8":"product_cat-espuma-perdida","9":"product_cat-fundicion-de-arena-verde","10":"product_cat-manejo-de-materiales","11":"product_cat-soluciones-de-fundicion-y-metalcasting","12":"product_cat-tambores-vibratorios-y-sacudidas","14":"first","15":"instock","16":"taxable","17":"shipping-taxable","18":"product-type-simple"},"acf":[],"yoast_head":"<!-- This site is optimized with the Yoast SEO plugin v27.2 - https:\/\/yoast.com\/product\/yoast-seo-wordpress\/ -->\n<title>Sistemas de fundici\u00f3n | General Kinematics<\/title>\n<meta name=\"robots\" content=\"index, follow, max-snippet:-1, max-image-preview:large, max-video-preview:-1\" \/>\n<link rel=\"canonical\" href=\"https:\/\/www.generalkinematics.com\/es\/producto\/foundry-systems\/\" \/>\n<meta property=\"og:locale\" content=\"es_ES\" \/>\n<meta property=\"og:type\" content=\"article\" \/>\n<meta property=\"og:title\" content=\"Sistemas de fundici\u00f3n | General Kinematics\" \/>\n<meta property=\"og:description\" content=\"En General Kinematics, se proporcionan sistemas de fundici\u00f3n completos para el proceso \u00f3ptimo de fundici\u00f3n de metales. Una base de instalaci\u00f3n de m\u00e1s 40.000&nbsp;m\u00e1quinas en 35&nbsp;pa\u00edses durante los \u00faltimos 60&nbsp;a\u00f1os le ha brindado a GK una experiencia en fundici\u00f3n sin igual. Mediante esas instalaciones, GK ha desarrollado una red amplia de relaciones con fabricantes de [&hellip;]\" \/>\n<meta property=\"og:url\" content=\"https:\/\/www.generalkinematics.com\/es\/producto\/foundry-systems\/\" \/>\n<meta property=\"og:site_name\" content=\"General Kinematics\" \/>\n<meta property=\"article:publisher\" content=\"https:\/\/www.facebook.com\/generalkinematics\" \/>\n<meta property=\"article:modified_time\" content=\"2021-03-18T15:12:50+00:00\" \/>\n<meta property=\"og:image\" content=\"https:\/\/www.generalkinematics.com\/wp-content\/uploads\/2020\/02\/DJI_0148.jpg\" \/>\n\t<meta property=\"og:image:width\" content=\"1440\" \/>\n\t<meta property=\"og:image:height\" content=\"1080\" \/>\n\t<meta property=\"og:image:type\" content=\"image\/jpeg\" \/>\n<meta name=\"twitter:card\" content=\"summary_large_image\" \/>\n<meta name=\"twitter:site\" content=\"@gkvibrating\" \/>\n<meta name=\"twitter:label1\" content=\"Tiempo de lectura\" \/>\n\t<meta name=\"twitter:data1\" content=\"2 minutos\" \/>\n<!-- \/ Yoast SEO plugin. -->","yoast_head_json":{"title":"Sistemas de fundici\u00f3n | General Kinematics","robots":{"index":"index","follow":"follow","max-snippet":"max-snippet:-1","max-image-preview":"max-image-preview:large","max-video-preview":"max-video-preview:-1"},"canonical":"https:\/\/www.generalkinematics.com\/es\/producto\/foundry-systems\/","og_locale":"es_ES","og_type":"article","og_title":"Sistemas de fundici\u00f3n | General Kinematics","og_description":"En General Kinematics, se proporcionan sistemas de fundici\u00f3n completos para el proceso \u00f3ptimo de fundici\u00f3n de metales. Una base de instalaci\u00f3n de m\u00e1s 40.000&nbsp;m\u00e1quinas en 35&nbsp;pa\u00edses durante los \u00faltimos 60&nbsp;a\u00f1os le ha brindado a GK una experiencia en fundici\u00f3n sin igual. Mediante esas instalaciones, GK ha desarrollado una red amplia de relaciones con fabricantes de [&hellip;]","og_url":"https:\/\/www.generalkinematics.com\/es\/producto\/foundry-systems\/","og_site_name":"General Kinematics","article_publisher":"https:\/\/www.facebook.com\/generalkinematics","article_modified_time":"2021-03-18T15:12:50+00:00","og_image":[{"width":1440,"height":1080,"url":"https:\/\/www.generalkinematics.com\/wp-content\/uploads\/2020\/02\/DJI_0148.jpg","type":"image\/jpeg"}],"twitter_card":"summary_large_image","twitter_site":"@gkvibrating","twitter_misc":{"Tiempo de lectura":"2 minutos"},"schema":{"@context":"https:\/\/schema.org","@graph":[{"@type":"WebPage","@id":"https:\/\/www.generalkinematics.com\/es\/producto\/foundry-systems\/","url":"https:\/\/www.generalkinematics.com\/es\/producto\/foundry-systems\/","name":"Sistemas de fundici\u00f3n | General Kinematics","isPartOf":{"@id":"https:\/\/www.generalkinematics.com\/es\/#website"},"primaryImageOfPage":{"@id":"https:\/\/www.generalkinematics.com\/es\/producto\/foundry-systems\/#primaryimage"},"image":{"@id":"https:\/\/www.generalkinematics.com\/es\/producto\/foundry-systems\/#primaryimage"},"thumbnailUrl":"https:\/\/media.generalkinematics.com\/wp-content\/uploads\/2020\/02\/DJI_0148.jpg","datePublished":"2020-02-05T16:44:26+00:00","dateModified":"2021-03-18T15:12:50+00:00","breadcrumb":{"@id":"https:\/\/www.generalkinematics.com\/es\/producto\/foundry-systems\/#breadcrumb"},"inLanguage":"es","potentialAction":[{"@type":"ReadAction","target":["https:\/\/www.generalkinematics.com\/es\/producto\/foundry-systems\/"]}]},{"@type":"ImageObject","inLanguage":"es","@id":"https:\/\/www.generalkinematics.com\/es\/producto\/foundry-systems\/#primaryimage","url":"https:\/\/media.generalkinematics.com\/wp-content\/uploads\/2020\/02\/DJI_0148.jpg","contentUrl":"https:\/\/media.generalkinematics.com\/wp-content\/uploads\/2020\/02\/DJI_0148.jpg","width":1440,"height":1080,"caption":"DCIM100MEDIADJI_0148.JPG"},{"@type":"BreadcrumbList","@id":"https:\/\/www.generalkinematics.com\/es\/producto\/foundry-systems\/#breadcrumb","itemListElement":[{"@type":"ListItem","position":1,"name":"GK Home","item":"https:\/\/www.generalkinematics.com\/es\/"},{"@type":"ListItem","position":2,"name":"Shop","item":"https:\/\/www.generalkinematics.com\/shop\/"},{"@type":"ListItem","position":3,"name":"Sistemas de fundici\u00f3n"}]},{"@type":"WebSite","@id":"https:\/\/www.generalkinematics.com\/es\/#website","url":"https:\/\/www.generalkinematics.com\/es\/","name":"General Kinematics","description":"","publisher":{"@id":"https:\/\/www.generalkinematics.com\/es\/#organization"},"potentialAction":[{"@type":"SearchAction","target":{"@type":"EntryPoint","urlTemplate":"https:\/\/www.generalkinematics.com\/es\/?s={search_term_string}"},"query-input":{"@type":"PropertyValueSpecification","valueRequired":true,"valueName":"search_term_string"}}],"inLanguage":"es"},{"@type":"Organization","@id":"https:\/\/www.generalkinematics.com\/es\/#organization","name":"General Kinematics","url":"https:\/\/www.generalkinematics.com\/es\/","logo":{"@type":"ImageObject","inLanguage":"es","@id":"https:\/\/www.generalkinematics.com\/es\/#\/schema\/logo\/image\/","url":"https:\/\/media.generalkinematics.com\/wp-content\/uploads\/2018\/03\/logo.png","contentUrl":"https:\/\/media.generalkinematics.com\/wp-content\/uploads\/2018\/03\/logo.png","width":313,"height":100,"caption":"General Kinematics"},"image":{"@id":"https:\/\/www.generalkinematics.com\/es\/#\/schema\/logo\/image\/"},"sameAs":["https:\/\/www.facebook.com\/generalkinematics","https:\/\/x.com\/gkvibrating"]}]}},"_links":{"self":[{"href":"https:\/\/www.generalkinematics.com\/es\/wp-json\/wp\/v2\/product\/47845","targetHints":{"allow":["GET"]}}],"collection":[{"href":"https:\/\/www.generalkinematics.com\/es\/wp-json\/wp\/v2\/product"}],"about":[{"href":"https:\/\/www.generalkinematics.com\/es\/wp-json\/wp\/v2\/types\/product"}],"replies":[{"embeddable":true,"href":"https:\/\/www.generalkinematics.com\/es\/wp-json\/wp\/v2\/comments?post=47845"}],"wp:featuredmedia":[{"embeddable":true,"href":"https:\/\/www.generalkinematics.com\/es\/wp-json\/wp\/v2\/media\/47868"}],"wp:attachment":[{"href":"https:\/\/www.generalkinematics.com\/es\/wp-json\/wp\/v2\/media?parent=47845"}],"wp:term":[{"taxonomy":"product_brand","embeddable":true,"href":"https:\/\/www.generalkinematics.com\/es\/wp-json\/wp\/v2\/product_brand?post=47845"},{"taxonomy":"product_cat","embeddable":true,"href":"https:\/\/www.generalkinematics.com\/es\/wp-json\/wp\/v2\/product_cat?post=47845"},{"taxonomy":"product_tag","embeddable":true,"href":"https:\/\/www.generalkinematics.com\/es\/wp-json\/wp\/v2\/product_tag?post=47845"}],"curies":[{"name":"wp","href":"https:\/\/api.w.org\/{rel}","templated":true}]}}