{"id":48543,"date":"2020-06-10T15:52:27","date_gmt":"2020-06-10T20:52:27","guid":{"rendered":"https:\/\/www.generalkinematics.com\/?post_type=product&#038;p=48543"},"modified":"2025-06-02T14:34:00","modified_gmt":"2025-06-02T19:34:00","slug":"cribas-stm","status":"publish","type":"product","link":"https:\/\/www.generalkinematics.com\/es\/producto\/cribas-stm\/","title":{"rendered":"CRIBAS VIBRATORIAS DE DOBLE MASA STM-SERIES\u00ae"},"content":{"rendered":"<div class=\"wpb-content-wrapper\"><p>[vc_row][vc_column][vc_column_text]Las cribas vibratorias de doble masa STM-SCREEN\u2122 de General Kinematics utilizan el dise\u00f1o comprobado de transmisi\u00f3n de frecuencia natural de doble masa de GK <b><\/b> <span style=\"font-weight: 400;\">. Este dise\u00f1o reacciona ante la carga y es capaz de ofrecer tiempos de retenci\u00f3n del material m\u00e1s prolongados para procesar el material durante m\u00e1s tiempo. Esto significa que puede conseguir m\u00e1s cribado en el mismo espacio que con sus antiguas cribas de fuerza bruta. <\/span><span style=\"font-weight: 400;\">Los dos motores vibratorios internos eliminan las correas, ejes y rodamientos costosos. Nuestro dise\u00f1o modular patentado utiliza un estriado central para aumentar de forma significativa la integridad estructural y permite un f\u00e1cil montaje y desmontaje para un r\u00e1pido transporte e instalaci\u00f3n.<\/span><\/p>\n<p><a href=\"https:\/\/www.generalkinematics.com\/wp-content\/uploads\/2020\/06\/GKM16V1_STM_Reliability_CaseStudy_052220.pdf\" target=\"_blank\" rel=\"noopener noreferrer\"> <span style=\"font-weight: 400;\">FIABILIDAD<\/span> <\/a><span style=\"font-weight: 400;\">: Experimente la criba m\u00e1s fiable del sector con una vida \u00fatil media <\/span><span style=\"font-weight: 400;\">5<\/span><span style=\"font-weight: 400;\"> veces superior a la de un modelo de fuerza bruta.<\/span><\/p>\n<p><a href=\"https:\/\/www.generalkinematics.com\/wp-content\/uploads\/2020\/06\/GKM15V2_STM_Effieciency_CaseStudy_052220.pdf\" target=\"_blank\" rel=\"noopener noreferrer\"> <span style=\"font-weight: 400;\">EFICACIA<\/span> <\/a><span style=\"font-weight: 400;\">: Mejore su rendimiento en al menos un 30%.<\/span><\/p>\n<p><span style=\"font-weight: 400;\"><a href=\"https:\/\/www.generalkinematics.com\/wp-content\/uploads\/2020\/06\/GKM20_STM_Capacity.pdf\" target=\"_blank\" rel=\"noopener noreferrer\">CAPACIDAD<\/a>: Aumente su capacidad de cribado hasta un 40%. 4 veces la tasa de retenci\u00f3n para mejorar el cribado. <\/span><\/p>\n<p><span style=\"font-weight: 400;\">Estas caracter\u00edsticas se combinan para proporcionar un mayor tiempo de actividad, intervalos de servicio m\u00e1s largos, un rendimiento significativamente mayor y el menor coste de propiedad disponible en un paquete de criba vibratoria.<\/span>[\/vc_column_text][vc_column_text]<a href=\"https:\/\/www.generalkinematics.com\/es\/producto\/cribas-stm\/#tab-videos\">Vea el video m\u00e1s reciente de STM-SCREEN<b>\u2122<\/b> <\/a> para ver c\u00f3mo funciona.[\/vc_column_text][\/vc_column][\/vc_row]<\/p>\n<\/div>","protected":false},"excerpt":{"rendered":"<p>Las cribas vibratorias de doble masa STM-SCREEN\u2122 de General Kinematics utilizan el dise\u00f1o comprobado de transmisi\u00f3n de frecuencia natural de doble masa de GK. Este dise\u00f1o reacciona ante la carga y es capaz de ofrecer tiempos de retenci\u00f3n del material m\u00e1s prolongados [&#8230;]<\/p>\n","protected":false},"featured_media":53529,"comment_status":"closed","ping_status":"closed","template":"","meta":{"_acf_changed":false,"om_disable_all_campaigns":false,"ep_exclude_from_search":false},"product_brand":[],"product_cat":[1862,1866],"product_tag":[],"class_list":{"0":"post-48543","1":"product","2":"type-product","3":"status-publish","4":"has-post-thumbnail","6":"casestudytag-stm-screen-es","7":"product_cat-mineria-y-soluciones-mierales","8":"product_cat-soluciones-de-cribas-es","10":"first","11":"instock","12":"taxable","13":"shipping-taxable","14":"product-type-simple"},"acf":[],"yoast_head":"<!-- This site is optimized with the Yoast SEO plugin v27.2 - https:\/\/yoast.com\/product\/yoast-seo-wordpress\/ -->\n<title>Cribas vibratorias de doble masa STM-SCREEN\u2122 | General Kinematics<\/title>\n<meta name=\"description\" content=\"La criba vibratoria de doble masa STM-SCREEN de GK est\u00e1 probada en el campo y se caracteriza por su alto tiempo de productividad y m\u00ednimo tiempo fuera de servicio para sus soluciones y procesos de miner\u00eda y minerales. \u00a1Obtenga m\u00e1s informaci\u00f3n!\" \/>\n<meta name=\"robots\" content=\"index, follow, max-snippet:-1, max-image-preview:large, max-video-preview:-1\" \/>\n<link rel=\"canonical\" href=\"https:\/\/www.generalkinematics.com\/es\/producto\/cribas-stm\/\" \/>\n<meta property=\"og:locale\" content=\"es_ES\" \/>\n<meta property=\"og:type\" content=\"article\" \/>\n<meta property=\"og:title\" content=\"Cribas vibratorias de doble masa STM-SCREEN\u2122 | General Kinematics\" \/>\n<meta property=\"og:description\" content=\"La criba vibratoria de doble masa STM-SCREEN de GK est\u00e1 probada en el campo y se caracteriza por su alto tiempo de productividad y m\u00ednimo tiempo fuera de servicio para sus soluciones y procesos de miner\u00eda y minerales. \u00a1Obtenga m\u00e1s informaci\u00f3n!\" \/>\n<meta property=\"og:url\" content=\"https:\/\/www.generalkinematics.com\/es\/producto\/cribas-stm\/\" \/>\n<meta property=\"og:site_name\" content=\"General Kinematics\" \/>\n<meta property=\"article:publisher\" content=\"https:\/\/www.facebook.com\/generalkinematics\" \/>\n<meta property=\"article:modified_time\" content=\"2025-06-02T19:34:00+00:00\" \/>\n<meta property=\"og:image\" content=\"https:\/\/media.generalkinematics.com\/wp-content\/uploads\/2020\/06\/258A8205-scaled.jpg\" \/>\n\t<meta property=\"og:image:width\" content=\"2560\" \/>\n\t<meta property=\"og:image:height\" content=\"1438\" \/>\n\t<meta property=\"og:image:type\" content=\"image\/jpeg\" \/>\n<meta name=\"twitter:card\" content=\"summary_large_image\" \/>\n<meta name=\"twitter:site\" content=\"@gkvibrating\" \/>\n<meta name=\"twitter:label1\" content=\"Tiempo de lectura\" \/>\n\t<meta name=\"twitter:data1\" content=\"2 minutos\" \/>\n<!-- \/ Yoast SEO plugin. -->","yoast_head_json":{"title":"Cribas vibratorias de doble masa STM-SCREEN\u2122 | General Kinematics","description":"La criba vibratoria de doble masa STM-SCREEN de GK est\u00e1 probada en el campo y se caracteriza por su alto tiempo de productividad y m\u00ednimo tiempo fuera de servicio para sus soluciones y procesos de miner\u00eda y minerales. \u00a1Obtenga m\u00e1s informaci\u00f3n!","robots":{"index":"index","follow":"follow","max-snippet":"max-snippet:-1","max-image-preview":"max-image-preview:large","max-video-preview":"max-video-preview:-1"},"canonical":"https:\/\/www.generalkinematics.com\/es\/producto\/cribas-stm\/","og_locale":"es_ES","og_type":"article","og_title":"Cribas vibratorias de doble masa STM-SCREEN\u2122 | General Kinematics","og_description":"La criba vibratoria de doble masa STM-SCREEN de GK est\u00e1 probada en el campo y se caracteriza por su alto tiempo de productividad y m\u00ednimo tiempo fuera de servicio para sus soluciones y procesos de miner\u00eda y minerales. \u00a1Obtenga m\u00e1s informaci\u00f3n!","og_url":"https:\/\/www.generalkinematics.com\/es\/producto\/cribas-stm\/","og_site_name":"General Kinematics","article_publisher":"https:\/\/www.facebook.com\/generalkinematics","article_modified_time":"2025-06-02T19:34:00+00:00","og_image":[{"width":2560,"height":1438,"url":"https:\/\/media.generalkinematics.com\/wp-content\/uploads\/2020\/06\/258A8205-scaled.jpg","type":"image\/jpeg"}],"twitter_card":"summary_large_image","twitter_site":"@gkvibrating","twitter_misc":{"Tiempo de lectura":"2 minutos"},"schema":{"@context":"https:\/\/schema.org","@graph":[{"@type":"WebPage","@id":"https:\/\/www.generalkinematics.com\/es\/producto\/cribas-stm\/","url":"https:\/\/www.generalkinematics.com\/es\/producto\/cribas-stm\/","name":"Cribas vibratorias de doble masa STM-SCREEN\u2122 | General Kinematics","isPartOf":{"@id":"https:\/\/www.generalkinematics.com\/es\/#website"},"primaryImageOfPage":{"@id":"https:\/\/www.generalkinematics.com\/es\/producto\/cribas-stm\/#primaryimage"},"image":{"@id":"https:\/\/www.generalkinematics.com\/es\/producto\/cribas-stm\/#primaryimage"},"thumbnailUrl":"https:\/\/media.generalkinematics.com\/wp-content\/uploads\/2020\/06\/258A8205-scaled.jpg","datePublished":"2020-06-10T20:52:27+00:00","dateModified":"2025-06-02T19:34:00+00:00","description":"La criba vibratoria de doble masa STM-SCREEN de GK est\u00e1 probada en el campo y se caracteriza por su alto tiempo de productividad y m\u00ednimo tiempo fuera de servicio para sus soluciones y procesos de miner\u00eda y minerales. \u00a1Obtenga m\u00e1s informaci\u00f3n!","breadcrumb":{"@id":"https:\/\/www.generalkinematics.com\/es\/producto\/cribas-stm\/#breadcrumb"},"inLanguage":"es","potentialAction":[{"@type":"ReadAction","target":["https:\/\/www.generalkinematics.com\/es\/producto\/cribas-stm\/"]}]},{"@type":"ImageObject","inLanguage":"es","@id":"https:\/\/www.generalkinematics.com\/es\/producto\/cribas-stm\/#primaryimage","url":"https:\/\/media.generalkinematics.com\/wp-content\/uploads\/2020\/06\/258A8205-scaled.jpg","contentUrl":"https:\/\/media.generalkinematics.com\/wp-content\/uploads\/2020\/06\/258A8205-scaled.jpg","width":2560,"height":1438},{"@type":"BreadcrumbList","@id":"https:\/\/www.generalkinematics.com\/es\/producto\/cribas-stm\/#breadcrumb","itemListElement":[{"@type":"ListItem","position":1,"name":"GK Home","item":"https:\/\/www.generalkinematics.com\/es\/"},{"@type":"ListItem","position":2,"name":"Shop","item":"https:\/\/www.generalkinematics.com\/shop\/"},{"@type":"ListItem","position":3,"name":"CRIBAS VIBRATORIAS DE DOBLE MASA STM-SERIES\u00ae"}]},{"@type":"WebSite","@id":"https:\/\/www.generalkinematics.com\/es\/#website","url":"https:\/\/www.generalkinematics.com\/es\/","name":"General Kinematics","description":"","publisher":{"@id":"https:\/\/www.generalkinematics.com\/es\/#organization"},"potentialAction":[{"@type":"SearchAction","target":{"@type":"EntryPoint","urlTemplate":"https:\/\/www.generalkinematics.com\/es\/?s={search_term_string}"},"query-input":{"@type":"PropertyValueSpecification","valueRequired":true,"valueName":"search_term_string"}}],"inLanguage":"es"},{"@type":"Organization","@id":"https:\/\/www.generalkinematics.com\/es\/#organization","name":"General Kinematics","url":"https:\/\/www.generalkinematics.com\/es\/","logo":{"@type":"ImageObject","inLanguage":"es","@id":"https:\/\/www.generalkinematics.com\/es\/#\/schema\/logo\/image\/","url":"https:\/\/media.generalkinematics.com\/wp-content\/uploads\/2018\/03\/logo.png","contentUrl":"https:\/\/media.generalkinematics.com\/wp-content\/uploads\/2018\/03\/logo.png","width":313,"height":100,"caption":"General Kinematics"},"image":{"@id":"https:\/\/www.generalkinematics.com\/es\/#\/schema\/logo\/image\/"},"sameAs":["https:\/\/www.facebook.com\/generalkinematics","https:\/\/x.com\/gkvibrating"]}]}},"_links":{"self":[{"href":"https:\/\/www.generalkinematics.com\/es\/wp-json\/wp\/v2\/product\/48543","targetHints":{"allow":["GET"]}}],"collection":[{"href":"https:\/\/www.generalkinematics.com\/es\/wp-json\/wp\/v2\/product"}],"about":[{"href":"https:\/\/www.generalkinematics.com\/es\/wp-json\/wp\/v2\/types\/product"}],"replies":[{"embeddable":true,"href":"https:\/\/www.generalkinematics.com\/es\/wp-json\/wp\/v2\/comments?post=48543"}],"wp:featuredmedia":[{"embeddable":true,"href":"https:\/\/www.generalkinematics.com\/es\/wp-json\/wp\/v2\/media\/53529"}],"wp:attachment":[{"href":"https:\/\/www.generalkinematics.com\/es\/wp-json\/wp\/v2\/media?parent=48543"}],"wp:term":[{"taxonomy":"product_brand","embeddable":true,"href":"https:\/\/www.generalkinematics.com\/es\/wp-json\/wp\/v2\/product_brand?post=48543"},{"taxonomy":"product_cat","embeddable":true,"href":"https:\/\/www.generalkinematics.com\/es\/wp-json\/wp\/v2\/product_cat?post=48543"},{"taxonomy":"product_tag","embeddable":true,"href":"https:\/\/www.generalkinematics.com\/es\/wp-json\/wp\/v2\/product_tag?post=48543"}],"curies":[{"name":"wp","href":"https:\/\/api.w.org\/{rel}","templated":true}]}}