{"id":52375,"date":"2022-07-27T08:50:38","date_gmt":"2022-07-27T13:50:38","guid":{"rendered":"https:\/\/www.generalkinematics.com\/?post_type=product&#038;p=52375"},"modified":"2024-03-14T10:10:47","modified_gmt":"2024-03-14T15:10:47","slug":"duro-deck-pin-installation","status":"publish","type":"product","link":"https:\/\/www.generalkinematics.com\/es\/producto\/duro-deck-pin-installation\/","title":{"rendered":"Instalaci\u00f3n estilo pasador DURO-DECK\u2122"},"content":{"rendered":"<div class=\"wpb-content-wrapper\"><p>[vc_row][vc_column][vc_column_text]<span style=\"font-weight: 400;\">Las cubiertas con instalaci\u00f3n estilo pasador est\u00e1n disponibles en poliuretano y caucho, con una variedad de formas de apertura. El sistema de panel modular de instalaci\u00f3n f\u00e1cil de GK permite el reemplazo f\u00e1cil de \u00e1reas de alto desgaste, sin la necesidad de reemplazar la cubierta de la criba completa. La instalaci\u00f3n estilo pasador utiliza menos espacio, ofreciendo un \u00e1rea abierta un 15\u00a0% superior y un ajuste de panel m\u00e1s seguro en comparaci\u00f3n con otros m\u00e9todos de instalaci\u00f3n. <\/span><\/p>\n<h2><span style=\"font-weight: 400;\">Caracter\u00edsticas:<\/span><\/h2>\n<ul>\n<li style=\"font-weight: 400;\" aria-level=\"1\"><span style=\"font-weight: 400;\">F\u00e1cil instalaci\u00f3n.<\/span><\/li>\n<li style=\"font-weight: 400;\" aria-level=\"1\"><span style=\"font-weight: 400;\">\u00c1rea un 15\u00a0% m\u00e1s abierta.<\/span><\/li>\n<li style=\"font-weight: 400;\" aria-level=\"1\"><span style=\"font-weight: 400;\">El sistema modular le permite reemplazar solo las \u00e1reas de desgaste cuando es necesario.<\/span><\/li>\n<li style=\"font-weight: 400;\" aria-level=\"1\"><span style=\"font-weight: 400;\">Ajustado mec\u00e1nicamente para una instalaci\u00f3n segura.<\/span><\/li>\n<li style=\"font-weight: 400;\" aria-level=\"1\"><span style=\"font-weight: 400;\">Altamente personalizable.<\/span><\/li>\n<\/ul>\n<p>[\/vc_column_text][\/vc_column][\/vc_row]<\/p>\n<\/div>","protected":false},"excerpt":{"rendered":"<p>El sistema de panel modular de instalaci\u00f3n f\u00e1cil de GK permite el reemplazo f\u00e1cil de \u00e1reas de alto desgaste, sin la necesidad de reemplazar la criba completa. La instalaci\u00f3n estilo pasador utiliza menos espacio, ofreciendo un \u00e1rea abierta un 15\u00a0% superior y&#8230;<\/p>\n","protected":false},"featured_media":52749,"comment_status":"closed","ping_status":"closed","template":"","meta":{"_acf_changed":false,"om_disable_all_campaigns":false,"ep_exclude_from_search":false},"product_brand":[],"product_cat":[2309,1818],"product_tag":[],"class_list":{"0":"post-52375","1":"product","2":"type-product","3":"status-publish","4":"has-post-thumbnail","6":"product_cat-duro-deck-es","7":"product_cat-gkparts-com-es","9":"first","10":"instock","11":"taxable","12":"shipping-taxable","13":"product-type-simple"},"acf":[],"yoast_head":"<!-- This site is optimized with the Yoast SEO plugin v27.2 - https:\/\/yoast.com\/product\/yoast-seo-wordpress\/ -->\n<title>Instalaci\u00f3n estilo pasador DURO-DECK\u2122<\/title>\n<meta name=\"description\" content=\"El sistema de panel modular de instalaci\u00f3n f\u00e1cil de GK permite el reemplazo f\u00e1cil de \u00e1reas de alto desgaste, sin la necesidad de reemplazar la criba completa.\" \/>\n<meta name=\"robots\" content=\"index, follow, max-snippet:-1, max-image-preview:large, max-video-preview:-1\" \/>\n<link rel=\"canonical\" href=\"https:\/\/www.generalkinematics.com\/es\/producto\/duro-deck-pin-installation\/\" \/>\n<meta property=\"og:locale\" content=\"es_ES\" \/>\n<meta property=\"og:type\" content=\"article\" \/>\n<meta property=\"og:title\" content=\"Instalaci\u00f3n estilo pasador DURO-DECK\u2122\" \/>\n<meta property=\"og:description\" content=\"El sistema de panel modular de instalaci\u00f3n f\u00e1cil de GK permite el reemplazo f\u00e1cil de \u00e1reas de alto desgaste, sin la necesidad de reemplazar la criba completa.\" \/>\n<meta property=\"og:url\" content=\"https:\/\/www.generalkinematics.com\/es\/producto\/duro-deck-pin-installation\/\" \/>\n<meta property=\"og:site_name\" content=\"General Kinematics\" \/>\n<meta property=\"article:publisher\" content=\"https:\/\/www.facebook.com\/generalkinematics\" \/>\n<meta property=\"article:modified_time\" content=\"2024-03-14T15:10:47+00:00\" \/>\n<meta property=\"og:image\" content=\"https:\/\/media.generalkinematics.com\/wp-content\/uploads\/2022\/07\/deck-pin-opening.jpg\" \/>\n\t<meta property=\"og:image:width\" content=\"1920\" \/>\n\t<meta property=\"og:image:height\" content=\"1277\" \/>\n\t<meta property=\"og:image:type\" content=\"image\/jpeg\" \/>\n<meta name=\"twitter:card\" content=\"summary_large_image\" \/>\n<meta name=\"twitter:site\" content=\"@gkvibrating\" \/>\n<meta name=\"twitter:label1\" content=\"Tiempo de lectura\" \/>\n\t<meta name=\"twitter:data1\" content=\"1 minuto\" \/>\n<!-- \/ Yoast SEO plugin. -->","yoast_head_json":{"title":"Instalaci\u00f3n estilo pasador DURO-DECK\u2122","description":"El sistema de panel modular de instalaci\u00f3n f\u00e1cil de GK permite el reemplazo f\u00e1cil de \u00e1reas de alto desgaste, sin la necesidad de reemplazar la criba completa.","robots":{"index":"index","follow":"follow","max-snippet":"max-snippet:-1","max-image-preview":"max-image-preview:large","max-video-preview":"max-video-preview:-1"},"canonical":"https:\/\/www.generalkinematics.com\/es\/producto\/duro-deck-pin-installation\/","og_locale":"es_ES","og_type":"article","og_title":"Instalaci\u00f3n estilo pasador DURO-DECK\u2122","og_description":"El sistema de panel modular de instalaci\u00f3n f\u00e1cil de GK permite el reemplazo f\u00e1cil de \u00e1reas de alto desgaste, sin la necesidad de reemplazar la criba completa.","og_url":"https:\/\/www.generalkinematics.com\/es\/producto\/duro-deck-pin-installation\/","og_site_name":"General Kinematics","article_publisher":"https:\/\/www.facebook.com\/generalkinematics","article_modified_time":"2024-03-14T15:10:47+00:00","og_image":[{"width":1920,"height":1277,"url":"https:\/\/media.generalkinematics.com\/wp-content\/uploads\/2022\/07\/deck-pin-opening.jpg","type":"image\/jpeg"}],"twitter_card":"summary_large_image","twitter_site":"@gkvibrating","twitter_misc":{"Tiempo de lectura":"1 minuto"},"schema":{"@context":"https:\/\/schema.org","@graph":[{"@type":"WebPage","@id":"https:\/\/www.generalkinematics.com\/es\/producto\/duro-deck-pin-installation\/","url":"https:\/\/www.generalkinematics.com\/es\/producto\/duro-deck-pin-installation\/","name":"Instalaci\u00f3n estilo pasador DURO-DECK\u2122","isPartOf":{"@id":"https:\/\/www.generalkinematics.com\/es\/#website"},"primaryImageOfPage":{"@id":"https:\/\/www.generalkinematics.com\/es\/producto\/duro-deck-pin-installation\/#primaryimage"},"image":{"@id":"https:\/\/www.generalkinematics.com\/es\/producto\/duro-deck-pin-installation\/#primaryimage"},"thumbnailUrl":"https:\/\/media.generalkinematics.com\/wp-content\/uploads\/2022\/07\/deck-pin-opening.jpg","datePublished":"2022-07-27T13:50:38+00:00","dateModified":"2024-03-14T15:10:47+00:00","description":"El sistema de panel modular de instalaci\u00f3n f\u00e1cil de GK permite el reemplazo f\u00e1cil de \u00e1reas de alto desgaste, sin la necesidad de reemplazar la criba completa.","breadcrumb":{"@id":"https:\/\/www.generalkinematics.com\/es\/producto\/duro-deck-pin-installation\/#breadcrumb"},"inLanguage":"es","potentialAction":[{"@type":"ReadAction","target":["https:\/\/www.generalkinematics.com\/es\/producto\/duro-deck-pin-installation\/"]}]},{"@type":"ImageObject","inLanguage":"es","@id":"https:\/\/www.generalkinematics.com\/es\/producto\/duro-deck-pin-installation\/#primaryimage","url":"https:\/\/media.generalkinematics.com\/wp-content\/uploads\/2022\/07\/deck-pin-opening.jpg","contentUrl":"https:\/\/media.generalkinematics.com\/wp-content\/uploads\/2022\/07\/deck-pin-opening.jpg","width":1920,"height":1277},{"@type":"BreadcrumbList","@id":"https:\/\/www.generalkinematics.com\/es\/producto\/duro-deck-pin-installation\/#breadcrumb","itemListElement":[{"@type":"ListItem","position":1,"name":"GK Home","item":"https:\/\/www.generalkinematics.com\/es\/"},{"@type":"ListItem","position":2,"name":"Shop","item":"https:\/\/www.generalkinematics.com\/shop\/"},{"@type":"ListItem","position":3,"name":"Instalaci\u00f3n estilo pasador DURO-DECK\u2122"}]},{"@type":"WebSite","@id":"https:\/\/www.generalkinematics.com\/es\/#website","url":"https:\/\/www.generalkinematics.com\/es\/","name":"General Kinematics","description":"","publisher":{"@id":"https:\/\/www.generalkinematics.com\/es\/#organization"},"potentialAction":[{"@type":"SearchAction","target":{"@type":"EntryPoint","urlTemplate":"https:\/\/www.generalkinematics.com\/es\/?s={search_term_string}"},"query-input":{"@type":"PropertyValueSpecification","valueRequired":true,"valueName":"search_term_string"}}],"inLanguage":"es"},{"@type":"Organization","@id":"https:\/\/www.generalkinematics.com\/es\/#organization","name":"General Kinematics","url":"https:\/\/www.generalkinematics.com\/es\/","logo":{"@type":"ImageObject","inLanguage":"es","@id":"https:\/\/www.generalkinematics.com\/es\/#\/schema\/logo\/image\/","url":"https:\/\/media.generalkinematics.com\/wp-content\/uploads\/2018\/03\/logo.png","contentUrl":"https:\/\/media.generalkinematics.com\/wp-content\/uploads\/2018\/03\/logo.png","width":313,"height":100,"caption":"General Kinematics"},"image":{"@id":"https:\/\/www.generalkinematics.com\/es\/#\/schema\/logo\/image\/"},"sameAs":["https:\/\/www.facebook.com\/generalkinematics","https:\/\/x.com\/gkvibrating"]}]}},"_links":{"self":[{"href":"https:\/\/www.generalkinematics.com\/es\/wp-json\/wp\/v2\/product\/52375","targetHints":{"allow":["GET"]}}],"collection":[{"href":"https:\/\/www.generalkinematics.com\/es\/wp-json\/wp\/v2\/product"}],"about":[{"href":"https:\/\/www.generalkinematics.com\/es\/wp-json\/wp\/v2\/types\/product"}],"replies":[{"embeddable":true,"href":"https:\/\/www.generalkinematics.com\/es\/wp-json\/wp\/v2\/comments?post=52375"}],"wp:featuredmedia":[{"embeddable":true,"href":"https:\/\/www.generalkinematics.com\/es\/wp-json\/wp\/v2\/media\/52749"}],"wp:attachment":[{"href":"https:\/\/www.generalkinematics.com\/es\/wp-json\/wp\/v2\/media?parent=52375"}],"wp:term":[{"taxonomy":"product_brand","embeddable":true,"href":"https:\/\/www.generalkinematics.com\/es\/wp-json\/wp\/v2\/product_brand?post=52375"},{"taxonomy":"product_cat","embeddable":true,"href":"https:\/\/www.generalkinematics.com\/es\/wp-json\/wp\/v2\/product_cat?post=52375"},{"taxonomy":"product_tag","embeddable":true,"href":"https:\/\/www.generalkinematics.com\/es\/wp-json\/wp\/v2\/product_tag?post=52375"}],"curies":[{"name":"wp","href":"https:\/\/api.w.org\/{rel}","templated":true}]}}