{"id":52410,"date":"2022-08-01T11:31:07","date_gmt":"2022-08-01T16:31:07","guid":{"rendered":"https:\/\/www.generalkinematics.com\/?post_type=product&#038;p=52410"},"modified":"2024-03-14T10:00:51","modified_gmt":"2024-03-14T15:00:51","slug":"duro-deck-protection-and-wear-parts","status":"publish","type":"product","link":"https:\/\/www.generalkinematics.com\/es\/producto\/duro-deck-protection-and-wear-parts\/","title":{"rendered":"Piezas de desgaste y protecci\u00f3n DURO-DECK\u2122"},"content":{"rendered":"<div class=\"wpb-content-wrapper\"><p>[vc_row][vc_column][vc_column_text]<span style=\"font-weight: 400;\">General Kinematics ofrece un conjunto de revestimientos resistentes al desgaste para que las cribas puedan procesar materiales abrasivos como arena, rocas, lechada y m\u00e1s. Los revestimientos resistentes al desgaste pueden extender la vida \u00fatil del equipo, reducir la contaminaci\u00f3n de ruido o incluso ayudar a procesar materiales pegajosos. Seg\u00fan la aplicaci\u00f3n, los revestimientos est\u00e1n disponibles en estilo caucho, caucho reforzado en acero, poliuretano y cer\u00e1mico. Para encontrar la mejor soluci\u00f3n para su aplicaci\u00f3n, consulte con un especialista de cribado de GK hoy mismo.<\/span>[\/vc_column_text][\/vc_column][\/vc_row][vc_row css=\u00bb.vc_custom_1664246429088{margin-right: 45px !important;margin-left: 50px !important;}\u00bb][vc_column width=\u00bb1\/3&#8243;][vc_column_text]<\/p>\n<h2><span style=\"font-weight: 400;\">\u00c1reas de uso:<\/span><\/h2>\n<p><span style=\"font-weight: 400;\">Cubierta de carga, caja de rocas, revestimientos laterales, \u00e1rea de impacto<\/span>[\/vc_column_text][\/vc_column][vc_column width=\u00bb1\/3&#8243;][\/vc_column][vc_column width=\u00bb1\/3&#8243;][\/vc_column][\/vc_row][vc_row css=\u00bb.vc_custom_1664246439897{margin-right: 45px !important;margin-left: 50px !important;}\u00bb][vc_column width=\u00bb1\/3&#8243;][vc_column_text]<\/p>\n<h2><span style=\"font-weight: 400;\">Aplicaciones de desgaste:<\/span><\/h2>\n<p>[\/vc_column_text][\/vc_column][vc_column width=\u00bb1\/3&#8243;][\/vc_column][vc_column width=\u00bb1\/3&#8243;][\/vc_column][\/vc_row][vc_row css=\u00bb.vc_custom_1664246449008{margin-right: 45px !important;margin-left: 50px !important;}\u00bb][vc_column width=\u00bb1\/3&#8243;][vc_column_text]<\/p>\n<h3><strong><span style=\"color: #000000;\">Poliuretano<\/span><\/strong><\/h3>\n<ul>\n<li>Part\u00edculas finas<\/li>\n<li>Aplicaciones h\u00famedas<\/li>\n<li>Materiales adhesivos<\/li>\n<\/ul>\n<p>[\/vc_column_text][\/vc_column][vc_column width=\u00bb1\/3&#8243;][vc_column_text]<\/p>\n<h3><span style=\"color: #000000;\"><strong>Cer\u00e1micos<\/strong><\/span><\/h3>\n<ul>\n<li><span style=\"font-weight: 400;\">\u00c1reas de carga de alto impacto<\/span><\/li>\n<li><span style=\"font-weight: 400;\">Mejore la vida \u00fatil del equipo<\/span><\/li>\n<\/ul>\n<p>[\/vc_column_text][\/vc_column][vc_column width=\u00bb1\/3&#8243;][vc_column_text]<\/p>\n<h3><span style=\"color: #000000;\"><strong>Caucho <\/strong><\/span><\/h3>\n<ul>\n<li>Cribado de alto desgaste<\/li>\n<li>Aplicaciones h\u00famedas y secas<\/li>\n<\/ul>\n<p>[\/vc_column_text][\/vc_column][\/vc_row]<\/p>\n<\/div>","protected":false},"excerpt":{"rendered":"<p>El sistema de panel modular de instalaci\u00f3n f\u00e1cil de GK permite el reemplazo f\u00e1cil de \u00e1reas de alto desgaste, sin la necesidad de reemplazar la criba completa. La instalaci\u00f3n estilo pasador utiliza menos espacio, ofreciendo un \u00e1rea abierta un 15\u00a0% superior y&#8230;<\/p>\n","protected":false},"featured_media":53857,"comment_status":"closed","ping_status":"closed","template":"","meta":{"_acf_changed":false,"om_disable_all_campaigns":false,"ep_exclude_from_search":false},"product_brand":[],"product_cat":[2309],"product_tag":[],"class_list":{"0":"post-52410","1":"product","2":"type-product","3":"status-publish","4":"has-post-thumbnail","6":"product_cat-duro-deck-es","8":"first","9":"instock","10":"taxable","11":"shipping-taxable","12":"product-type-simple"},"acf":[],"yoast_head":"<!-- This site is optimized with the Yoast SEO plugin v27.2 - https:\/\/yoast.com\/product\/yoast-seo-wordpress\/ -->\n<title>Piezas de desgaste y protecci\u00f3n DURO-DECK\u2122<\/title>\n<meta name=\"description\" content=\"El sistema de panel modular de instalaci\u00f3n f\u00e1cil de GK permite el reemplazo f\u00e1cil de \u00e1reas de alto desgaste, sin la necesidad de reemplazar la criba completa.\" \/>\n<meta name=\"robots\" content=\"index, follow, max-snippet:-1, max-image-preview:large, max-video-preview:-1\" \/>\n<link rel=\"canonical\" href=\"https:\/\/www.generalkinematics.com\/es\/producto\/duro-deck-protection-and-wear-parts\/\" \/>\n<meta property=\"og:locale\" content=\"es_ES\" \/>\n<meta property=\"og:type\" content=\"article\" \/>\n<meta property=\"og:title\" content=\"Piezas de desgaste y protecci\u00f3n DURO-DECK\u2122\" \/>\n<meta property=\"og:description\" content=\"El sistema de panel modular de instalaci\u00f3n f\u00e1cil de GK permite el reemplazo f\u00e1cil de \u00e1reas de alto desgaste, sin la necesidad de reemplazar la criba completa.\" \/>\n<meta property=\"og:url\" content=\"https:\/\/www.generalkinematics.com\/es\/producto\/duro-deck-protection-and-wear-parts\/\" \/>\n<meta property=\"og:site_name\" content=\"General Kinematics\" \/>\n<meta property=\"article:publisher\" content=\"https:\/\/www.facebook.com\/generalkinematics\" \/>\n<meta property=\"article:modified_time\" content=\"2024-03-14T15:00:51+00:00\" \/>\n<meta property=\"og:image\" content=\"https:\/\/media.generalkinematics.com\/wp-content\/uploads\/2024\/02\/DSC_8519-scaled-e1708031661189.jpg\" \/>\n\t<meta property=\"og:image:width\" content=\"1500\" \/>\n\t<meta property=\"og:image:height\" content=\"998\" \/>\n\t<meta property=\"og:image:type\" content=\"image\/jpeg\" \/>\n<meta name=\"twitter:card\" content=\"summary_large_image\" \/>\n<meta name=\"twitter:site\" content=\"@gkvibrating\" \/>\n<meta name=\"twitter:label1\" content=\"Tiempo de lectura\" \/>\n\t<meta name=\"twitter:data1\" content=\"1 minuto\" \/>\n<!-- \/ Yoast SEO plugin. -->","yoast_head_json":{"title":"Piezas de desgaste y protecci\u00f3n DURO-DECK\u2122","description":"El sistema de panel modular de instalaci\u00f3n f\u00e1cil de GK permite el reemplazo f\u00e1cil de \u00e1reas de alto desgaste, sin la necesidad de reemplazar la criba completa.","robots":{"index":"index","follow":"follow","max-snippet":"max-snippet:-1","max-image-preview":"max-image-preview:large","max-video-preview":"max-video-preview:-1"},"canonical":"https:\/\/www.generalkinematics.com\/es\/producto\/duro-deck-protection-and-wear-parts\/","og_locale":"es_ES","og_type":"article","og_title":"Piezas de desgaste y protecci\u00f3n DURO-DECK\u2122","og_description":"El sistema de panel modular de instalaci\u00f3n f\u00e1cil de GK permite el reemplazo f\u00e1cil de \u00e1reas de alto desgaste, sin la necesidad de reemplazar la criba completa.","og_url":"https:\/\/www.generalkinematics.com\/es\/producto\/duro-deck-protection-and-wear-parts\/","og_site_name":"General Kinematics","article_publisher":"https:\/\/www.facebook.com\/generalkinematics","article_modified_time":"2024-03-14T15:00:51+00:00","og_image":[{"width":1500,"height":998,"url":"https:\/\/media.generalkinematics.com\/wp-content\/uploads\/2024\/02\/DSC_8519-scaled-e1708031661189.jpg","type":"image\/jpeg"}],"twitter_card":"summary_large_image","twitter_site":"@gkvibrating","twitter_misc":{"Tiempo de lectura":"1 minuto"},"schema":{"@context":"https:\/\/schema.org","@graph":[{"@type":"WebPage","@id":"https:\/\/www.generalkinematics.com\/es\/producto\/duro-deck-protection-and-wear-parts\/","url":"https:\/\/www.generalkinematics.com\/es\/producto\/duro-deck-protection-and-wear-parts\/","name":"Piezas de desgaste y protecci\u00f3n DURO-DECK\u2122","isPartOf":{"@id":"https:\/\/www.generalkinematics.com\/es\/#website"},"primaryImageOfPage":{"@id":"https:\/\/www.generalkinematics.com\/es\/producto\/duro-deck-protection-and-wear-parts\/#primaryimage"},"image":{"@id":"https:\/\/www.generalkinematics.com\/es\/producto\/duro-deck-protection-and-wear-parts\/#primaryimage"},"thumbnailUrl":"https:\/\/media.generalkinematics.com\/wp-content\/uploads\/2024\/02\/DSC_8519-scaled-e1708031661189.jpg","datePublished":"2022-08-01T16:31:07+00:00","dateModified":"2024-03-14T15:00:51+00:00","description":"El sistema de panel modular de instalaci\u00f3n f\u00e1cil de GK permite el reemplazo f\u00e1cil de \u00e1reas de alto desgaste, sin la necesidad de reemplazar la criba completa.","breadcrumb":{"@id":"https:\/\/www.generalkinematics.com\/es\/producto\/duro-deck-protection-and-wear-parts\/#breadcrumb"},"inLanguage":"es","potentialAction":[{"@type":"ReadAction","target":["https:\/\/www.generalkinematics.com\/es\/producto\/duro-deck-protection-and-wear-parts\/"]}]},{"@type":"ImageObject","inLanguage":"es","@id":"https:\/\/www.generalkinematics.com\/es\/producto\/duro-deck-protection-and-wear-parts\/#primaryimage","url":"https:\/\/media.generalkinematics.com\/wp-content\/uploads\/2024\/02\/DSC_8519-scaled-e1708031661189.jpg","contentUrl":"https:\/\/media.generalkinematics.com\/wp-content\/uploads\/2024\/02\/DSC_8519-scaled-e1708031661189.jpg","width":1500,"height":998},{"@type":"BreadcrumbList","@id":"https:\/\/www.generalkinematics.com\/es\/producto\/duro-deck-protection-and-wear-parts\/#breadcrumb","itemListElement":[{"@type":"ListItem","position":1,"name":"GK Home","item":"https:\/\/www.generalkinematics.com\/es\/"},{"@type":"ListItem","position":2,"name":"Shop","item":"https:\/\/www.generalkinematics.com\/shop\/"},{"@type":"ListItem","position":3,"name":"Piezas de desgaste y protecci\u00f3n DURO-DECK\u2122"}]},{"@type":"WebSite","@id":"https:\/\/www.generalkinematics.com\/es\/#website","url":"https:\/\/www.generalkinematics.com\/es\/","name":"General Kinematics","description":"","publisher":{"@id":"https:\/\/www.generalkinematics.com\/es\/#organization"},"potentialAction":[{"@type":"SearchAction","target":{"@type":"EntryPoint","urlTemplate":"https:\/\/www.generalkinematics.com\/es\/?s={search_term_string}"},"query-input":{"@type":"PropertyValueSpecification","valueRequired":true,"valueName":"search_term_string"}}],"inLanguage":"es"},{"@type":"Organization","@id":"https:\/\/www.generalkinematics.com\/es\/#organization","name":"General Kinematics","url":"https:\/\/www.generalkinematics.com\/es\/","logo":{"@type":"ImageObject","inLanguage":"es","@id":"https:\/\/www.generalkinematics.com\/es\/#\/schema\/logo\/image\/","url":"https:\/\/media.generalkinematics.com\/wp-content\/uploads\/2018\/03\/logo.png","contentUrl":"https:\/\/media.generalkinematics.com\/wp-content\/uploads\/2018\/03\/logo.png","width":313,"height":100,"caption":"General Kinematics"},"image":{"@id":"https:\/\/www.generalkinematics.com\/es\/#\/schema\/logo\/image\/"},"sameAs":["https:\/\/www.facebook.com\/generalkinematics","https:\/\/x.com\/gkvibrating"]}]}},"_links":{"self":[{"href":"https:\/\/www.generalkinematics.com\/es\/wp-json\/wp\/v2\/product\/52410","targetHints":{"allow":["GET"]}}],"collection":[{"href":"https:\/\/www.generalkinematics.com\/es\/wp-json\/wp\/v2\/product"}],"about":[{"href":"https:\/\/www.generalkinematics.com\/es\/wp-json\/wp\/v2\/types\/product"}],"replies":[{"embeddable":true,"href":"https:\/\/www.generalkinematics.com\/es\/wp-json\/wp\/v2\/comments?post=52410"}],"wp:featuredmedia":[{"embeddable":true,"href":"https:\/\/www.generalkinematics.com\/es\/wp-json\/wp\/v2\/media\/53857"}],"wp:attachment":[{"href":"https:\/\/www.generalkinematics.com\/es\/wp-json\/wp\/v2\/media?parent=52410"}],"wp:term":[{"taxonomy":"product_brand","embeddable":true,"href":"https:\/\/www.generalkinematics.com\/es\/wp-json\/wp\/v2\/product_brand?post=52410"},{"taxonomy":"product_cat","embeddable":true,"href":"https:\/\/www.generalkinematics.com\/es\/wp-json\/wp\/v2\/product_cat?post=52410"},{"taxonomy":"product_tag","embeddable":true,"href":"https:\/\/www.generalkinematics.com\/es\/wp-json\/wp\/v2\/product_tag?post=52410"}],"curies":[{"name":"wp","href":"https:\/\/api.w.org\/{rel}","templated":true}]}}