{"id":52477,"date":"2022-08-09T15:20:37","date_gmt":"2022-08-09T20:20:37","guid":{"rendered":"https:\/\/www.generalkinematics.com\/?post_type=product&#038;p=52477"},"modified":"2024-03-14T10:12:44","modified_gmt":"2024-03-14T15:12:44","slug":"duro-deck-snap-installation","status":"publish","type":"product","link":"https:\/\/www.generalkinematics.com\/es\/producto\/duro-deck-snap-installation\/","title":{"rendered":"Instalaci\u00f3n estilo a presi\u00f3n DURO-DECK\u2122"},"content":{"rendered":"<div class=\"wpb-content-wrapper\"><p>[vc_row][vc_column][vc_column_text]<span style=\"font-weight: 400;\">El elemento de cribado estilo a presi\u00f3n ofrece una instalaci\u00f3n f\u00e1cil y r\u00e1pida, sin la necesidad de piezas o herramientas adicionales. El sistema de panel modular de GK permite el reemplazo f\u00e1cil de \u00e1reas de alto desgaste, sin la necesidad de reemplazar la cubierta de la criba completa. El elemento de cribado estilo a presi\u00f3n est\u00e1 disponible en caucho y poliuretano para adaptarse a su aplicaci\u00f3n. Altamente personalizables, los paneles de cribado moldeados a inyecci\u00f3n permiten una mayor flexibilidad del dise\u00f1o de apertura para ofrecer el mejor cribado para su material. <\/span><\/p>\n<h2><span style=\"font-weight: 400;\">Caracter\u00edsticas:<\/span><\/h2>\n<ul>\n<li style=\"font-weight: 400;\" aria-level=\"1\"><span style=\"font-weight: 400;\">Se requieren menos componentes para su instalaci\u00f3n, lo que ofrece una soluci\u00f3n m\u00e1s rentable.<\/span><\/li>\n<li style=\"font-weight: 400;\" aria-level=\"1\"><span style=\"font-weight: 400;\">El sistema modular le permite reemplazar solo las \u00e1reas de desgaste cuando es necesario.<\/span><\/li>\n<li style=\"font-weight: 400;\" aria-level=\"1\"><span style=\"font-weight: 400;\">Mantenimiento f\u00e1cil. No se requieren herramientas ni piezas adicionales para reemplazar los paneles. <\/span><\/li>\n<li style=\"font-weight: 400;\" aria-level=\"1\"><span style=\"font-weight: 400;\">Altamente personalizable. <\/span><\/li>\n<\/ul>\n<p>[\/vc_column_text][\/vc_column][\/vc_row]<\/p>\n<\/div>","protected":false},"excerpt":{"rendered":"<p>El sistema de panel modular de instalaci\u00f3n f\u00e1cil de GK permite el reemplazo f\u00e1cil de \u00e1reas de alto desgaste, sin la necesidad de reemplazar la criba completa. La instalaci\u00f3n estilo pasador utiliza menos espacio, ofreciendo un \u00e1rea abierta un 15\u00a0% superior y&#8230;<\/p>\n","protected":false},"featured_media":52750,"comment_status":"closed","ping_status":"closed","template":"","meta":{"_acf_changed":false,"om_disable_all_campaigns":false,"ep_exclude_from_search":false},"product_brand":[],"product_cat":[2309,1818],"product_tag":[],"class_list":{"0":"post-52477","1":"product","2":"type-product","3":"status-publish","4":"has-post-thumbnail","6":"product_cat-duro-deck-es","7":"product_cat-gkparts-com-es","9":"first","10":"instock","11":"taxable","12":"shipping-taxable","13":"product-type-simple"},"acf":[],"yoast_head":"<!-- This site is optimized with the Yoast SEO plugin v27.2 - https:\/\/yoast.com\/product\/yoast-seo-wordpress\/ -->\n<title>ELEMENTOS DE CRIBADO DURO-DECK\u2122<\/title>\n<meta name=\"description\" content=\"El sistema de panel modular de instalaci\u00f3n f\u00e1cil de GK permite el reemplazo f\u00e1cil de \u00e1reas de alto desgaste, sin la necesidad de reemplazar la criba completa.\" \/>\n<meta name=\"robots\" content=\"index, follow, max-snippet:-1, max-image-preview:large, max-video-preview:-1\" \/>\n<link rel=\"canonical\" href=\"https:\/\/www.generalkinematics.com\/es\/producto\/duro-deck-snap-installation\/\" \/>\n<meta property=\"og:locale\" content=\"es_ES\" \/>\n<meta property=\"og:type\" content=\"article\" \/>\n<meta property=\"og:title\" content=\"ELEMENTOS DE CRIBADO DURO-DECK\u2122\" \/>\n<meta property=\"og:description\" content=\"El sistema de panel modular de instalaci\u00f3n f\u00e1cil de GK permite el reemplazo f\u00e1cil de \u00e1reas de alto desgaste, sin la necesidad de reemplazar la criba completa.\" \/>\n<meta property=\"og:url\" content=\"https:\/\/www.generalkinematics.com\/es\/producto\/duro-deck-snap-installation\/\" \/>\n<meta property=\"og:site_name\" content=\"General Kinematics\" \/>\n<meta property=\"article:publisher\" content=\"https:\/\/www.facebook.com\/generalkinematics\" \/>\n<meta property=\"article:modified_time\" content=\"2024-03-14T15:12:44+00:00\" \/>\n<meta property=\"og:image\" content=\"https:\/\/media.generalkinematics.com\/wp-content\/uploads\/2022\/07\/rocks-on-thin-opening-deck.jpg\" \/>\n\t<meta property=\"og:image:width\" content=\"1920\" \/>\n\t<meta property=\"og:image:height\" content=\"1277\" \/>\n\t<meta property=\"og:image:type\" content=\"image\/jpeg\" \/>\n<meta name=\"twitter:card\" content=\"summary_large_image\" \/>\n<meta name=\"twitter:site\" content=\"@gkvibrating\" \/>\n<meta name=\"twitter:label1\" content=\"Tiempo de lectura\" \/>\n\t<meta name=\"twitter:data1\" content=\"1 minuto\" \/>\n<!-- \/ Yoast SEO plugin. -->","yoast_head_json":{"title":"ELEMENTOS DE CRIBADO DURO-DECK\u2122","description":"El sistema de panel modular de instalaci\u00f3n f\u00e1cil de GK permite el reemplazo f\u00e1cil de \u00e1reas de alto desgaste, sin la necesidad de reemplazar la criba completa.","robots":{"index":"index","follow":"follow","max-snippet":"max-snippet:-1","max-image-preview":"max-image-preview:large","max-video-preview":"max-video-preview:-1"},"canonical":"https:\/\/www.generalkinematics.com\/es\/producto\/duro-deck-snap-installation\/","og_locale":"es_ES","og_type":"article","og_title":"ELEMENTOS DE CRIBADO DURO-DECK\u2122","og_description":"El sistema de panel modular de instalaci\u00f3n f\u00e1cil de GK permite el reemplazo f\u00e1cil de \u00e1reas de alto desgaste, sin la necesidad de reemplazar la criba completa.","og_url":"https:\/\/www.generalkinematics.com\/es\/producto\/duro-deck-snap-installation\/","og_site_name":"General Kinematics","article_publisher":"https:\/\/www.facebook.com\/generalkinematics","article_modified_time":"2024-03-14T15:12:44+00:00","og_image":[{"width":1920,"height":1277,"url":"https:\/\/media.generalkinematics.com\/wp-content\/uploads\/2022\/07\/rocks-on-thin-opening-deck.jpg","type":"image\/jpeg"}],"twitter_card":"summary_large_image","twitter_site":"@gkvibrating","twitter_misc":{"Tiempo de lectura":"1 minuto"},"schema":{"@context":"https:\/\/schema.org","@graph":[{"@type":"WebPage","@id":"https:\/\/www.generalkinematics.com\/es\/producto\/duro-deck-snap-installation\/","url":"https:\/\/www.generalkinematics.com\/es\/producto\/duro-deck-snap-installation\/","name":"ELEMENTOS DE CRIBADO DURO-DECK\u2122","isPartOf":{"@id":"https:\/\/www.generalkinematics.com\/es\/#website"},"primaryImageOfPage":{"@id":"https:\/\/www.generalkinematics.com\/es\/producto\/duro-deck-snap-installation\/#primaryimage"},"image":{"@id":"https:\/\/www.generalkinematics.com\/es\/producto\/duro-deck-snap-installation\/#primaryimage"},"thumbnailUrl":"https:\/\/media.generalkinematics.com\/wp-content\/uploads\/2022\/07\/rocks-on-thin-opening-deck.jpg","datePublished":"2022-08-09T20:20:37+00:00","dateModified":"2024-03-14T15:12:44+00:00","description":"El sistema de panel modular de instalaci\u00f3n f\u00e1cil de GK permite el reemplazo f\u00e1cil de \u00e1reas de alto desgaste, sin la necesidad de reemplazar la criba completa.","breadcrumb":{"@id":"https:\/\/www.generalkinematics.com\/es\/producto\/duro-deck-snap-installation\/#breadcrumb"},"inLanguage":"es","potentialAction":[{"@type":"ReadAction","target":["https:\/\/www.generalkinematics.com\/es\/producto\/duro-deck-snap-installation\/"]}]},{"@type":"ImageObject","inLanguage":"es","@id":"https:\/\/www.generalkinematics.com\/es\/producto\/duro-deck-snap-installation\/#primaryimage","url":"https:\/\/media.generalkinematics.com\/wp-content\/uploads\/2022\/07\/rocks-on-thin-opening-deck.jpg","contentUrl":"https:\/\/media.generalkinematics.com\/wp-content\/uploads\/2022\/07\/rocks-on-thin-opening-deck.jpg","width":1920,"height":1277},{"@type":"BreadcrumbList","@id":"https:\/\/www.generalkinematics.com\/es\/producto\/duro-deck-snap-installation\/#breadcrumb","itemListElement":[{"@type":"ListItem","position":1,"name":"GK Home","item":"https:\/\/www.generalkinematics.com\/es\/"},{"@type":"ListItem","position":2,"name":"Shop","item":"https:\/\/www.generalkinematics.com\/shop\/"},{"@type":"ListItem","position":3,"name":"Instalaci\u00f3n estilo a presi\u00f3n DURO-DECK\u2122"}]},{"@type":"WebSite","@id":"https:\/\/www.generalkinematics.com\/es\/#website","url":"https:\/\/www.generalkinematics.com\/es\/","name":"General Kinematics","description":"","publisher":{"@id":"https:\/\/www.generalkinematics.com\/es\/#organization"},"potentialAction":[{"@type":"SearchAction","target":{"@type":"EntryPoint","urlTemplate":"https:\/\/www.generalkinematics.com\/es\/?s={search_term_string}"},"query-input":{"@type":"PropertyValueSpecification","valueRequired":true,"valueName":"search_term_string"}}],"inLanguage":"es"},{"@type":"Organization","@id":"https:\/\/www.generalkinematics.com\/es\/#organization","name":"General Kinematics","url":"https:\/\/www.generalkinematics.com\/es\/","logo":{"@type":"ImageObject","inLanguage":"es","@id":"https:\/\/www.generalkinematics.com\/es\/#\/schema\/logo\/image\/","url":"https:\/\/media.generalkinematics.com\/wp-content\/uploads\/2018\/03\/logo.png","contentUrl":"https:\/\/media.generalkinematics.com\/wp-content\/uploads\/2018\/03\/logo.png","width":313,"height":100,"caption":"General Kinematics"},"image":{"@id":"https:\/\/www.generalkinematics.com\/es\/#\/schema\/logo\/image\/"},"sameAs":["https:\/\/www.facebook.com\/generalkinematics","https:\/\/x.com\/gkvibrating"]}]}},"_links":{"self":[{"href":"https:\/\/www.generalkinematics.com\/es\/wp-json\/wp\/v2\/product\/52477","targetHints":{"allow":["GET"]}}],"collection":[{"href":"https:\/\/www.generalkinematics.com\/es\/wp-json\/wp\/v2\/product"}],"about":[{"href":"https:\/\/www.generalkinematics.com\/es\/wp-json\/wp\/v2\/types\/product"}],"replies":[{"embeddable":true,"href":"https:\/\/www.generalkinematics.com\/es\/wp-json\/wp\/v2\/comments?post=52477"}],"wp:featuredmedia":[{"embeddable":true,"href":"https:\/\/www.generalkinematics.com\/es\/wp-json\/wp\/v2\/media\/52750"}],"wp:attachment":[{"href":"https:\/\/www.generalkinematics.com\/es\/wp-json\/wp\/v2\/media?parent=52477"}],"wp:term":[{"taxonomy":"product_brand","embeddable":true,"href":"https:\/\/www.generalkinematics.com\/es\/wp-json\/wp\/v2\/product_brand?post=52477"},{"taxonomy":"product_cat","embeddable":true,"href":"https:\/\/www.generalkinematics.com\/es\/wp-json\/wp\/v2\/product_cat?post=52477"},{"taxonomy":"product_tag","embeddable":true,"href":"https:\/\/www.generalkinematics.com\/es\/wp-json\/wp\/v2\/product_tag?post=52477"}],"curies":[{"name":"wp","href":"https:\/\/api.w.org\/{rel}","templated":true}]}}